{"id":16141,"date":"2025-07-15T09:36:09","date_gmt":"2025-07-15T07:36:09","guid":{"rendered":"https:\/\/molgasenergy.com\/?page_id=16141"},"modified":"2025-07-15T09:43:59","modified_gmt":"2025-07-15T07:43:59","slug":"privacidade-app","status":"publish","type":"page","link":"https:\/\/molgasenergy.com\/pt\/privacidade-app\/","title":{"rendered":"Privacidade-app"},"content":{"rendered":"\t\t<div data-elementor-type=\"wp-page\" data-elementor-id=\"16141\" class=\"elementor elementor-16141 elementor-16137\" data-elementor-post-type=\"page\">\n\t\t\t\t<div class=\"elementor-element elementor-element-220240f e-flex e-con-boxed e-con e-parent\" data-id=\"220240f\" data-element_type=\"container\" data-e-type=\"container\">\n\t\t\t\t\t<div class=\"e-con-inner\">\n\t\t\t\t<div class=\"elementor-element elementor-element-0bfefb2 elementor-widget elementor-widget-heading\" data-id=\"0bfefb2\" data-element_type=\"widget\" data-e-type=\"widget\" data-widget_type=\"heading.default\">\n\t\t\t\t<div class=\"elementor-widget-container\">\n\t\t\t\t\t<h2 class=\"elementor-heading-title elementor-size-default\">Privacidade para o app<\/h2>\t\t\t\t<\/div>\n\t\t\t\t<\/div>\n\t\t\t\t<div class=\"elementor-element elementor-element-3a92a9d elementor-widget elementor-widget-text-editor\" data-id=\"3a92a9d\" data-element_type=\"widget\" data-e-type=\"widget\" data-widget_type=\"text-editor.default\">\n\t\t\t\t<div class=\"elementor-widget-container\">\n\t\t\t\t\t\t\t\t\t<p><strong>Pol\u00edtica de Privacidade da Aplica\u00e7\u00e3o MOLGAS ENERG\u00cdA S.A.U.<\/strong><\/p><p><strong>1. Controlador de Dados<\/strong><br \/>O respons\u00e1vel pelo tratamento dos seus dados pessoais \u00e9 a MOLGAS ENERG\u00cdA S.A.U., com sede social em [endere\u00e7o da empresa] e endere\u00e7o de e-mail de contacto: <a href=\"mailto:rgpd.mlg@molgas.es\">rgpd.mlg@molgas.es<\/a>.<\/p><p><strong>2. Finalidade do Tratamento<\/strong><br \/>Os dados pessoais que recolhemos atrav\u00e9s desta aplica\u00e7\u00e3o s\u00e3o utilizados para:<\/p><ul><li>Visualizar a Molgas e\/ou esta\u00e7\u00f5es associadas no mapa.<\/li><li>Permitir a navega\u00e7\u00e3o para estas esta\u00e7\u00f5es utilizando o Google Maps ou o Waze.<\/li><li>Exibir esta\u00e7\u00f5es numa rota definida pelo utilizador.<\/li><li>Ordenar as esta\u00e7\u00f5es por proximidade.<\/li><li>Ver detalhes da esta\u00e7\u00e3o (fotos, servi\u00e7os dispon\u00edveis, estado operacional).<\/li><li>Informar sobre o estado das esta\u00e7\u00f5es (dispon\u00edveis, em manuten\u00e7\u00e3o, fora de servi\u00e7o).<\/li><li>Recolher feedback sobre a satisfa\u00e7\u00e3o com o servi\u00e7o.<\/li><li>Gerir altera\u00e7\u00f5es de senha do utilizador.<\/li><\/ul><p><strong>3. Base Legal<\/strong><br \/>A base legal para o tratamento dos seus dados \u00e9 a execu\u00e7\u00e3o do contrato entre o utilizador e a MOLGAS ENERG\u00cdA S.A.U., decorrente da utiliza\u00e7\u00e3o da aplica\u00e7\u00e3o.<\/p><p><strong>4. Reten\u00e7\u00e3o de Dados<\/strong><br \/>Os seus dados ser\u00e3o conservados durante o tempo necess\u00e1rio para cumprir as finalidades acima referidas e para fazer face a potenciais responsabilidades legais.<\/p><p><strong>5. Destinat\u00e1rios dos Dados<\/strong><br \/>Os seus dados pessoais n\u00e3o ser\u00e3o transferidos para terceiros, exceto por obriga\u00e7\u00e3o legal.<\/p><p><strong>6. Transfer\u00eancias Internacionais<\/strong><br \/>A aplica\u00e7\u00e3o pode interagir com servi\u00e7os prestados pela Google LLC e pela Apple Inc., empresas que aderem ao Quadro de Prote\u00e7\u00e3o de Dados UE-EUA, que garante um n\u00edvel de prote\u00e7\u00e3o adequado em conformidade com o RGPD. N\u00e3o est\u00e3o previstas outras transfer\u00eancias internacionais de dados.<\/p><p><strong>7.\u00ba Direitos<\/strong><br \/>Pode exercer os seus direitos de:<\/p><ul><li>Acesso<\/li><li>Retifica\u00e7\u00e3o<\/li><li>Elimina\u00e7\u00e3o<\/li><li>Obje\u00e7\u00e3o<\/li><li>Restri\u00e7\u00e3o de processamento<\/li><li>Portabilidade<\/li><\/ul><p>Para isso, pode escrever para:<br \/>\ud83d\udce7 <a href=\"mailto:rgpd.mlg@molgas.es\">rgpd.mlg@molgas.es<\/a><br \/>\ud83d\udce7 <a href=\"mailto:delegadoRGPD@molgas.es\">delegadoRGPD@molgas.es<\/a><\/p><p>Ou pode contactar a Ag\u00eancia Espanhola de <a href=\"https:\/\/sedeagpd.gob.es\/sede-electronica-web\/\" target=\"_blank\" rel=\"noopener\">Prote\u00e7\u00e3o de Dados (AEPD) atrav\u00e9s do gabinete eletr\u00f3nico da AEPD<\/a>.<\/p><p><strong>8. Informa\u00e7\u00f5es Adicionais<\/strong><br \/>Pode encontrar informa\u00e7\u00f5es adicionais e detalhadas sobre a prote\u00e7\u00e3o geral de dados na nossa Pol\u00edtica de Privacidade completa (link para a p\u00e1gina no website geral da Molgas).<\/p>\t\t\t\t\t\t\t\t<\/div>\n\t\t\t\t<\/div>\n\t\t\t\t\t<\/div>\n\t\t\t\t<\/div>\n\t\t\t\t<\/div>\n\t\t","protected":false},"excerpt":{"rendered":"<p>Privacidade para o app Pol\u00edtica de Privacidade da Aplica\u00e7\u00e3o MOLGAS ENERG\u00cdA S.A.U. 1. Controlador de DadosO respons\u00e1vel pelo tratamento dos [&hellip;]<\/p>\n","protected":false},"author":1,"featured_media":0,"parent":0,"menu_order":0,"comment_status":"closed","ping_status":"closed","template":"","meta":{"_acf_changed":false,"site-sidebar-layout":"no-sidebar","site-content-layout":"","ast-site-content-layout":"full-width-container","site-content-style":"default","site-sidebar-style":"default","ast-global-header-display":"","ast-banner-title-visibility":"","ast-main-header-display":"","ast-hfb-above-header-display":"","ast-hfb-below-header-display":"","ast-hfb-mobile-header-display":"","site-post-title":"disabled","ast-breadcrumbs-content":"","ast-featured-img":"disabled","footer-sml-layout":"","ast-disable-related-posts":"","theme-transparent-header-meta":"","adv-header-id-meta":"","stick-header-meta":"","header-above-stick-meta":"","header-main-stick-meta":"","header-below-stick-meta":"","astra-migrate-meta-layouts":"default","ast-page-background-enabled":"default","ast-page-background-meta":{"desktop":{"background-color":"var(--ast-global-color-4)","background-image":"","background-repeat":"repeat","background-position":"center center","background-size":"auto","background-attachment":"scroll","background-type":"","background-media":"","overlay-type":"","overlay-color":"","overlay-opacity":"","overlay-gradient":""},"tablet":{"background-color":"","background-image":"","background-repeat":"repeat","background-position":"center center","background-size":"auto","background-attachment":"scroll","background-type":"","background-media":"","overlay-type":"","overlay-color":"","overlay-opacity":"","overlay-gradient":""},"mobile":{"background-color":"","background-image":"","background-repeat":"repeat","background-position":"center center","background-size":"auto","background-attachment":"scroll","background-type":"","background-media":"","overlay-type":"","overlay-color":"","overlay-opacity":"","overlay-gradient":""}},"ast-content-background-meta":{"desktop":{"background-color":"var(--ast-global-color-5)","background-image":"","background-repeat":"repeat","background-position":"center center","background-size":"auto","background-attachment":"scroll","background-type":"","background-media":"","overlay-type":"","overlay-color":"","overlay-opacity":"","overlay-gradient":""},"tablet":{"background-color":"var(--ast-global-color-5)","background-image":"","background-repeat":"repeat","background-position":"center center","background-size":"auto","background-attachment":"scroll","background-type":"","background-media":"","overlay-type":"","overlay-color":"","overlay-opacity":"","overlay-gradient":""},"mobile":{"background-color":"var(--ast-global-color-5)","background-image":"","background-repeat":"repeat","background-position":"center center","background-size":"auto","background-attachment":"scroll","background-type":"","background-media":"","overlay-type":"","overlay-color":"","overlay-opacity":"","overlay-gradient":""}},"footnotes":""},"class_list":["post-16141","page","type-page","status-publish","hentry"],"acf":[],"yoast_head":"<!-- This site is optimized with the Yoast SEO plugin v27.5 - https:\/\/yoast.com\/product\/yoast-seo-wordpress\/ -->\n<title>Privacidade-app - Molgas<\/title>\n<meta name=\"robots\" content=\"index, follow, max-snippet:-1, max-image-preview:large, max-video-preview:-1\" \/>\n<link rel=\"canonical\" href=\"https:\/\/molgasenergy.com\/pt\/privacidade-app\/\" \/>\n<meta property=\"og:locale\" content=\"pt_PT\" \/>\n<meta property=\"og:type\" content=\"article\" \/>\n<meta property=\"og:title\" content=\"Privacidade-app - Molgas\" \/>\n<meta property=\"og:description\" content=\"Privacidade para o app Pol\u00edtica de Privacidade da Aplica\u00e7\u00e3o MOLGAS ENERG\u00cdA S.A.U. 1. Controlador de DadosO respons\u00e1vel pelo tratamento dos [&hellip;]\" \/>\n<meta property=\"og:url\" content=\"https:\/\/molgasenergy.com\/pt\/privacidade-app\/\" \/>\n<meta property=\"og:site_name\" content=\"Molgas\" \/>\n<meta property=\"article:modified_time\" content=\"2025-07-15T07:43:59+00:00\" \/>\n<meta name=\"twitter:card\" content=\"summary_large_image\" \/>\n<meta name=\"twitter:label1\" content=\"Tempo estimado de leitura\" \/>\n\t<meta name=\"twitter:data1\" content=\"2 minutos\" \/>\n<script type=\"application\/ld+json\" class=\"yoast-schema-graph\">{\"@context\":\"https:\\\/\\\/schema.org\",\"@graph\":[{\"@type\":\"WebPage\",\"@id\":\"https:\\\/\\\/molgasenergy.com\\\/pt\\\/privacidade-app\\\/\",\"url\":\"https:\\\/\\\/molgasenergy.com\\\/pt\\\/privacidade-app\\\/\",\"name\":\"Privacidade-app - Molgas\",\"isPartOf\":{\"@id\":\"https:\\\/\\\/molgasenergy.com\\\/pt\\\/#website\"},\"datePublished\":\"2025-07-15T07:36:09+00:00\",\"dateModified\":\"2025-07-15T07:43:59+00:00\",\"breadcrumb\":{\"@id\":\"https:\\\/\\\/molgasenergy.com\\\/pt\\\/privacidade-app\\\/#breadcrumb\"},\"inLanguage\":\"pt-PT\",\"potentialAction\":[{\"@type\":\"ReadAction\",\"target\":[\"https:\\\/\\\/molgasenergy.com\\\/pt\\\/privacidade-app\\\/\"]}]},{\"@type\":\"BreadcrumbList\",\"@id\":\"https:\\\/\\\/molgasenergy.com\\\/pt\\\/privacidade-app\\\/#breadcrumb\",\"itemListElement\":[{\"@type\":\"ListItem\",\"position\":1,\"name\":\"Home\",\"item\":\"https:\\\/\\\/molgasenergy.com\\\/pt\\\/\"},{\"@type\":\"ListItem\",\"position\":2,\"name\":\"Privacidade-app\"}]},{\"@type\":\"WebSite\",\"@id\":\"https:\\\/\\\/molgasenergy.com\\\/pt\\\/#website\",\"url\":\"https:\\\/\\\/molgasenergy.com\\\/pt\\\/\",\"name\":\"Molgas\",\"description\":\"Molgas\",\"publisher\":{\"@id\":\"https:\\\/\\\/molgasenergy.com\\\/pt\\\/#organization\"},\"potentialAction\":[{\"@type\":\"SearchAction\",\"target\":{\"@type\":\"EntryPoint\",\"urlTemplate\":\"https:\\\/\\\/molgasenergy.com\\\/pt\\\/?s={search_term_string}\"},\"query-input\":{\"@type\":\"PropertyValueSpecification\",\"valueRequired\":true,\"valueName\":\"search_term_string\"}}],\"inLanguage\":\"pt-PT\"},{\"@type\":\"Organization\",\"@id\":\"https:\\\/\\\/molgasenergy.com\\\/pt\\\/#organization\",\"name\":\"Molgas\",\"url\":\"https:\\\/\\\/molgasenergy.com\\\/pt\\\/\",\"logo\":{\"@type\":\"ImageObject\",\"inLanguage\":\"pt-PT\",\"@id\":\"https:\\\/\\\/molgasenergy.com\\\/pt\\\/#\\\/schema\\\/logo\\\/image\\\/\",\"url\":\"https:\\\/\\\/molgasenergy.com\\\/wp-content\\\/uploads\\\/2025\\\/09\\\/LOGO-MOLGAS-PRIMARY.webp\",\"contentUrl\":\"https:\\\/\\\/molgasenergy.com\\\/wp-content\\\/uploads\\\/2025\\\/09\\\/LOGO-MOLGAS-PRIMARY.webp\",\"width\":1490,\"height\":627,\"caption\":\"Molgas\"},\"image\":{\"@id\":\"https:\\\/\\\/molgasenergy.com\\\/pt\\\/#\\\/schema\\\/logo\\\/image\\\/\"}}]}<\/script>\n<!-- \/ Yoast SEO plugin. -->","yoast_head_json":{"title":"Privacidade-app - Molgas","robots":{"index":"index","follow":"follow","max-snippet":"max-snippet:-1","max-image-preview":"max-image-preview:large","max-video-preview":"max-video-preview:-1"},"canonical":"https:\/\/molgasenergy.com\/pt\/privacidade-app\/","og_locale":"pt_PT","og_type":"article","og_title":"Privacidade-app - Molgas","og_description":"Privacidade para o app Pol\u00edtica de Privacidade da Aplica\u00e7\u00e3o MOLGAS ENERG\u00cdA S.A.U. 1. Controlador de DadosO respons\u00e1vel pelo tratamento dos [&hellip;]","og_url":"https:\/\/molgasenergy.com\/pt\/privacidade-app\/","og_site_name":"Molgas","article_modified_time":"2025-07-15T07:43:59+00:00","twitter_card":"summary_large_image","twitter_misc":{"Tempo estimado de leitura":"2 minutos"},"schema":{"@context":"https:\/\/schema.org","@graph":[{"@type":"WebPage","@id":"https:\/\/molgasenergy.com\/pt\/privacidade-app\/","url":"https:\/\/molgasenergy.com\/pt\/privacidade-app\/","name":"Privacidade-app - Molgas","isPartOf":{"@id":"https:\/\/molgasenergy.com\/pt\/#website"},"datePublished":"2025-07-15T07:36:09+00:00","dateModified":"2025-07-15T07:43:59+00:00","breadcrumb":{"@id":"https:\/\/molgasenergy.com\/pt\/privacidade-app\/#breadcrumb"},"inLanguage":"pt-PT","potentialAction":[{"@type":"ReadAction","target":["https:\/\/molgasenergy.com\/pt\/privacidade-app\/"]}]},{"@type":"BreadcrumbList","@id":"https:\/\/molgasenergy.com\/pt\/privacidade-app\/#breadcrumb","itemListElement":[{"@type":"ListItem","position":1,"name":"Home","item":"https:\/\/molgasenergy.com\/pt\/"},{"@type":"ListItem","position":2,"name":"Privacidade-app"}]},{"@type":"WebSite","@id":"https:\/\/molgasenergy.com\/pt\/#website","url":"https:\/\/molgasenergy.com\/pt\/","name":"Molgas","description":"Molgas","publisher":{"@id":"https:\/\/molgasenergy.com\/pt\/#organization"},"potentialAction":[{"@type":"SearchAction","target":{"@type":"EntryPoint","urlTemplate":"https:\/\/molgasenergy.com\/pt\/?s={search_term_string}"},"query-input":{"@type":"PropertyValueSpecification","valueRequired":true,"valueName":"search_term_string"}}],"inLanguage":"pt-PT"},{"@type":"Organization","@id":"https:\/\/molgasenergy.com\/pt\/#organization","name":"Molgas","url":"https:\/\/molgasenergy.com\/pt\/","logo":{"@type":"ImageObject","inLanguage":"pt-PT","@id":"https:\/\/molgasenergy.com\/pt\/#\/schema\/logo\/image\/","url":"https:\/\/molgasenergy.com\/wp-content\/uploads\/2025\/09\/LOGO-MOLGAS-PRIMARY.webp","contentUrl":"https:\/\/molgasenergy.com\/wp-content\/uploads\/2025\/09\/LOGO-MOLGAS-PRIMARY.webp","width":1490,"height":627,"caption":"Molgas"},"image":{"@id":"https:\/\/molgasenergy.com\/pt\/#\/schema\/logo\/image\/"}}]}},"_links":{"self":[{"href":"https:\/\/molgasenergy.com\/pt\/wp-json\/wp\/v2\/pages\/16141","targetHints":{"allow":["GET"]}}],"collection":[{"href":"https:\/\/molgasenergy.com\/pt\/wp-json\/wp\/v2\/pages"}],"about":[{"href":"https:\/\/molgasenergy.com\/pt\/wp-json\/wp\/v2\/types\/page"}],"author":[{"embeddable":true,"href":"https:\/\/molgasenergy.com\/pt\/wp-json\/wp\/v2\/users\/1"}],"replies":[{"embeddable":true,"href":"https:\/\/molgasenergy.com\/pt\/wp-json\/wp\/v2\/comments?post=16141"}],"version-history":[{"count":5,"href":"https:\/\/molgasenergy.com\/pt\/wp-json\/wp\/v2\/pages\/16141\/revisions"}],"predecessor-version":[{"id":16176,"href":"https:\/\/molgasenergy.com\/pt\/wp-json\/wp\/v2\/pages\/16141\/revisions\/16176"}],"wp:attachment":[{"href":"https:\/\/molgasenergy.com\/pt\/wp-json\/wp\/v2\/media?parent=16141"}],"curies":[{"name":"wp","href":"https:\/\/api.w.org\/{rel}","templated":true}]}}