{"id":11425,"date":"2024-11-20T00:45:30","date_gmt":"2024-11-19T23:45:30","guid":{"rendered":"https:\/\/molgasenergy.com\/politica-de-cookies\/"},"modified":"2025-04-11T04:49:44","modified_gmt":"2025-04-11T02:49:44","slug":"politica-de-cookies","status":"publish","type":"page","link":"https:\/\/molgasenergy.com\/pt\/politica-de-cookies\/","title":{"rendered":"Pol\u00edtica de cookies"},"content":{"rendered":"\t\t<div data-elementor-type=\"wp-page\" data-elementor-id=\"11425\" class=\"elementor elementor-11425 elementor-3358\" data-elementor-post-type=\"page\">\n\t\t\t\t<div class=\"elementor-element elementor-element-4c75f2b e-flex e-con-boxed e-con e-parent\" data-id=\"4c75f2b\" data-element_type=\"container\" data-e-type=\"container\">\n\t\t\t\t\t<div class=\"e-con-inner\">\n\t\t\t\t<div class=\"elementor-element elementor-element-ee8e1ed elementor-widget elementor-widget-heading\" data-id=\"ee8e1ed\" data-element_type=\"widget\" data-e-type=\"widget\" data-widget_type=\"heading.default\">\n\t\t\t\t<div class=\"elementor-widget-container\">\n\t\t\t\t\t<h2 class=\"elementor-heading-title elementor-size-default\">Pol\u00edtica de cookies<\/h2>\t\t\t\t<\/div>\n\t\t\t\t<\/div>\n\t\t\t\t<div class=\"elementor-element elementor-element-c448339 elementor-widget elementor-widget-text-editor\" data-id=\"c448339\" data-element_type=\"widget\" data-e-type=\"widget\" data-widget_type=\"text-editor.default\">\n\t\t\t\t<div class=\"elementor-widget-container\">\n\t\t\t\t\t\t\t\t\t<p>MOLGAS ENERGY, S.A.U. (doravante, \u201cMOLGAS\u201d), propriet\u00e1ria deste site, em conformidade com o Artigo 22 da Lei Espanhola de Servi\u00e7os da Sociedade da Informa\u00e7\u00e3o, informa que este site utiliza cookies. Ao aceitar a pol\u00edtica de cookies que aparecer\u00e1 atrav\u00e9s da aba correspondente, consente expressamente com o uso dos cookies que selecionar, de acordo com os termos desta Pol\u00edtica.<\/p><p><b>1.- O QUE S\u00c3O COOKIES?<\/b><\/p><p>Um cookie \u00e9 um arquivo que \u00e9 baixado para o Smartphone\/Computador\/Tablet do utilizador ao aceder a determinadas P\u00e1ginas do Site. Os cookies permitem, entre outros, armazenar e recuperar informa\u00e7\u00f5es sobre os h\u00e1bitos de navega\u00e7\u00e3o de um utilizador ou do seu equipamento e, dependendo das informa\u00e7\u00f5es que cont\u00eam e da forma como utilizam o equipamento, podem ser usados para reconhecer o utilizador. Os cookies n\u00e3o cont\u00eam nenhuma informa\u00e7\u00e3o pessoal espec\u00edfica e a maioria dos cookies \u00e9 exclu\u00edda do disco r\u00edgido ao final da sess\u00e3o do navegador (os chamados cookies de sess\u00e3o).<\/p><p><b>2.- QUE TIPOS DE COOKIES EXISTEM E PARA QUE SERVEM?<\/b><\/p><p><b>De acordo com o emissor dos cookies:<\/b><\/p><ul><li aria-level=\"1\"><b>Cookies pr\u00f3prios:<\/b> s\u00e3o gerados pelo pr\u00f3prio site, ou seja, aqueles que s\u00e3o enviados ao equipamento terminal do utilizador a partir de um computador ou dom\u00ednio gerenciado pelo pr\u00f3prio editor e a partir do qual \u00e9 fornecido o servi\u00e7o solicitado pelo utilizador.<\/li><li aria-level=\"1\"><b>Cookies de terceiros:<\/b> s\u00e3o aqueles que s\u00e3o enviados ao equipamento terminal do utilizador a partir de um computador ou dom\u00ednio que n\u00e3o \u00e9 gerido pelo emissor, mas por outra entidade que trata os dados obtidos por meio dos cookies.<\/li><\/ul><p><b>De acordo com o ciclo de vida dos cookies:<\/b><\/p><ul><li aria-level=\"1\"><b>Cookies de sess\u00e3o:<\/b> s\u00e3o cookies projetados para recolher e armazenar dados enquanto acede ao site, neste caso espec\u00edfico, e durante o tempo de acesso ao site. S\u00e3o mantidos apenas durante a sess\u00e3o e desaparecem quando a sess\u00e3o termina.<\/li><li aria-level=\"1\"><b>Cookies permanentes:<\/b> s\u00e3o cookies em que os dados continuam armazenados no terminal e podem ser acedidos e processados por um per\u00edodo definido pelo respons\u00e1vel pelo cookie, que pode variar de alguns minutos a v\u00e1rios anos.<\/li><\/ul><p><b>De acordo com a finalidade para a qual os cookies s\u00e3o utilizados:<\/b><\/p><ul><li aria-level=\"1\"><b>Cookies t\u00e9cnicos:<\/b> permitem a navega\u00e7\u00e3o pelo site e o uso das diferentes op\u00e7\u00f5es ou servi\u00e7os nele existentes, incluindo aqueles que o editor utiliza para permitir a gest\u00e3o e opera\u00e7\u00e3o do site e ativar suas fun\u00e7\u00f5es e servi\u00e7os, como controlo de tr\u00e1fego e comunica\u00e7\u00e3o de dados, identifica\u00e7\u00e3o da sess\u00e3o, acesso a determinadas \u00e1reas, registos, seguran\u00e7a, facilita\u00e7\u00e3o de funcionalidades e carregamento mais r\u00e1pido das p\u00e1ginas.<\/li><li aria-level=\"1\"><b>Cookies de funcionalidade:<\/b> s\u00e3o utilizados para melhorar o desempenho e a funcionalidade do site, mas n\u00e3o s\u00e3o essenciais para o seu uso. No entanto, sem esses cookies, certos recursos (por exemplo, v\u00eddeos) podem n\u00e3o estar dispon\u00edveis.<\/li><li aria-level=\"1\"><b>Cookies de an\u00e1lise:<\/b> permitem rastrear e analisar o comportamento do utilizador. As informa\u00e7\u00f5es recolhidas por meio desse tipo de cookies s\u00e3o usadas para medir a atividade, neste caso espec\u00edfico, por meio do site, a fim de contar o n\u00famero de visitas, conhecer a atividade dos utilizadores e fazer melhorias com base na an\u00e1lise dos dados de uso.<\/li><li aria-level=\"1\"><b>Cookies de personaliza\u00e7\u00e3o:<\/b> permitem recordar informa\u00e7\u00f5es para que o utilizador possa aceder ao servi\u00e7o com determinadas caracter\u00edsticas que podem diferenciar sua experi\u00eancia da de outros utilizadores, como o idioma, o n\u00famero de resultados a serem exibidos ao realizar uma pesquisa, a apar\u00eancia ou o conte\u00fado do servi\u00e7o dependendo do tipo de navegador pelo qual o utilizador acede ao servi\u00e7o ou da regi\u00e3o a partir da qual acede ao servi\u00e7o, entre outras funcionalidades.<\/li><li aria-level=\"1\"><b>Cookies de publicidade comportamental:<\/b> armazenam informa\u00e7\u00f5es sobre o comportamento do utilizador obtidas por meio da observa\u00e7\u00e3o cont\u00ednua dos seus h\u00e1bitos de navega\u00e7\u00e3o, permitindo desenvolver um perfil espec\u00edfico para exibir publicidade com base nesse perfil.<\/li><\/ul><p><b>3.- IDENTIFICA\u00c7\u00c3O DOS TIPOS DE COOKIES UTILIZADOS NESTE SITE<\/b><\/p><p><img fetchpriority=\"high\" decoding=\"async\" class=\"alignnone wp-image-11430 size-full\" src=\"https:\/\/molgasenergy.com\/wp-content\/uploads\/2025\/04\/Screenshot-2025-04-10-at-21-48-11-Politica-de-cookies-Molgas.webp\" alt=\"\" width=\"1230\" height=\"558\" srcset=\"https:\/\/molgasenergy.com\/wp-content\/uploads\/2025\/04\/Screenshot-2025-04-10-at-21-48-11-Politica-de-cookies-Molgas.webp 1230w, https:\/\/molgasenergy.com\/wp-content\/uploads\/2025\/04\/Screenshot-2025-04-10-at-21-48-11-Politica-de-cookies-Molgas-300x136.webp 300w, https:\/\/molgasenergy.com\/wp-content\/uploads\/2025\/04\/Screenshot-2025-04-10-at-21-48-11-Politica-de-cookies-Molgas-1024x465.webp 1024w, https:\/\/molgasenergy.com\/wp-content\/uploads\/2025\/04\/Screenshot-2025-04-10-at-21-48-11-Politica-de-cookies-Molgas-768x348.webp 768w\" sizes=\"(max-width: 1230px) 100vw, 1230px\" \/><\/p><p>Esta tabela de informa\u00e7\u00f5es ser\u00e1 atualizada o mais r\u00e1pido poss\u00edvel \u00e0 medida que os servi\u00e7os oferecidos neste site forem sendo modificados. No entanto, ocasionalmente, durante essa atualiza\u00e7\u00e3o, pode acontecer que a tabela de informa\u00e7\u00f5es n\u00e3o inclua algum cookie, tag ou outro dispositivo semelhante, embora sempre sejam dispositivos com finalidades id\u00eanticas \u00e0s listadas nesta tabela.<\/p><p><b>4.- INFORMA\u00c7\u00d5ES SOBRE COMO ACEITAR, REJEITAR OU REVOGAR O CONSENTIMENTO PARA O USO DE COOKIES<\/b><\/p><p>Pode configurar o seu navegador para rejeitar, bloquear ou, se necess\u00e1rio, excluir cookies. Da mesma forma, pode retirar a qualquer momento o consentimento previamente dado para a instala\u00e7\u00e3o de cookies por meio da aba de aceita\u00e7\u00e3o de cookies.<\/p><p>A seguir, indicamos as instru\u00e7\u00f5es sobre como desativar, desabilitar ou bloquear cookies nos diferentes navegadores da web:<\/p><p><b>(i) Microsoft Edge<\/b><\/p><ol><li aria-level=\"1\">No menu de &#8220;Configura\u00e7\u00f5es&#8221;.<\/li><li aria-level=\"1\">Clique na aba &#8220;Cookies e permiss\u00f5es de site&#8221;.<\/li><li aria-level=\"1\">Pode configurar cookies e dados armazenados em &#8220;Gerenciar e excluir cookies e dados do site&#8221;.<\/li><\/ol><p><b>(ii) Mozilla Firefox<\/b><\/p><ol><li aria-level=\"1\">No topo da janela do Firefox, clique no menu Ferramentas.<\/li><li aria-level=\"1\">Selecione &#8220;Op\u00e7\u00f5es&#8221;.<\/li><li aria-level=\"1\">Selecione o painel de Privacidade.<\/li><li aria-level=\"1\">Na op\u00e7\u00e3o Firefox, pode escolher &#8220;Usar configura\u00e7\u00f5es personalizadas para hist\u00f3rico&#8221;, bem como outras op\u00e7\u00f5es relacionadas \u00e0 sua privacidade.<\/li><\/ol><p><b>(iii) Chrome<\/b><\/p><ol><li aria-level=\"1\">Clique no menu na barra de Ferramentas.<\/li><li aria-level=\"1\">Selecione &#8220;Configura\u00e7\u00f5es&#8221;.<\/li><li aria-level=\"1\">Clique em &#8220;Mostrar Configura\u00e7\u00f5es Avan\u00e7adas&#8221;.<\/li><li aria-level=\"1\">Na sele\u00e7\u00e3o &#8220;Privacidade&#8221;, clique no bot\u00e3o &#8220;Configura\u00e7\u00f5es de Conte\u00fado&#8221;.<\/li><li aria-level=\"1\">Na sele\u00e7\u00e3o &#8220;Cookies&#8221;, poder\u00e1 configurar a op\u00e7\u00e3o desejada.<\/li><\/ol><p><b>(iv) Safari<\/b><\/p><ol><li aria-level=\"1\">No menu de configura\u00e7\u00f5es, selecione a op\u00e7\u00e3o &#8220;Prefer\u00eancias&#8221;.<\/li><li aria-level=\"1\">Abra a aba &#8220;Privacidade&#8221;.<\/li><li aria-level=\"1\">Selecione a op\u00e7\u00e3o desejada na sele\u00e7\u00e3o &#8220;bloquear cookies&#8221;.<\/li><\/ol><p>Note que certos servi\u00e7os e a funcionalidade completa podem n\u00e3o estar dispon\u00edveis ap\u00f3s a desativa\u00e7\u00e3o dos cookies.<\/p><p><b>5.- ACEITA\u00c7\u00c3O DE COOKIES<\/b><\/p><p>Este site n\u00e3o instala cookies nos dispositivos dos utilizadores at\u00e9 que tenham aceite a instala\u00e7\u00e3o dos mesmos.<\/p><p>Se o utilizador n\u00e3o aceitar os cookies ou posteriormente os rejeitar, as funcionalidades do site podem ser afetadas. Nesse sentido, \u00e9 poss\u00edvel que certos servi\u00e7os n\u00e3o estejam dispon\u00edveis sem o uso de cookies ou que o utilizador n\u00e3o consiga aceder a determinados servi\u00e7os ou experimentar tudo o que este site oferece.<\/p><p>Para mais informa\u00e7\u00f5es, consulte nossa Pol\u00edtica de Privacidade e Prote\u00e7\u00e3o de Dados, onde encontrar\u00e1 mais detalhes sobre onde, como e por que armazenamos os seus dados.<\/p><p><b>6.- CONTATO<\/b><\/p><p>Se tiver alguma d\u00favida, coment\u00e1rio ou sugest\u00e3o sobre a Pol\u00edtica de Cookies, entre em contato pelo e-mail: <a href=\"mailto:rgpd.mlg@molgas.es\">rgpd.mlg@molgas.es<\/a><\/p>\t\t\t\t\t\t\t\t<\/div>\n\t\t\t\t<\/div>\n\t\t\t\t\t<\/div>\n\t\t\t\t<\/div>\n\t\t\t\t<\/div>\n\t\t","protected":false},"excerpt":{"rendered":"<p>Pol\u00edtica de cookies MOLGAS ENERGY, S.A.U. (doravante, \u201cMOLGAS\u201d), propriet\u00e1ria deste site, em conformidade com o Artigo 22 da Lei Espanhola [&hellip;]<\/p>\n","protected":false},"author":1,"featured_media":0,"parent":0,"menu_order":0,"comment_status":"closed","ping_status":"closed","template":"","meta":{"_acf_changed":false,"site-sidebar-layout":"no-sidebar","site-content-layout":"","ast-site-content-layout":"full-width-container","site-content-style":"default","site-sidebar-style":"default","ast-global-header-display":"","ast-banner-title-visibility":"","ast-main-header-display":"","ast-hfb-above-header-display":"","ast-hfb-below-header-display":"","ast-hfb-mobile-header-display":"","site-post-title":"disabled","ast-breadcrumbs-content":"","ast-featured-img":"disabled","footer-sml-layout":"","ast-disable-related-posts":"","theme-transparent-header-meta":"","adv-header-id-meta":"","stick-header-meta":"","header-above-stick-meta":"","header-main-stick-meta":"","header-below-stick-meta":"","astra-migrate-meta-layouts":"default","ast-page-background-enabled":"default","ast-page-background-meta":{"desktop":{"background-color":"var(--ast-global-color-4)","background-image":"","background-repeat":"repeat","background-position":"center center","background-size":"auto","background-attachment":"scroll","background-type":"","background-media":"","overlay-type":"","overlay-color":"","overlay-opacity":"","overlay-gradient":""},"tablet":{"background-color":"","background-image":"","background-repeat":"repeat","background-position":"center center","background-size":"auto","background-attachment":"scroll","background-type":"","background-media":"","overlay-type":"","overlay-color":"","overlay-opacity":"","overlay-gradient":""},"mobile":{"background-color":"","background-image":"","background-repeat":"repeat","background-position":"center center","background-size":"auto","background-attachment":"scroll","background-type":"","background-media":"","overlay-type":"","overlay-color":"","overlay-opacity":"","overlay-gradient":""}},"ast-content-background-meta":{"desktop":{"background-color":"var(--ast-global-color-5)","background-image":"","background-repeat":"repeat","background-position":"center center","background-size":"auto","background-attachment":"scroll","background-type":"","background-media":"","overlay-type":"","overlay-color":"","overlay-opacity":"","overlay-gradient":""},"tablet":{"background-color":"var(--ast-global-color-5)","background-image":"","background-repeat":"repeat","background-position":"center center","background-size":"auto","background-attachment":"scroll","background-type":"","background-media":"","overlay-type":"","overlay-color":"","overlay-opacity":"","overlay-gradient":""},"mobile":{"background-color":"var(--ast-global-color-5)","background-image":"","background-repeat":"repeat","background-position":"center center","background-size":"auto","background-attachment":"scroll","background-type":"","background-media":"","overlay-type":"","overlay-color":"","overlay-opacity":"","overlay-gradient":""}},"footnotes":""},"class_list":["post-11425","page","type-page","status-publish","hentry"],"acf":[],"yoast_head":"<!-- This site is optimized with the Yoast SEO plugin v27.4 - https:\/\/yoast.com\/product\/yoast-seo-wordpress\/ -->\n<title>Pol\u00edtica de cookies - Molgas<\/title>\n<meta name=\"robots\" content=\"index, follow, max-snippet:-1, max-image-preview:large, max-video-preview:-1\" \/>\n<link rel=\"canonical\" href=\"https:\/\/molgasenergy.com\/pt\/politica-de-cookies\/\" \/>\n<meta property=\"og:locale\" content=\"pt_PT\" \/>\n<meta property=\"og:type\" content=\"article\" \/>\n<meta property=\"og:title\" content=\"Pol\u00edtica de cookies - Molgas\" \/>\n<meta property=\"og:description\" content=\"Pol\u00edtica de cookies MOLGAS ENERGY, S.A.U. (doravante, \u201cMOLGAS\u201d), propriet\u00e1ria deste site, em conformidade com o Artigo 22 da Lei Espanhola [&hellip;]\" \/>\n<meta property=\"og:url\" content=\"https:\/\/molgasenergy.com\/pt\/politica-de-cookies\/\" \/>\n<meta property=\"og:site_name\" content=\"Molgas\" \/>\n<meta property=\"article:modified_time\" content=\"2025-04-11T02:49:44+00:00\" \/>\n<meta property=\"og:image\" content=\"https:\/\/molgasenergy.com\/wp-content\/uploads\/2025\/04\/Screenshot-2025-04-10-at-21-48-11-Politica-de-cookies-Molgas.webp\" \/>\n\t<meta property=\"og:image:width\" content=\"1230\" \/>\n\t<meta property=\"og:image:height\" content=\"558\" \/>\n\t<meta property=\"og:image:type\" content=\"image\/webp\" \/>\n<meta name=\"twitter:card\" content=\"summary_large_image\" \/>\n<meta name=\"twitter:label1\" content=\"Tempo estimado de leitura\" \/>\n\t<meta name=\"twitter:data1\" content=\"6 minutos\" \/>\n<script type=\"application\/ld+json\" class=\"yoast-schema-graph\">{\"@context\":\"https:\\\/\\\/schema.org\",\"@graph\":[{\"@type\":\"WebPage\",\"@id\":\"https:\\\/\\\/molgasenergy.com\\\/pt\\\/politica-de-cookies\\\/\",\"url\":\"https:\\\/\\\/molgasenergy.com\\\/pt\\\/politica-de-cookies\\\/\",\"name\":\"Pol\u00edtica de cookies - Molgas\",\"isPartOf\":{\"@id\":\"https:\\\/\\\/molgasenergy.com\\\/pt\\\/#website\"},\"primaryImageOfPage\":{\"@id\":\"https:\\\/\\\/molgasenergy.com\\\/pt\\\/politica-de-cookies\\\/#primaryimage\"},\"image\":{\"@id\":\"https:\\\/\\\/molgasenergy.com\\\/pt\\\/politica-de-cookies\\\/#primaryimage\"},\"thumbnailUrl\":\"https:\\\/\\\/molgasenergy.com\\\/wp-content\\\/uploads\\\/2025\\\/04\\\/Screenshot-2025-04-10-at-21-48-11-Politica-de-cookies-Molgas.webp\",\"datePublished\":\"2024-11-19T23:45:30+00:00\",\"dateModified\":\"2025-04-11T02:49:44+00:00\",\"breadcrumb\":{\"@id\":\"https:\\\/\\\/molgasenergy.com\\\/pt\\\/politica-de-cookies\\\/#breadcrumb\"},\"inLanguage\":\"pt-PT\",\"potentialAction\":[{\"@type\":\"ReadAction\",\"target\":[\"https:\\\/\\\/molgasenergy.com\\\/pt\\\/politica-de-cookies\\\/\"]}]},{\"@type\":\"ImageObject\",\"inLanguage\":\"pt-PT\",\"@id\":\"https:\\\/\\\/molgasenergy.com\\\/pt\\\/politica-de-cookies\\\/#primaryimage\",\"url\":\"https:\\\/\\\/molgasenergy.com\\\/wp-content\\\/uploads\\\/2025\\\/04\\\/Screenshot-2025-04-10-at-21-48-11-Politica-de-cookies-Molgas.webp\",\"contentUrl\":\"https:\\\/\\\/molgasenergy.com\\\/wp-content\\\/uploads\\\/2025\\\/04\\\/Screenshot-2025-04-10-at-21-48-11-Politica-de-cookies-Molgas.webp\"},{\"@type\":\"BreadcrumbList\",\"@id\":\"https:\\\/\\\/molgasenergy.com\\\/pt\\\/politica-de-cookies\\\/#breadcrumb\",\"itemListElement\":[{\"@type\":\"ListItem\",\"position\":1,\"name\":\"Home\",\"item\":\"https:\\\/\\\/molgasenergy.com\\\/pt\\\/\"},{\"@type\":\"ListItem\",\"position\":2,\"name\":\"Pol\u00edtica de cookies\"}]},{\"@type\":\"WebSite\",\"@id\":\"https:\\\/\\\/molgasenergy.com\\\/pt\\\/#website\",\"url\":\"https:\\\/\\\/molgasenergy.com\\\/pt\\\/\",\"name\":\"Molgas\",\"description\":\"Molgas\",\"publisher\":{\"@id\":\"https:\\\/\\\/molgasenergy.com\\\/pt\\\/#organization\"},\"potentialAction\":[{\"@type\":\"SearchAction\",\"target\":{\"@type\":\"EntryPoint\",\"urlTemplate\":\"https:\\\/\\\/molgasenergy.com\\\/pt\\\/?s={search_term_string}\"},\"query-input\":{\"@type\":\"PropertyValueSpecification\",\"valueRequired\":true,\"valueName\":\"search_term_string\"}}],\"inLanguage\":\"pt-PT\"},{\"@type\":\"Organization\",\"@id\":\"https:\\\/\\\/molgasenergy.com\\\/pt\\\/#organization\",\"name\":\"Molgas\",\"url\":\"https:\\\/\\\/molgasenergy.com\\\/pt\\\/\",\"logo\":{\"@type\":\"ImageObject\",\"inLanguage\":\"pt-PT\",\"@id\":\"https:\\\/\\\/molgasenergy.com\\\/pt\\\/#\\\/schema\\\/logo\\\/image\\\/\",\"url\":\"https:\\\/\\\/molgasenergy.com\\\/wp-content\\\/uploads\\\/2025\\\/09\\\/LOGO-MOLGAS-PRIMARY.webp\",\"contentUrl\":\"https:\\\/\\\/molgasenergy.com\\\/wp-content\\\/uploads\\\/2025\\\/09\\\/LOGO-MOLGAS-PRIMARY.webp\",\"width\":1490,\"height\":627,\"caption\":\"Molgas\"},\"image\":{\"@id\":\"https:\\\/\\\/molgasenergy.com\\\/pt\\\/#\\\/schema\\\/logo\\\/image\\\/\"}}]}<\/script>\n<!-- \/ Yoast SEO plugin. -->","yoast_head_json":{"title":"Pol\u00edtica de cookies - Molgas","robots":{"index":"index","follow":"follow","max-snippet":"max-snippet:-1","max-image-preview":"max-image-preview:large","max-video-preview":"max-video-preview:-1"},"canonical":"https:\/\/molgasenergy.com\/pt\/politica-de-cookies\/","og_locale":"pt_PT","og_type":"article","og_title":"Pol\u00edtica de cookies - Molgas","og_description":"Pol\u00edtica de cookies MOLGAS ENERGY, S.A.U. (doravante, \u201cMOLGAS\u201d), propriet\u00e1ria deste site, em conformidade com o Artigo 22 da Lei Espanhola [&hellip;]","og_url":"https:\/\/molgasenergy.com\/pt\/politica-de-cookies\/","og_site_name":"Molgas","article_modified_time":"2025-04-11T02:49:44+00:00","og_image":[{"width":1230,"height":558,"url":"https:\/\/molgasenergy.com\/wp-content\/uploads\/2025\/04\/Screenshot-2025-04-10-at-21-48-11-Politica-de-cookies-Molgas.webp","type":"image\/webp"}],"twitter_card":"summary_large_image","twitter_misc":{"Tempo estimado de leitura":"6 minutos"},"schema":{"@context":"https:\/\/schema.org","@graph":[{"@type":"WebPage","@id":"https:\/\/molgasenergy.com\/pt\/politica-de-cookies\/","url":"https:\/\/molgasenergy.com\/pt\/politica-de-cookies\/","name":"Pol\u00edtica de cookies - Molgas","isPartOf":{"@id":"https:\/\/molgasenergy.com\/pt\/#website"},"primaryImageOfPage":{"@id":"https:\/\/molgasenergy.com\/pt\/politica-de-cookies\/#primaryimage"},"image":{"@id":"https:\/\/molgasenergy.com\/pt\/politica-de-cookies\/#primaryimage"},"thumbnailUrl":"https:\/\/molgasenergy.com\/wp-content\/uploads\/2025\/04\/Screenshot-2025-04-10-at-21-48-11-Politica-de-cookies-Molgas.webp","datePublished":"2024-11-19T23:45:30+00:00","dateModified":"2025-04-11T02:49:44+00:00","breadcrumb":{"@id":"https:\/\/molgasenergy.com\/pt\/politica-de-cookies\/#breadcrumb"},"inLanguage":"pt-PT","potentialAction":[{"@type":"ReadAction","target":["https:\/\/molgasenergy.com\/pt\/politica-de-cookies\/"]}]},{"@type":"ImageObject","inLanguage":"pt-PT","@id":"https:\/\/molgasenergy.com\/pt\/politica-de-cookies\/#primaryimage","url":"https:\/\/molgasenergy.com\/wp-content\/uploads\/2025\/04\/Screenshot-2025-04-10-at-21-48-11-Politica-de-cookies-Molgas.webp","contentUrl":"https:\/\/molgasenergy.com\/wp-content\/uploads\/2025\/04\/Screenshot-2025-04-10-at-21-48-11-Politica-de-cookies-Molgas.webp"},{"@type":"BreadcrumbList","@id":"https:\/\/molgasenergy.com\/pt\/politica-de-cookies\/#breadcrumb","itemListElement":[{"@type":"ListItem","position":1,"name":"Home","item":"https:\/\/molgasenergy.com\/pt\/"},{"@type":"ListItem","position":2,"name":"Pol\u00edtica de cookies"}]},{"@type":"WebSite","@id":"https:\/\/molgasenergy.com\/pt\/#website","url":"https:\/\/molgasenergy.com\/pt\/","name":"Molgas","description":"Molgas","publisher":{"@id":"https:\/\/molgasenergy.com\/pt\/#organization"},"potentialAction":[{"@type":"SearchAction","target":{"@type":"EntryPoint","urlTemplate":"https:\/\/molgasenergy.com\/pt\/?s={search_term_string}"},"query-input":{"@type":"PropertyValueSpecification","valueRequired":true,"valueName":"search_term_string"}}],"inLanguage":"pt-PT"},{"@type":"Organization","@id":"https:\/\/molgasenergy.com\/pt\/#organization","name":"Molgas","url":"https:\/\/molgasenergy.com\/pt\/","logo":{"@type":"ImageObject","inLanguage":"pt-PT","@id":"https:\/\/molgasenergy.com\/pt\/#\/schema\/logo\/image\/","url":"https:\/\/molgasenergy.com\/wp-content\/uploads\/2025\/09\/LOGO-MOLGAS-PRIMARY.webp","contentUrl":"https:\/\/molgasenergy.com\/wp-content\/uploads\/2025\/09\/LOGO-MOLGAS-PRIMARY.webp","width":1490,"height":627,"caption":"Molgas"},"image":{"@id":"https:\/\/molgasenergy.com\/pt\/#\/schema\/logo\/image\/"}}]}},"_links":{"self":[{"href":"https:\/\/molgasenergy.com\/pt\/wp-json\/wp\/v2\/pages\/11425","targetHints":{"allow":["GET"]}}],"collection":[{"href":"https:\/\/molgasenergy.com\/pt\/wp-json\/wp\/v2\/pages"}],"about":[{"href":"https:\/\/molgasenergy.com\/pt\/wp-json\/wp\/v2\/types\/page"}],"author":[{"embeddable":true,"href":"https:\/\/molgasenergy.com\/pt\/wp-json\/wp\/v2\/users\/1"}],"replies":[{"embeddable":true,"href":"https:\/\/molgasenergy.com\/pt\/wp-json\/wp\/v2\/comments?post=11425"}],"version-history":[{"count":7,"href":"https:\/\/molgasenergy.com\/pt\/wp-json\/wp\/v2\/pages\/11425\/revisions"}],"predecessor-version":[{"id":11437,"href":"https:\/\/molgasenergy.com\/pt\/wp-json\/wp\/v2\/pages\/11425\/revisions\/11437"}],"wp:attachment":[{"href":"https:\/\/molgasenergy.com\/pt\/wp-json\/wp\/v2\/media?parent=11425"}],"curies":[{"name":"wp","href":"https:\/\/api.w.org\/{rel}","templated":true}]}}