{"id":11420,"date":"2024-11-20T00:45:15","date_gmt":"2024-11-19T23:45:15","guid":{"rendered":"https:\/\/molgasenergy.com\/privacidade\/"},"modified":"2025-07-15T09:59:09","modified_gmt":"2025-07-15T07:59:09","slug":"privacidade","status":"publish","type":"page","link":"https:\/\/molgasenergy.com\/pt\/privacidade\/","title":{"rendered":"Privacidade"},"content":{"rendered":"\t\t<div data-elementor-type=\"wp-page\" data-elementor-id=\"11420\" class=\"elementor elementor-11420 elementor-3356\" data-elementor-post-type=\"page\">\n\t\t\t\t<div class=\"elementor-element elementor-element-220240f e-flex e-con-boxed e-con e-parent\" data-id=\"220240f\" data-element_type=\"container\" data-e-type=\"container\">\n\t\t\t\t\t<div class=\"e-con-inner\">\n\t\t\t\t<div class=\"elementor-element elementor-element-0bfefb2 elementor-widget elementor-widget-heading\" data-id=\"0bfefb2\" data-element_type=\"widget\" data-e-type=\"widget\" data-widget_type=\"heading.default\">\n\t\t\t\t<div class=\"elementor-widget-container\">\n\t\t\t\t\t<h2 class=\"elementor-heading-title elementor-size-default\">Privacidade<\/h2>\t\t\t\t<\/div>\n\t\t\t\t<\/div>\n\t\t\t\t<div class=\"elementor-element elementor-element-3a92a9d elementor-widget elementor-widget-text-editor\" data-id=\"3a92a9d\" data-element_type=\"widget\" data-e-type=\"widget\" data-widget_type=\"text-editor.default\">\n\t\t\t\t<div class=\"elementor-widget-container\">\n\t\t\t\t\t\t\t\t\t<p><strong>POL\u00cdTICA DE PRIVACIDADE E PROTE\u00c7\u00c3O DE DADOS<\/strong><\/p><p>Na MOLGAS ENERGY, S.A.U. (doravante, &#8220;Molgas&#8221;), estamos firmemente comprometidos com o direito \u00e0 privacidade de todos os nossos utilizadores. Queremos que se sinta seguro e plenamente confiante de que respeitamos os seus dados e os manteremos protegidos, tanto no uso do nosso servi\u00e7o quanto em quaisquer intera\u00e7\u00f5es que possa ter connosco.<\/p><p>Preparamos esta Pol\u00edtica de Privacidade e Prote\u00e7\u00e3o de Dados para explicar de maneira clara e simples como e por que processamos os seus dados pessoais e qualquer outra informa\u00e7\u00e3o que nos permita identific\u00e1-lo. Recomendamos que leia atentamente e, caso tenha alguma d\u00favida, entre em contato connosco.<\/p><p>A Molgas se reserva o direito de modificar esta pol\u00edtica para adapt\u00e1-la \u00e0 nova legisla\u00e7\u00e3o ou jurisprud\u00eancia, bem como a modifica\u00e7\u00f5es no pr\u00f3prio servi\u00e7o. Nestes casos, anunciaremos as mudan\u00e7as nesta Pol\u00edtica de Privacidade e Prote\u00e7\u00e3o de Dados com uma anteced\u00eancia razo\u00e1vel antes da sua implementa\u00e7\u00e3o.<\/p><p>O Utilizador garante que possui plena capacidade legal, com base em sua idade, para ler e compreender as disposi\u00e7\u00f5es da Pol\u00edtica de Privacidade e Prote\u00e7\u00e3o de Dados, sendo inteiramente respons\u00e1vel por essa declara\u00e7\u00e3o, bem como pelo acesso e uso correto do Website.<\/p><p>QUEM SOMOS E COMO USAMOS OS SEUS DADOS PESSOAIS O Respons\u00e1vel pelo tratamento dos dados recolhidos por este meio, bem como aqueles gerados como resultado do uso do nosso servi\u00e7o, \u00e9:<\/p><p>MOLGAS ENERGY, S.A.U.<\/p><p>Endere\u00e7o: Avenida Castilla n\u00ba 2 Edf. F, Esc B, Planta 2\u00aa Porta 3, San Fernando Business Park San Fernando de Henares (Madrid). NIF: A-81466625. Telefone: +34 916 601 662. E-mail de contato: <a href=\"mailto:rgpd.mlg@molgas.es\">rgpd.mlg@molgas.es<\/a>.<\/p><p><strong>QUE TIPO DE DADOS PESSOAIS RECOLHEMOS? Informa\u00e7\u00f5es fornecidas pelo Utilizador:<\/strong><\/p><p>As informa\u00e7\u00f5es do Utilizador s\u00e3o obtidas das seguintes formas: (i) por meio do formul\u00e1rio de contato no Website, (ii) atrav\u00e9s do formul\u00e1rio de solicita\u00e7\u00e3o para uso dos cart\u00f5es Molgas para independentes e empresas, etc. Podemos solicitar determinadas informa\u00e7\u00f5es suas atrav\u00e9s dos diferentes formul\u00e1rios, como o seu nome, sobrenome, apelidos, endere\u00e7o de e-mail e n\u00famero de telefone.<\/p><p><strong>Informa\u00e7\u00e3o recolhida automaticamente:<\/strong><\/p><p>Este Website regista e armazena automaticamente certas informa\u00e7\u00f5es sobre seu sistema por meio do uso de cookies e outros tipos de tecnologias. Se deseja saber o que s\u00e3o cookies, como funcionam, quais utilizamos e como os utilizamos, recomendamos que consulte a nossa Pol\u00edtica de Cookies.<\/p><p>FINALIDADES E LEGITIMIDADE DO PROCESSAMENTO DOS DADOS PESSOAIS A Molgas tem o direito de processar os seus dados para prestar os seus servi\u00e7os. Abaixo, informamos as finalidades para as quais processamos os seus dados pessoais, juntamente com a base legal para esse processamento:<\/p><ul><li aria-level=\"1\">O uso de cookies e outras tecnologias permite a recolha de informa\u00e7\u00f5es relacionadas ao navegador ou dispositivo dos Utilizadores, os seus h\u00e1bitos de navega\u00e7\u00e3o, a fim de melhorar os produtos ou servi\u00e7os da Molgas ou adaptar o conte\u00fado exibido a cada utilizador. Base legal: a base legal para o processamento \u00e9 a prote\u00e7\u00e3o dos interesses leg\u00edtimos da Molgas para a instala\u00e7\u00e3o dos cookies necess\u00e1rios e o consentimento (Artigo 6.1.a do GDPR) dos Utilizadores nos demais casos. O per\u00edodo de armazenamento dos dados pessoais est\u00e1 especificado na Pol\u00edtica de Cookies.<\/li><li aria-level=\"1\">Gest\u00e3o das solicita\u00e7\u00f5es para o uso dos cart\u00f5es Molgas para independentes e empresas: para realizar esses procedimentos, certos dados s\u00e3o necess\u00e1rios. A base legal para o processamento \u00e9 a execu\u00e7\u00e3o de um contrato, conforme o Artigo 6.1.b do Regulamento Geral de Prote\u00e7\u00e3o de Dados.<\/li><li aria-level=\"1\">Atendimento e resposta \u00e0s suas solicita\u00e7\u00f5es de informa\u00e7\u00e3o por e-mail ou telefone: aten\u00e7\u00e3o e resposta \u00e0s suas solicita\u00e7\u00f5es por e-mail ou telefone. A base legal para o processamento \u00e9 a execu\u00e7\u00e3o de um contrato de compra realizado pelo cliente (Artigo 6.1.b GDPR) ou o consentimento caso a solicita\u00e7\u00e3o n\u00e3o esteja relacionada a um servi\u00e7o (Artigo 6.1.a GDPR).<\/li><li aria-level=\"1\">Processos seletivos: para gerir sua participa\u00e7\u00e3o nos processos seletivos correspondentes por meio do envio dos seus dados para o endere\u00e7o de e-mail da Molgas. A base legal para o processamento \u00e9 a ado\u00e7\u00e3o de medidas antes da celebra\u00e7\u00e3o de um contrato (Artigo 6.1.b GDPR).<\/li><\/ul><p>PARTILHA DE INFORMA\u00c7\u00c3O PESSOAL COM TERCEIROS Os dados pessoais que obtemos ser\u00e3o utilizados exclusivamente para as finalidades indicadas nesta Pol\u00edtica de Privacidade e Prote\u00e7\u00e3o de Dados e n\u00e3o partilharemos as suas informa\u00e7\u00f5es com terceiros, a menos que haja uma obriga\u00e7\u00e3o legal que torne essa comunica\u00e7\u00e3o necess\u00e1ria para Autoridades Administrativas, For\u00e7as de Seguran\u00e7a e Ordens Judiciais.<\/p><p>Da mesma forma, informamos que as Transfer\u00eancias Internacionais dos seus dados pessoais n\u00e3o ser\u00e3o realizadas. Caso haja transfer\u00eancias internacionais de dados fora do EEE, a Molgas garantir\u00e1 um n\u00edvel adequado de prote\u00e7\u00e3o dos dados transferidos e a conformidade com as regulamenta\u00e7\u00f5es aplic\u00e1veis.<\/p><p><b>POR QUANTO TEMPO MANTEMOS <\/b><b>AS<\/b><b> SUAS INFORMA\u00c7\u00d5ES PESSOAIS?<\/b><br \/>Os dados pessoais fornecidos ser\u00e3o mantidos pela Molgas enquanto o Utilizador do Site n\u00e3o expressar seu desejo de cancelar a inscri\u00e7\u00e3o nos servi\u00e7os da Molgas, a fim de receber informa\u00e7\u00f5es sobre os servi\u00e7os da empresa. Posteriormente, se necess\u00e1rio, a Molgas manter\u00e1 as informa\u00e7\u00f5es bloqueadas de acordo com os prazos legalmente estabelecidos.<\/p><p><b>OS <\/b><b>SEUS DADOS PESSOAIS EST\u00c3O SEGUROS?<\/b><br \/>Em conformidade com a nossa obriga\u00e7\u00e3o de sigilo em rela\u00e7\u00e3o aos dados pessoais recolhidos, bem como nosso dever de proteg\u00ea-los, implementamos medidas de seguran\u00e7a projetadas para garantir a seguran\u00e7a dos seus dados pessoais e evitar sua altera\u00e7\u00e3o, perda, processamento e\/ou acesso n\u00e3o autorizado, de acordo com o estado da tecnologia, a natureza dos dados que tratamos e os riscos aos quais est\u00e3o expostos, seja por a\u00e7\u00e3o humana ou pelo ambiente f\u00edsico ou natural, conforme estabelecido nos regulamentos aplic\u00e1veis.<\/p><p>Cuidamos da sua privacidade, por isso refor\u00e7amos a confidencialidade e integridade das informa\u00e7\u00f5es que processamos e monitorizamos e controlamos continuamente nossos processos para garantir o respeito \u00e0 sua privacidade e a seguran\u00e7a dos seus dados.<\/p><p><b>OS<\/b><b> SEUS DIREITOS EM RELA\u00c7\u00c3O AO TRATAMENTO DE DADOS PESSOAIS E COMO EXERC\u00ca-LOS<\/b><br \/>O exerc\u00edcio dos seus direitos de prote\u00e7\u00e3o de dados \u00e9 gratuito e, para garantir a m\u00e1xima transpar\u00eancia, fornecemos mais informa\u00e7\u00f5es sobre esses direitos:<\/p><ul><li aria-level=\"1\"><b>Direito de acesso, retifica\u00e7\u00e3o e exclus\u00e3o:<\/b> Pode consultar os seus dados pessoais solicitando uma c\u00f3pia dos mesmos, bem como solicitar a retifica\u00e7\u00e3o de dados imprecisos ou, quando apropriado, solicitar a sua exclus\u00e3o quando, entre outros motivos, os dados n\u00e3o forem mais necess\u00e1rios para os fins para os quais foram recolhidos.<\/li><li aria-level=\"1\"><b>Direito de oposi\u00e7\u00e3o:<\/b> Em determinadas circunst\u00e2ncias e por motivos relacionados com a sua situa\u00e7\u00e3o particular, pode opor-se ao processamento dos seus dados. Nesse caso, deixaremos de processar os dados, exceto por motivos leg\u00edtimos imperiosos ou para o exerc\u00edcio ou defesa de poss\u00edveis reclama\u00e7\u00f5es.<\/li><li aria-level=\"1\"><b>Direito de limita\u00e7\u00e3o do tratamento:<\/b> Em certas circunst\u00e2ncias, pode solicitar que limitemos o tratamento dos seus dados, para que apenas os utilizemos nos casos autorizados por lei.<\/li><li aria-level=\"1\"><b>Direito \u00e0 portabilidade:<\/b> Quando os dados forem recolhidos num formato estruturado, pode solicitar a transmiss\u00e3o direta dos seus dados a outros respons\u00e1veis pelo tratamento ou receber os seus dados em formato eletr\u00f3nico, para os armazenar nos seus pr\u00f3prios dispositivos, sem a necessidade de os transmitir a outros respons\u00e1veis pelo tratamento.<\/li><li aria-level=\"1\"><b>Direito de retirar o consentimento:<\/b> Quando o processamento se baseia no seu consentimento, pode retir\u00e1-lo a qualquer momento sem afetar a legalidade do processamento realizado antes da retirada.<\/li><\/ul><p>Para exercer esses direitos, o titular dos dados pode enviar uma mensagem para esse efeito, indicando nome, sobrenome e endere\u00e7o de e-mail para o seguinte endere\u00e7o de e-mail: <a href=\"mailto:rgpd.mlg@molgas.es\">rgpd.mlg@molgas.es<\/a>. Da mesma forma, poder\u00e1 enviar uma carta para o seguinte endere\u00e7o: Avenida Castilla n\u00ba 2 Edf. F, Esc B, Planta 2\u00aa Porta 3, San Fernando Business Park San Fernando de Henares (Madrid). Caso n\u00e3o possamos identific\u00e1-lo nos nossos sistemas, poderemos solicitar informa\u00e7\u00f5es adicionais.<\/p><p>Al\u00e9m disso, informamos que o titular dos dados pode exercer os seus direitos apresentando uma reclama\u00e7\u00e3o \u00e0 Ag\u00eancia Espanhola de Prote\u00e7\u00e3o de Dados, caso considere que n\u00e3o tratamos os seus dados de acordo com a regulamenta\u00e7\u00e3o, atrav\u00e9s do site disponibilizado para esse fim pela Autoridade de Controlo correspondente.<\/p><p><b>COMO ATUALIZAMOS <\/b><b>A <\/b><b>NOSSA POL\u00cdTICA DE PRIVACIDADE E PROTE\u00c7\u00c3O DE DADOS?<\/b><br \/>A Molgas reserva-se o direito de fazer, a qualquer momento, modifica\u00e7\u00f5es ou atualiza\u00e7\u00f5es para adapta\u00e7\u00e3o a mudan\u00e7as nos contextos ou circunst\u00e2ncias que afetam as atividades que abrangem, como nova legisla\u00e7\u00e3o, jurisprud\u00eancia, desenvolvimento, uso de novas funcionalidades, pol\u00edticas internas, pr\u00e1ticas comerciais, requisitos para a presta\u00e7\u00e3o ou oferta de seus produtos, etc. Diante do exposto, envidamos os nossos melhores esfor\u00e7os para manter nossa Pol\u00edtica de Privacidade e Prote\u00e7\u00e3o de Dados totalmente atualizada. Esta Pol\u00edtica de Privacidade e Prote\u00e7\u00e3o de Dados foi revista e publicada em 25\/11\/2024.<\/p><p><b>CONTATO E ACEITA\u00c7\u00c3O DA POL\u00cdTICA DE PRIVACIDADE E PROTE\u00c7\u00c3O DE DADOS<\/b><br \/>Para qualquer d\u00favida relacionada ao tratamento de dados pessoais realizado pela Molgas ou \u00e0 Pol\u00edtica de Privacidade e Prote\u00e7\u00e3o de Dados, poder\u00e1 entrar em contato pelo seguinte e-mail: <a href=\"mailto:rgpd.mlg@molgas.es\">rgpd.mlg@molgas.es<\/a>.<\/p><p>O Utilizador <b>RECONHECE E ACEITA<\/b> QUE LEU E COMPREENDEU esta Pol\u00edtica de Privacidade e Prote\u00e7\u00e3o de Dados, cujo conte\u00fado substitui integralmente qualquer acordo anterior entre o Utilizador e o Controlador em rela\u00e7\u00e3o ao uso e tratamento das suas informa\u00e7\u00f5es pessoais. O Utilizador concorda expressamente em estar vinculado aos termos desta Pol\u00edtica de Privacidade e Prote\u00e7\u00e3o de Dados, em sua totalidade e alcance, sem exce\u00e7\u00e3o de nenhuma das suas disposi\u00e7\u00f5es.<\/p>\t\t\t\t\t\t\t\t<\/div>\n\t\t\t\t<\/div>\n\t\t\t\t\t<\/div>\n\t\t\t\t<\/div>\n\t\t\t\t<\/div>\n\t\t","protected":false},"excerpt":{"rendered":"<p>Privacidade POL\u00cdTICA DE PRIVACIDADE E PROTE\u00c7\u00c3O DE DADOS Na MOLGAS ENERGY, S.A.U. (doravante, &#8220;Molgas&#8221;), estamos firmemente comprometidos com o direito [&hellip;]<\/p>\n","protected":false},"author":1,"featured_media":0,"parent":0,"menu_order":0,"comment_status":"closed","ping_status":"closed","template":"","meta":{"_acf_changed":false,"site-sidebar-layout":"no-sidebar","site-content-layout":"","ast-site-content-layout":"full-width-container","site-content-style":"default","site-sidebar-style":"default","ast-global-header-display":"","ast-banner-title-visibility":"","ast-main-header-display":"","ast-hfb-above-header-display":"","ast-hfb-below-header-display":"","ast-hfb-mobile-header-display":"","site-post-title":"disabled","ast-breadcrumbs-content":"","ast-featured-img":"disabled","footer-sml-layout":"","ast-disable-related-posts":"","theme-transparent-header-meta":"","adv-header-id-meta":"","stick-header-meta":"","header-above-stick-meta":"","header-main-stick-meta":"","header-below-stick-meta":"","astra-migrate-meta-layouts":"default","ast-page-background-enabled":"default","ast-page-background-meta":{"desktop":{"background-color":"var(--ast-global-color-4)","background-image":"","background-repeat":"repeat","background-position":"center center","background-size":"auto","background-attachment":"scroll","background-type":"","background-media":"","overlay-type":"","overlay-color":"","overlay-opacity":"","overlay-gradient":""},"tablet":{"background-color":"","background-image":"","background-repeat":"repeat","background-position":"center center","background-size":"auto","background-attachment":"scroll","background-type":"","background-media":"","overlay-type":"","overlay-color":"","overlay-opacity":"","overlay-gradient":""},"mobile":{"background-color":"","background-image":"","background-repeat":"repeat","background-position":"center center","background-size":"auto","background-attachment":"scroll","background-type":"","background-media":"","overlay-type":"","overlay-color":"","overlay-opacity":"","overlay-gradient":""}},"ast-content-background-meta":{"desktop":{"background-color":"var(--ast-global-color-5)","background-image":"","background-repeat":"repeat","background-position":"center center","background-size":"auto","background-attachment":"scroll","background-type":"","background-media":"","overlay-type":"","overlay-color":"","overlay-opacity":"","overlay-gradient":""},"tablet":{"background-color":"var(--ast-global-color-5)","background-image":"","background-repeat":"repeat","background-position":"center center","background-size":"auto","background-attachment":"scroll","background-type":"","background-media":"","overlay-type":"","overlay-color":"","overlay-opacity":"","overlay-gradient":""},"mobile":{"background-color":"var(--ast-global-color-5)","background-image":"","background-repeat":"repeat","background-position":"center center","background-size":"auto","background-attachment":"scroll","background-type":"","background-media":"","overlay-type":"","overlay-color":"","overlay-opacity":"","overlay-gradient":""}},"footnotes":""},"class_list":["post-11420","page","type-page","status-publish","hentry"],"acf":[],"yoast_head":"<!-- This site is optimized with the Yoast SEO plugin v27.5 - https:\/\/yoast.com\/product\/yoast-seo-wordpress\/ -->\n<title>Privacidade - Molgas<\/title>\n<meta name=\"robots\" content=\"index, follow, max-snippet:-1, max-image-preview:large, max-video-preview:-1\" \/>\n<link rel=\"canonical\" href=\"https:\/\/molgasenergy.com\/pt\/privacidade\/\" \/>\n<meta property=\"og:locale\" content=\"pt_PT\" \/>\n<meta property=\"og:type\" content=\"article\" \/>\n<meta property=\"og:title\" content=\"Privacidade - Molgas\" \/>\n<meta property=\"og:description\" content=\"Privacidade POL\u00cdTICA DE PRIVACIDADE E PROTE\u00c7\u00c3O DE DADOS Na MOLGAS ENERGY, S.A.U. (doravante, &#8220;Molgas&#8221;), estamos firmemente comprometidos com o direito [&hellip;]\" \/>\n<meta property=\"og:url\" content=\"https:\/\/molgasenergy.com\/pt\/privacidade\/\" \/>\n<meta property=\"og:site_name\" content=\"Molgas\" \/>\n<meta property=\"article:modified_time\" content=\"2025-07-15T07:59:09+00:00\" \/>\n<meta name=\"twitter:card\" content=\"summary_large_image\" \/>\n<meta name=\"twitter:label1\" content=\"Tempo estimado de leitura\" \/>\n\t<meta name=\"twitter:data1\" content=\"9 minutos\" \/>\n<script type=\"application\/ld+json\" class=\"yoast-schema-graph\">{\"@context\":\"https:\\\/\\\/schema.org\",\"@graph\":[{\"@type\":\"WebPage\",\"@id\":\"https:\\\/\\\/molgasenergy.com\\\/pt\\\/privacidade\\\/\",\"url\":\"https:\\\/\\\/molgasenergy.com\\\/pt\\\/privacidade\\\/\",\"name\":\"Privacidade - Molgas\",\"isPartOf\":{\"@id\":\"https:\\\/\\\/molgasenergy.com\\\/pt\\\/#website\"},\"datePublished\":\"2024-11-19T23:45:15+00:00\",\"dateModified\":\"2025-07-15T07:59:09+00:00\",\"breadcrumb\":{\"@id\":\"https:\\\/\\\/molgasenergy.com\\\/pt\\\/privacidade\\\/#breadcrumb\"},\"inLanguage\":\"pt-PT\",\"potentialAction\":[{\"@type\":\"ReadAction\",\"target\":[\"https:\\\/\\\/molgasenergy.com\\\/pt\\\/privacidade\\\/\"]}]},{\"@type\":\"BreadcrumbList\",\"@id\":\"https:\\\/\\\/molgasenergy.com\\\/pt\\\/privacidade\\\/#breadcrumb\",\"itemListElement\":[{\"@type\":\"ListItem\",\"position\":1,\"name\":\"Home\",\"item\":\"https:\\\/\\\/molgasenergy.com\\\/pt\\\/\"},{\"@type\":\"ListItem\",\"position\":2,\"name\":\"Privacidade\"}]},{\"@type\":\"WebSite\",\"@id\":\"https:\\\/\\\/molgasenergy.com\\\/pt\\\/#website\",\"url\":\"https:\\\/\\\/molgasenergy.com\\\/pt\\\/\",\"name\":\"Molgas\",\"description\":\"Molgas\",\"publisher\":{\"@id\":\"https:\\\/\\\/molgasenergy.com\\\/pt\\\/#organization\"},\"potentialAction\":[{\"@type\":\"SearchAction\",\"target\":{\"@type\":\"EntryPoint\",\"urlTemplate\":\"https:\\\/\\\/molgasenergy.com\\\/pt\\\/?s={search_term_string}\"},\"query-input\":{\"@type\":\"PropertyValueSpecification\",\"valueRequired\":true,\"valueName\":\"search_term_string\"}}],\"inLanguage\":\"pt-PT\"},{\"@type\":\"Organization\",\"@id\":\"https:\\\/\\\/molgasenergy.com\\\/pt\\\/#organization\",\"name\":\"Molgas\",\"url\":\"https:\\\/\\\/molgasenergy.com\\\/pt\\\/\",\"logo\":{\"@type\":\"ImageObject\",\"inLanguage\":\"pt-PT\",\"@id\":\"https:\\\/\\\/molgasenergy.com\\\/pt\\\/#\\\/schema\\\/logo\\\/image\\\/\",\"url\":\"https:\\\/\\\/molgasenergy.com\\\/wp-content\\\/uploads\\\/2025\\\/09\\\/LOGO-MOLGAS-PRIMARY.webp\",\"contentUrl\":\"https:\\\/\\\/molgasenergy.com\\\/wp-content\\\/uploads\\\/2025\\\/09\\\/LOGO-MOLGAS-PRIMARY.webp\",\"width\":1490,\"height\":627,\"caption\":\"Molgas\"},\"image\":{\"@id\":\"https:\\\/\\\/molgasenergy.com\\\/pt\\\/#\\\/schema\\\/logo\\\/image\\\/\"}}]}<\/script>\n<!-- \/ Yoast SEO plugin. -->","yoast_head_json":{"title":"Privacidade - Molgas","robots":{"index":"index","follow":"follow","max-snippet":"max-snippet:-1","max-image-preview":"max-image-preview:large","max-video-preview":"max-video-preview:-1"},"canonical":"https:\/\/molgasenergy.com\/pt\/privacidade\/","og_locale":"pt_PT","og_type":"article","og_title":"Privacidade - Molgas","og_description":"Privacidade POL\u00cdTICA DE PRIVACIDADE E PROTE\u00c7\u00c3O DE DADOS Na MOLGAS ENERGY, S.A.U. (doravante, &#8220;Molgas&#8221;), estamos firmemente comprometidos com o direito [&hellip;]","og_url":"https:\/\/molgasenergy.com\/pt\/privacidade\/","og_site_name":"Molgas","article_modified_time":"2025-07-15T07:59:09+00:00","twitter_card":"summary_large_image","twitter_misc":{"Tempo estimado de leitura":"9 minutos"},"schema":{"@context":"https:\/\/schema.org","@graph":[{"@type":"WebPage","@id":"https:\/\/molgasenergy.com\/pt\/privacidade\/","url":"https:\/\/molgasenergy.com\/pt\/privacidade\/","name":"Privacidade - Molgas","isPartOf":{"@id":"https:\/\/molgasenergy.com\/pt\/#website"},"datePublished":"2024-11-19T23:45:15+00:00","dateModified":"2025-07-15T07:59:09+00:00","breadcrumb":{"@id":"https:\/\/molgasenergy.com\/pt\/privacidade\/#breadcrumb"},"inLanguage":"pt-PT","potentialAction":[{"@type":"ReadAction","target":["https:\/\/molgasenergy.com\/pt\/privacidade\/"]}]},{"@type":"BreadcrumbList","@id":"https:\/\/molgasenergy.com\/pt\/privacidade\/#breadcrumb","itemListElement":[{"@type":"ListItem","position":1,"name":"Home","item":"https:\/\/molgasenergy.com\/pt\/"},{"@type":"ListItem","position":2,"name":"Privacidade"}]},{"@type":"WebSite","@id":"https:\/\/molgasenergy.com\/pt\/#website","url":"https:\/\/molgasenergy.com\/pt\/","name":"Molgas","description":"Molgas","publisher":{"@id":"https:\/\/molgasenergy.com\/pt\/#organization"},"potentialAction":[{"@type":"SearchAction","target":{"@type":"EntryPoint","urlTemplate":"https:\/\/molgasenergy.com\/pt\/?s={search_term_string}"},"query-input":{"@type":"PropertyValueSpecification","valueRequired":true,"valueName":"search_term_string"}}],"inLanguage":"pt-PT"},{"@type":"Organization","@id":"https:\/\/molgasenergy.com\/pt\/#organization","name":"Molgas","url":"https:\/\/molgasenergy.com\/pt\/","logo":{"@type":"ImageObject","inLanguage":"pt-PT","@id":"https:\/\/molgasenergy.com\/pt\/#\/schema\/logo\/image\/","url":"https:\/\/molgasenergy.com\/wp-content\/uploads\/2025\/09\/LOGO-MOLGAS-PRIMARY.webp","contentUrl":"https:\/\/molgasenergy.com\/wp-content\/uploads\/2025\/09\/LOGO-MOLGAS-PRIMARY.webp","width":1490,"height":627,"caption":"Molgas"},"image":{"@id":"https:\/\/molgasenergy.com\/pt\/#\/schema\/logo\/image\/"}}]}},"_links":{"self":[{"href":"https:\/\/molgasenergy.com\/pt\/wp-json\/wp\/v2\/pages\/11420","targetHints":{"allow":["GET"]}}],"collection":[{"href":"https:\/\/molgasenergy.com\/pt\/wp-json\/wp\/v2\/pages"}],"about":[{"href":"https:\/\/molgasenergy.com\/pt\/wp-json\/wp\/v2\/types\/page"}],"author":[{"embeddable":true,"href":"https:\/\/molgasenergy.com\/pt\/wp-json\/wp\/v2\/users\/1"}],"replies":[{"embeddable":true,"href":"https:\/\/molgasenergy.com\/pt\/wp-json\/wp\/v2\/comments?post=11420"}],"version-history":[{"count":13,"href":"https:\/\/molgasenergy.com\/pt\/wp-json\/wp\/v2\/pages\/11420\/revisions"}],"predecessor-version":[{"id":16198,"href":"https:\/\/molgasenergy.com\/pt\/wp-json\/wp\/v2\/pages\/11420\/revisions\/16198"}],"wp:attachment":[{"href":"https:\/\/molgasenergy.com\/pt\/wp-json\/wp\/v2\/media?parent=11420"}],"curies":[{"name":"wp","href":"https:\/\/api.w.org\/{rel}","templated":true}]}}