{"id":10810,"date":"2024-11-20T00:45:15","date_gmt":"2024-11-19T23:45:15","guid":{"rendered":"https:\/\/molgasenergy.com\/personvern\/"},"modified":"2025-07-15T09:58:08","modified_gmt":"2025-07-15T07:58:08","slug":"personvern","status":"publish","type":"page","link":"https:\/\/molgasenergy.com\/no\/personvern\/","title":{"rendered":"Personvern"},"content":{"rendered":"\t\t<div data-elementor-type=\"wp-page\" data-elementor-id=\"10810\" class=\"elementor elementor-10810 elementor-3356\" data-elementor-post-type=\"page\">\n\t\t\t\t<div class=\"elementor-element elementor-element-220240f e-flex e-con-boxed e-con e-parent\" data-id=\"220240f\" data-element_type=\"container\" data-e-type=\"container\">\n\t\t\t\t\t<div class=\"e-con-inner\">\n\t\t\t\t<div class=\"elementor-element elementor-element-0bfefb2 elementor-widget elementor-widget-heading\" data-id=\"0bfefb2\" data-element_type=\"widget\" data-e-type=\"widget\" data-widget_type=\"heading.default\">\n\t\t\t\t<div class=\"elementor-widget-container\">\n\t\t\t\t\t<h2 class=\"elementor-heading-title elementor-size-default\">Personvern<\/h2>\t\t\t\t<\/div>\n\t\t\t\t<\/div>\n\t\t\t\t<div class=\"elementor-element elementor-element-3a92a9d elementor-widget elementor-widget-text-editor\" data-id=\"3a92a9d\" data-element_type=\"widget\" data-e-type=\"widget\" data-widget_type=\"text-editor.default\">\n\t\t\t\t<div class=\"elementor-widget-container\">\n\t\t\t\t\t\t\t\t\t<p><b>PERSONVERN OG DATABESKYTTELSE<\/b><\/p><p>Hos MOLGAS ENERGY, S.A.U. (heretter kalt &laquo;Molgas&raquo;) er vi forpliktet til \u00e5 garantere retten til personvern for alle v\u00e5re brukere. Vi \u00f8nsker at du skal f\u00f8le deg trygg og sikker p\u00e5 at vi respekterer dine data og vil holde dem trygge, b\u00e5de ved bruk av tjenesten v\u00e5r og i enhver interaksjon med oss.<\/p><p>Vi har utarbeidet denne personvernerkl\u00e6ringen for \u00e5 forklare klart og enkelt hvordan og hvorfor vi behandler personopplysningene dine og annen informasjon som gj\u00f8r det mulig for oss \u00e5 identifisere deg. Vi oppfordrer deg til \u00e5 lese den n\u00f8ye, og ta kontakt med oss hvis du har sp\u00f8rsm\u00e5l.<\/p><p>Molgas forbeholder seg retten til \u00e5 endre disse retningslinjene for \u00e5 tilpasse dem til ny lovgivning eller rettspraksis, samt til endringer i selve tjenesten. I slike tilfeller vil vi kunngj\u00f8re endringene i denne personvernerkl\u00e6ringen i rimelig tid f\u00f8r de iverksettes.<\/p><p>Brukeren garanterer at han\/hun har full rettslig handleevne, i samsvar med sin alder, til \u00e5 lese og forst\u00e5 bestemmelsene i retningslinjene for personvern og databeskyttelse, og skal v\u00e6re fullt ut ansvarlig for denne erkl\u00e6ringen og for tilgang til og riktig bruk av nettstedet.<\/p><p><b>HVEM ER VI OG HVORDAN BRUKER VI PERSONOPPLYSNINGERNE DINE <\/b>Dataansvarlig for opplysningene som samles inn gjennom dette mediet, samt de som genereres som f\u00f8lge av bruken av tjenesten v\u00e5r, er:<\/p><p><b>MOLGAS ENERGY, S.A.U.<\/b><\/p><ul><li aria-level=\"1\"><b>Adresse: <\/b>Avenida Castilla n\u00ba 2 Edf. F, Esc B, Planta 2\u00aa Puerta 3, Parque Empresarial San Fernando San Fernando de Henares (Madrid).<\/li><li aria-level=\"1\"><b>Skattekode<\/b>: A-81466625.<\/li><li aria-level=\"1\"><b>Telefon: <\/b>+34 916 601 662.<\/li><li aria-level=\"1\"><b>Kontakt e-post: .<\/b><a href=\"mailto:rgpd.mlg@molgas.es\">rgpd.mlg@molgas.es<\/a><\/li><\/ul><p><b>HVILKE PERSONOPPLYSNINGER SAMLER VI INN?<\/b><\/p><p><b>Informasjon gitt av brukeren: <\/b>Brukerens informasjon innhentes gjennom: (i) kontaktskjemaet p\u00e5 nettstedet, (ii) s\u00f8knadsskjemaet for bruk av Molgas-kort for frilansere og selskaper, osv. Gjennom de ulike skjemaene kan vi be om visse opplysninger, for eksempel navn, etternavn, e-postadresse og telefonnummer.<\/p><p><b>Informasjon som samles inn automatisk: <\/b>Dette nettstedet registrerer og lagrer automatisk visse opplysninger p\u00e5 systemet ditt ved hjelp av informasjonskapsler og annen teknologi. For \u00e5 finne ut hva informasjonskapsler er, hvordan de fungerer, hva vi bruker og hvordan vi bruker dem, anbefaler vi at du leser v\u00e5re <b>retningslinjer for informasjonskapsler.<\/b><\/p><p><b>FORM\u00c5L OG RETTSLIG GRUNNLAG FOR BEHANDLING AV PERSONOPPLYSNINGER <\/b>Molgas har tillatelse til \u00e5 behandle opplysningene dine for \u00e5 kunne levere sine tjenester. Nedenfor informerer vi deg om form\u00e5lene vi behandler personopplysningene dine for og det rettslige grunnlaget for slik behandling:<\/p><ul><li aria-level=\"1\"><b>Bruk av informasjonskapsler og annen teknologi for <\/b>\u00e5 samle inn informasjon relatert til nettleseren eller enheten til brukerne og deres surfevaner, for \u00e5 forbedre Molgas-tjenestene eller tilpasse innholdet som vises til hver bruker. Rettslig grunnlag: Molgas&#8217; legitime interesse i \u00e5 installere de n\u00f8dvendige informasjonskapslene og samtykke fra brukeren (art. 6.1.a GDPR). Oppbevaringsperioden er spesifisert i <b>retningslinjene <\/b>for <b>informasjonskapsler<\/b>.<\/li><li aria-level=\"1\"><b>Behandling av s\u00f8knader om bruk av Molgas-kort for selvstendig n\u00e6ringsdrivende og selskaper.<\/b> Rettslig grunnlag: gjennomf\u00f8ring av en kontrakt (art. 6.1.b GDPR).<\/li><li aria-level=\"1\"><b>Svar p\u00e5 foresp\u00f8rsler om informasjon via e-post eller telefon.<\/b> Rettslig grunnlag: gjennomf\u00f8ring av en kontrakt eller samtykke fra brukeren (art. 6.1.a og 6.1.b GDPR).<\/li><li aria-level=\"1\"><b>Utvelgelsesprosesser<\/b>: h\u00e5ndtering av deltakelse i utvelgelsesprosesser ved \u00e5 sende data til Molgas&#8217; e-postadresse. Rettslig grunnlag: vedtakelse av tiltak f\u00f8r kontraktsinng\u00e5else (art. 6.1.b GDPR). Opplysningene vil bli oppbevart s\u00e5 lenge utvelgelsesprosessen p\u00e5g\u00e5r og vil bli blokkert i maksimalt to \u00e5r.<\/li><li aria-level=\"1\"><b>Vedlikehold og optimalisering av nettstedet <\/b>for \u00e5 forbedre ytelsen og sikkerheten. Rettslig grunnlag: Molgas&#8217; berettigede interesse (art. 6.1.f GDPR).<\/li><\/ul><p><b>DELING AV PERSONOPPLYSNINGER MED TREDJEPARTER Personopplysninger <\/b>som samles inn, vil kun bli brukt til de angitte form\u00e5lene og vil ikke bli delt med tredjeparter, med mindre det er p\u00e5krevd ved lov. Det vil ikke skje noen internasjonal overf\u00f8ring av data utenfor E\u00d8S.<\/p><p><b>TIDSPERIODE FOR OPPBEVARING <\/b>AV DATA Personopplysninger vil bli oppbevart inntil brukeren uttrykker \u00f8nske om \u00e5 avslutte kontoen sin eller trekker tilbake sitt samtykke.<\/p><p><b>SIKKERHET <\/b>FOR PERSONOPPLYSNINGER Vi har iverksatt egnede sikkerhetstiltak for \u00e5 beskytte personopplysningene vi samler inn, mot endring, tap, uautorisert tilgang eller ulovlig behandling.<\/p><p><b>BRUKERENS RETTIGHETER OG VILK\u00c5R FOR UT\u00d8VELSE <\/b>Brukeren kan ut\u00f8ve f\u00f8lgende rettigheter kostnadsfritt:<\/p><ul><li aria-level=\"1\"><b>Rett til innsyn, retting og sletting<\/b><\/li><li aria-level=\"1\"><b>Rett til \u00e5 protestere<\/b><\/li><li aria-level=\"1\"><b>Rett til \u00e5 begrense behandlingen<\/b><\/li><li aria-level=\"1\"><b>Rett til dataportabilitet<\/b><\/li><li aria-level=\"1\"><b>Rett til \u00e5 trekke tilbake samtykke<\/b><\/li><\/ul><p>For \u00e5 ut\u00f8ve disse rettighetene kan brukeren sende en foresp\u00f8rsel til<a href=\"mailto:rgpd.mlg@molgas.es\"><b>rgpd.mlg@molgas.es<\/b><\/a> eller per post til adressen ovenfor. Om n\u00f8dvendig kan det bli bedt om ytterligere dokumentasjon for \u00e5 sikre korrekt identifikasjon av brukeren.<\/p><p>I tillegg kan du klage til det <b>spanske datatilsynet <\/b>hvis du mener at behandlingen ikke er i samsvar med gjeldende regelverk.<\/p><p><b>OPPDATERING AV <\/b>PERSONVERNERKL\u00c6RING Molgas forbeholder seg retten til \u00e5 gj\u00f8re endringer eller oppdateringer i denne personvernerkl\u00e6ringen. Den siste revisjonen ble gjort den 25\/11\/2024.<\/p><p><b>KONTAKT OG GODKJENNELSE <\/b>AV PERSONVERNERKL\u00c6RING Hvis du har sp\u00f8rsm\u00e5l om Molgas&#8217; behandling av personopplysninger, kan du kontakte oss p\u00e5 .<a href=\"mailto:rgpd.mlg@molgas.es\"><b>rgpd.mlg@molgas.es<\/b><\/a><\/p><p><b>Du ERKJENNER OG SAMTYKKER <\/b>i at du har lest og forst\u00e5tt disse retningslinjene for personvern og databeskyttelse, og at du er bundet av vilk\u00e5rene i dem uten unntak<\/p>\t\t\t\t\t\t\t\t<\/div>\n\t\t\t\t<\/div>\n\t\t\t\t\t<\/div>\n\t\t\t\t<\/div>\n\t\t\t\t<\/div>\n\t\t","protected":false},"excerpt":{"rendered":"<p>Personvern PERSONVERN OG DATABESKYTTELSE Hos MOLGAS ENERGY, S.A.U. (heretter kalt &laquo;Molgas&raquo;) er vi forpliktet til \u00e5 garantere retten til personvern [&hellip;]<\/p>\n","protected":false},"author":1,"featured_media":0,"parent":0,"menu_order":0,"comment_status":"closed","ping_status":"closed","template":"","meta":{"_acf_changed":false,"site-sidebar-layout":"no-sidebar","site-content-layout":"","ast-site-content-layout":"full-width-container","site-content-style":"default","site-sidebar-style":"default","ast-global-header-display":"","ast-banner-title-visibility":"","ast-main-header-display":"","ast-hfb-above-header-display":"","ast-hfb-below-header-display":"","ast-hfb-mobile-header-display":"","site-post-title":"disabled","ast-breadcrumbs-content":"","ast-featured-img":"disabled","footer-sml-layout":"","ast-disable-related-posts":"","theme-transparent-header-meta":"","adv-header-id-meta":"","stick-header-meta":"","header-above-stick-meta":"","header-main-stick-meta":"","header-below-stick-meta":"","astra-migrate-meta-layouts":"default","ast-page-background-enabled":"default","ast-page-background-meta":{"desktop":{"background-color":"var(--ast-global-color-4)","background-image":"","background-repeat":"repeat","background-position":"center center","background-size":"auto","background-attachment":"scroll","background-type":"","background-media":"","overlay-type":"","overlay-color":"","overlay-opacity":"","overlay-gradient":""},"tablet":{"background-color":"","background-image":"","background-repeat":"repeat","background-position":"center center","background-size":"auto","background-attachment":"scroll","background-type":"","background-media":"","overlay-type":"","overlay-color":"","overlay-opacity":"","overlay-gradient":""},"mobile":{"background-color":"","background-image":"","background-repeat":"repeat","background-position":"center center","background-size":"auto","background-attachment":"scroll","background-type":"","background-media":"","overlay-type":"","overlay-color":"","overlay-opacity":"","overlay-gradient":""}},"ast-content-background-meta":{"desktop":{"background-color":"var(--ast-global-color-5)","background-image":"","background-repeat":"repeat","background-position":"center center","background-size":"auto","background-attachment":"scroll","background-type":"","background-media":"","overlay-type":"","overlay-color":"","overlay-opacity":"","overlay-gradient":""},"tablet":{"background-color":"var(--ast-global-color-5)","background-image":"","background-repeat":"repeat","background-position":"center center","background-size":"auto","background-attachment":"scroll","background-type":"","background-media":"","overlay-type":"","overlay-color":"","overlay-opacity":"","overlay-gradient":""},"mobile":{"background-color":"var(--ast-global-color-5)","background-image":"","background-repeat":"repeat","background-position":"center center","background-size":"auto","background-attachment":"scroll","background-type":"","background-media":"","overlay-type":"","overlay-color":"","overlay-opacity":"","overlay-gradient":""}},"footnotes":""},"class_list":["post-10810","page","type-page","status-publish","hentry"],"acf":[],"yoast_head":"<!-- This site is optimized with the Yoast SEO plugin v27.4 - https:\/\/yoast.com\/product\/yoast-seo-wordpress\/ -->\n<title>Personvern - Molgas<\/title>\n<meta name=\"robots\" content=\"index, follow, max-snippet:-1, max-image-preview:large, max-video-preview:-1\" \/>\n<link rel=\"canonical\" href=\"https:\/\/molgasenergy.com\/no\/personvern\/\" \/>\n<meta property=\"og:locale\" content=\"nb_NO\" \/>\n<meta property=\"og:type\" content=\"article\" \/>\n<meta property=\"og:title\" content=\"Personvern - Molgas\" \/>\n<meta property=\"og:description\" content=\"Personvern PERSONVERN OG DATABESKYTTELSE Hos MOLGAS ENERGY, S.A.U. (heretter kalt &laquo;Molgas&raquo;) er vi forpliktet til \u00e5 garantere retten til personvern [&hellip;]\" \/>\n<meta property=\"og:url\" content=\"https:\/\/molgasenergy.com\/no\/personvern\/\" \/>\n<meta property=\"og:site_name\" content=\"Molgas\" \/>\n<meta property=\"article:modified_time\" content=\"2025-07-15T07:58:08+00:00\" \/>\n<meta name=\"twitter:card\" content=\"summary_large_image\" \/>\n<meta name=\"twitter:label1\" content=\"Ansl. lesetid\" \/>\n\t<meta name=\"twitter:data1\" content=\"5 minutter\" \/>\n<script type=\"application\/ld+json\" class=\"yoast-schema-graph\">{\"@context\":\"https:\\\/\\\/schema.org\",\"@graph\":[{\"@type\":\"WebPage\",\"@id\":\"https:\\\/\\\/molgasenergy.com\\\/no\\\/personvern\\\/\",\"url\":\"https:\\\/\\\/molgasenergy.com\\\/no\\\/personvern\\\/\",\"name\":\"Personvern - Molgas\",\"isPartOf\":{\"@id\":\"https:\\\/\\\/molgasenergy.com\\\/no\\\/#website\"},\"datePublished\":\"2024-11-19T23:45:15+00:00\",\"dateModified\":\"2025-07-15T07:58:08+00:00\",\"breadcrumb\":{\"@id\":\"https:\\\/\\\/molgasenergy.com\\\/no\\\/personvern\\\/#breadcrumb\"},\"inLanguage\":\"nb-NO\",\"potentialAction\":[{\"@type\":\"ReadAction\",\"target\":[\"https:\\\/\\\/molgasenergy.com\\\/no\\\/personvern\\\/\"]}]},{\"@type\":\"BreadcrumbList\",\"@id\":\"https:\\\/\\\/molgasenergy.com\\\/no\\\/personvern\\\/#breadcrumb\",\"itemListElement\":[{\"@type\":\"ListItem\",\"position\":1,\"name\":\"Home\",\"item\":\"https:\\\/\\\/molgasenergy.com\\\/no\\\/\"},{\"@type\":\"ListItem\",\"position\":2,\"name\":\"Personvern\"}]},{\"@type\":\"WebSite\",\"@id\":\"https:\\\/\\\/molgasenergy.com\\\/no\\\/#website\",\"url\":\"https:\\\/\\\/molgasenergy.com\\\/no\\\/\",\"name\":\"Molgas\",\"description\":\"Molgas\",\"publisher\":{\"@id\":\"https:\\\/\\\/molgasenergy.com\\\/no\\\/#organization\"},\"potentialAction\":[{\"@type\":\"SearchAction\",\"target\":{\"@type\":\"EntryPoint\",\"urlTemplate\":\"https:\\\/\\\/molgasenergy.com\\\/no\\\/?s={search_term_string}\"},\"query-input\":{\"@type\":\"PropertyValueSpecification\",\"valueRequired\":true,\"valueName\":\"search_term_string\"}}],\"inLanguage\":\"nb-NO\"},{\"@type\":\"Organization\",\"@id\":\"https:\\\/\\\/molgasenergy.com\\\/no\\\/#organization\",\"name\":\"Molgas\",\"url\":\"https:\\\/\\\/molgasenergy.com\\\/no\\\/\",\"logo\":{\"@type\":\"ImageObject\",\"inLanguage\":\"nb-NO\",\"@id\":\"https:\\\/\\\/molgasenergy.com\\\/no\\\/#\\\/schema\\\/logo\\\/image\\\/\",\"url\":\"https:\\\/\\\/molgasenergy.com\\\/wp-content\\\/uploads\\\/2025\\\/09\\\/LOGO-MOLGAS-PRIMARY.webp\",\"contentUrl\":\"https:\\\/\\\/molgasenergy.com\\\/wp-content\\\/uploads\\\/2025\\\/09\\\/LOGO-MOLGAS-PRIMARY.webp\",\"width\":1490,\"height\":627,\"caption\":\"Molgas\"},\"image\":{\"@id\":\"https:\\\/\\\/molgasenergy.com\\\/no\\\/#\\\/schema\\\/logo\\\/image\\\/\"}}]}<\/script>\n<!-- \/ Yoast SEO plugin. -->","yoast_head_json":{"title":"Personvern - Molgas","robots":{"index":"index","follow":"follow","max-snippet":"max-snippet:-1","max-image-preview":"max-image-preview:large","max-video-preview":"max-video-preview:-1"},"canonical":"https:\/\/molgasenergy.com\/no\/personvern\/","og_locale":"nb_NO","og_type":"article","og_title":"Personvern - Molgas","og_description":"Personvern PERSONVERN OG DATABESKYTTELSE Hos MOLGAS ENERGY, S.A.U. (heretter kalt &laquo;Molgas&raquo;) er vi forpliktet til \u00e5 garantere retten til personvern [&hellip;]","og_url":"https:\/\/molgasenergy.com\/no\/personvern\/","og_site_name":"Molgas","article_modified_time":"2025-07-15T07:58:08+00:00","twitter_card":"summary_large_image","twitter_misc":{"Ansl. lesetid":"5 minutter"},"schema":{"@context":"https:\/\/schema.org","@graph":[{"@type":"WebPage","@id":"https:\/\/molgasenergy.com\/no\/personvern\/","url":"https:\/\/molgasenergy.com\/no\/personvern\/","name":"Personvern - Molgas","isPartOf":{"@id":"https:\/\/molgasenergy.com\/no\/#website"},"datePublished":"2024-11-19T23:45:15+00:00","dateModified":"2025-07-15T07:58:08+00:00","breadcrumb":{"@id":"https:\/\/molgasenergy.com\/no\/personvern\/#breadcrumb"},"inLanguage":"nb-NO","potentialAction":[{"@type":"ReadAction","target":["https:\/\/molgasenergy.com\/no\/personvern\/"]}]},{"@type":"BreadcrumbList","@id":"https:\/\/molgasenergy.com\/no\/personvern\/#breadcrumb","itemListElement":[{"@type":"ListItem","position":1,"name":"Home","item":"https:\/\/molgasenergy.com\/no\/"},{"@type":"ListItem","position":2,"name":"Personvern"}]},{"@type":"WebSite","@id":"https:\/\/molgasenergy.com\/no\/#website","url":"https:\/\/molgasenergy.com\/no\/","name":"Molgas","description":"Molgas","publisher":{"@id":"https:\/\/molgasenergy.com\/no\/#organization"},"potentialAction":[{"@type":"SearchAction","target":{"@type":"EntryPoint","urlTemplate":"https:\/\/molgasenergy.com\/no\/?s={search_term_string}"},"query-input":{"@type":"PropertyValueSpecification","valueRequired":true,"valueName":"search_term_string"}}],"inLanguage":"nb-NO"},{"@type":"Organization","@id":"https:\/\/molgasenergy.com\/no\/#organization","name":"Molgas","url":"https:\/\/molgasenergy.com\/no\/","logo":{"@type":"ImageObject","inLanguage":"nb-NO","@id":"https:\/\/molgasenergy.com\/no\/#\/schema\/logo\/image\/","url":"https:\/\/molgasenergy.com\/wp-content\/uploads\/2025\/09\/LOGO-MOLGAS-PRIMARY.webp","contentUrl":"https:\/\/molgasenergy.com\/wp-content\/uploads\/2025\/09\/LOGO-MOLGAS-PRIMARY.webp","width":1490,"height":627,"caption":"Molgas"},"image":{"@id":"https:\/\/molgasenergy.com\/no\/#\/schema\/logo\/image\/"}}]}},"_links":{"self":[{"href":"https:\/\/molgasenergy.com\/no\/wp-json\/wp\/v2\/pages\/10810","targetHints":{"allow":["GET"]}}],"collection":[{"href":"https:\/\/molgasenergy.com\/no\/wp-json\/wp\/v2\/pages"}],"about":[{"href":"https:\/\/molgasenergy.com\/no\/wp-json\/wp\/v2\/types\/page"}],"author":[{"embeddable":true,"href":"https:\/\/molgasenergy.com\/no\/wp-json\/wp\/v2\/users\/1"}],"replies":[{"embeddable":true,"href":"https:\/\/molgasenergy.com\/no\/wp-json\/wp\/v2\/comments?post=10810"}],"version-history":[{"count":13,"href":"https:\/\/molgasenergy.com\/no\/wp-json\/wp\/v2\/pages\/10810\/revisions"}],"predecessor-version":[{"id":16195,"href":"https:\/\/molgasenergy.com\/no\/wp-json\/wp\/v2\/pages\/10810\/revisions\/16195"}],"wp:attachment":[{"href":"https:\/\/molgasenergy.com\/no\/wp-json\/wp\/v2\/media?parent=10810"}],"curies":[{"name":"wp","href":"https:\/\/api.w.org\/{rel}","templated":true}]}}