{"id":16142,"date":"2025-07-15T09:36:09","date_gmt":"2025-07-15T07:36:09","guid":{"rendered":"https:\/\/molgasenergy.com\/?page_id=16142"},"modified":"2025-07-15T09:40:59","modified_gmt":"2025-07-15T07:40:59","slug":"privacy-e-protezione-dei-dati-personali-app","status":"publish","type":"page","link":"https:\/\/molgasenergy.com\/it\/privacy-e-protezione-dei-dati-personali-app\/","title":{"rendered":"Privacy e protezione dei dati personali-app"},"content":{"rendered":"\t\t<div data-elementor-type=\"wp-page\" data-elementor-id=\"16142\" class=\"elementor elementor-16142 elementor-16137\" data-elementor-post-type=\"page\">\n\t\t\t\t<div class=\"elementor-element elementor-element-220240f e-flex e-con-boxed e-con e-parent\" data-id=\"220240f\" data-element_type=\"container\" data-e-type=\"container\">\n\t\t\t\t\t<div class=\"e-con-inner\">\n\t\t\t\t<div class=\"elementor-element elementor-element-0bfefb2 elementor-widget elementor-widget-heading\" data-id=\"0bfefb2\" data-element_type=\"widget\" data-e-type=\"widget\" data-widget_type=\"heading.default\">\n\t\t\t\t<div class=\"elementor-widget-container\">\n\t\t\t\t\t<h2 class=\"elementor-heading-title elementor-size-default\">Privacy per l'app<\/h2>\t\t\t\t<\/div>\n\t\t\t\t<\/div>\n\t\t\t\t<div class=\"elementor-element elementor-element-3a92a9d elementor-widget elementor-widget-text-editor\" data-id=\"3a92a9d\" data-element_type=\"widget\" data-e-type=\"widget\" data-widget_type=\"text-editor.default\">\n\t\t\t\t<div class=\"elementor-widget-container\">\n\t\t\t\t\t\t\t\t\t<p><strong>Informativa sulla privacy per l&#8217;app MOLGAS ENERG\u00cdA S.A.U.<\/strong><\/p><p><strong>1. Titolare del trattamento<\/strong><br \/>Il titolare del trattamento dei tuoi dati personali \u00e8 MOLGAS ENERG\u00cdA S.A.U., con sede legale in [indirizzo della societ\u00e0] e indirizzo email di contatto: <a href=\"mailto:rgpd.mlg@molgas.es\">rgpd.mlg@molgas.es<\/a>.<\/p><p><strong>2. Finalit\u00e0 del trattamento<\/strong><br \/>I dati personali che raccogliamo tramite questa app vengono utilizzati per:<\/p><ul><li>Visualizzare Molgas e\/o le stazioni di servizio associate sulla mappa.<\/li><li>Consentire la navigazione verso queste stazioni tramite Google Maps o Waze.<\/li><li>Visualizzare le stazioni su un percorso definito dall&#8217;utente.<\/li><li>Ordinare le stazioni per prossimit\u00e0.<\/li><li>Visualizzare i dettagli delle stazioni (foto, servizi disponibili, stato operativo).<\/li><li>Informare sullo stato delle stazioni (disponibili, in manutenzione, fuori servizio).<\/li><li>Raccogliere feedback sulla soddisfazione del servizio.<\/li><li>Gestire le modifiche della password utente.<\/li><\/ul><p><strong>3. Base giuridica<\/strong><br \/>La base giuridica per il trattamento dei tuoi dati \u00e8 l&#8217;esecuzione del contratto tra l&#8217;utente e MOLGAS ENERG\u00cdA S.A.U., derivante dall&#8217;utilizzo dell&#8217;app.<\/p><p><strong>4. Conservazione dei dati<\/strong><br \/>I tuoi dati saranno conservati per il tempo necessario al raggiungimento delle finalit\u00e0 sopra indicate e per far fronte a potenziali responsabilit\u00e0 legali.<\/p><p><strong>5. Destinatari dei dati<\/strong><br \/>I tuoi dati personali non saranno trasferiti a terzi se non per obbligo di legge.<\/p><p><strong>6. Trasferimenti internazionali<\/strong><br \/>L&#8217;app potrebbe interagire con i servizi forniti da Google LLC e Apple Inc., societ\u00e0 che aderiscono al Framework UE-USA per la protezione dei dati personali, che garantisce un livello di protezione adeguato in conformit\u00e0 con il GDPR. Non sono previsti altri trasferimenti internazionali di dati.<\/p><p><strong>7. Diritti<\/strong><br \/>Puoi esercitare i tuoi diritti di:<\/p><ul><li>Accesso<\/li><li>Rettifica<\/li><li>Cancellazione<\/li><li>Opposizione<\/li><li>Limitazione del trattamento<\/li><li>Portabilit\u00e0<\/li><\/ul><p>Per farlo, puoi scrivere a:<br \/>\ud83d\udce7 <a href=\"mailto:rgpd.mlg@molgas.es\">rgpd.mlg@molgas.es<\/a><br \/>\ud83d\udce7 <a href=\"mailto:delegadoRGPD@molgas.es\">delegadoRGPD@molgas.es<\/a><\/p><p>In alternativa, puoi contattare l&#8217;Agenzia spagnola per la protezione dei <a href=\"https:\/\/sedeagpd.gob.es\/sede-electronica-web\/\" target=\"_blank\" rel=\"noopener\">dati personali presso la sede elettronica dell&#8217;AEPD.<\/a><\/p><p><strong>8. Ulteriori informazioni<\/strong><br \/>Puoi trovare ulteriori e dettagliate informazioni sulla protezione generale dei dati nella nostra Informativa sulla privacy completa (link a quella sul sito web generale di Molgas).<\/p>\t\t\t\t\t\t\t\t<\/div>\n\t\t\t\t<\/div>\n\t\t\t\t\t<\/div>\n\t\t\t\t<\/div>\n\t\t\t\t<\/div>\n\t\t","protected":false},"excerpt":{"rendered":"<p>Privacy per l&#8217;app Informativa sulla privacy per l&#8217;app MOLGAS ENERG\u00cdA S.A.U. 1. Titolare del trattamentoIl titolare del trattamento dei tuoi [&hellip;]<\/p>\n","protected":false},"author":1,"featured_media":0,"parent":0,"menu_order":0,"comment_status":"closed","ping_status":"closed","template":"","meta":{"_acf_changed":false,"site-sidebar-layout":"no-sidebar","site-content-layout":"","ast-site-content-layout":"full-width-container","site-content-style":"default","site-sidebar-style":"default","ast-global-header-display":"","ast-banner-title-visibility":"","ast-main-header-display":"","ast-hfb-above-header-display":"","ast-hfb-below-header-display":"","ast-hfb-mobile-header-display":"","site-post-title":"disabled","ast-breadcrumbs-content":"","ast-featured-img":"disabled","footer-sml-layout":"","ast-disable-related-posts":"","theme-transparent-header-meta":"","adv-header-id-meta":"","stick-header-meta":"","header-above-stick-meta":"","header-main-stick-meta":"","header-below-stick-meta":"","astra-migrate-meta-layouts":"default","ast-page-background-enabled":"default","ast-page-background-meta":{"desktop":{"background-color":"var(--ast-global-color-4)","background-image":"","background-repeat":"repeat","background-position":"center center","background-size":"auto","background-attachment":"scroll","background-type":"","background-media":"","overlay-type":"","overlay-color":"","overlay-opacity":"","overlay-gradient":""},"tablet":{"background-color":"","background-image":"","background-repeat":"repeat","background-position":"center center","background-size":"auto","background-attachment":"scroll","background-type":"","background-media":"","overlay-type":"","overlay-color":"","overlay-opacity":"","overlay-gradient":""},"mobile":{"background-color":"","background-image":"","background-repeat":"repeat","background-position":"center center","background-size":"auto","background-attachment":"scroll","background-type":"","background-media":"","overlay-type":"","overlay-color":"","overlay-opacity":"","overlay-gradient":""}},"ast-content-background-meta":{"desktop":{"background-color":"var(--ast-global-color-5)","background-image":"","background-repeat":"repeat","background-position":"center center","background-size":"auto","background-attachment":"scroll","background-type":"","background-media":"","overlay-type":"","overlay-color":"","overlay-opacity":"","overlay-gradient":""},"tablet":{"background-color":"var(--ast-global-color-5)","background-image":"","background-repeat":"repeat","background-position":"center center","background-size":"auto","background-attachment":"scroll","background-type":"","background-media":"","overlay-type":"","overlay-color":"","overlay-opacity":"","overlay-gradient":""},"mobile":{"background-color":"var(--ast-global-color-5)","background-image":"","background-repeat":"repeat","background-position":"center center","background-size":"auto","background-attachment":"scroll","background-type":"","background-media":"","overlay-type":"","overlay-color":"","overlay-opacity":"","overlay-gradient":""}},"footnotes":""},"class_list":["post-16142","page","type-page","status-publish","hentry"],"acf":[],"yoast_head":"<!-- This site is optimized with the Yoast SEO plugin v27.5 - https:\/\/yoast.com\/product\/yoast-seo-wordpress\/ -->\n<title>Privacy e protezione dei dati personali-app - Molgas<\/title>\n<meta name=\"robots\" content=\"index, follow, max-snippet:-1, max-image-preview:large, max-video-preview:-1\" \/>\n<link rel=\"canonical\" href=\"https:\/\/molgasenergy.com\/it\/privacy-e-protezione-dei-dati-personali-app\/\" \/>\n<meta property=\"og:locale\" content=\"it_IT\" \/>\n<meta property=\"og:type\" content=\"article\" \/>\n<meta property=\"og:title\" content=\"Privacy e protezione dei dati personali-app - Molgas\" \/>\n<meta property=\"og:description\" content=\"Privacy per l&#8217;app Informativa sulla privacy per l&#8217;app MOLGAS ENERG\u00cdA S.A.U. 1. Titolare del trattamentoIl titolare del trattamento dei tuoi [&hellip;]\" \/>\n<meta property=\"og:url\" content=\"https:\/\/molgasenergy.com\/it\/privacy-e-protezione-dei-dati-personali-app\/\" \/>\n<meta property=\"og:site_name\" content=\"Molgas\" \/>\n<meta property=\"article:modified_time\" content=\"2025-07-15T07:40:59+00:00\" \/>\n<meta name=\"twitter:card\" content=\"summary_large_image\" \/>\n<meta name=\"twitter:label1\" content=\"Tempo di lettura stimato\" \/>\n\t<meta name=\"twitter:data1\" content=\"2 minuti\" \/>\n<script type=\"application\/ld+json\" class=\"yoast-schema-graph\">{\"@context\":\"https:\\\/\\\/schema.org\",\"@graph\":[{\"@type\":\"WebPage\",\"@id\":\"https:\\\/\\\/molgasenergy.com\\\/it\\\/privacy-e-protezione-dei-dati-personali-app\\\/\",\"url\":\"https:\\\/\\\/molgasenergy.com\\\/it\\\/privacy-e-protezione-dei-dati-personali-app\\\/\",\"name\":\"Privacy e protezione dei dati personali-app - Molgas\",\"isPartOf\":{\"@id\":\"https:\\\/\\\/molgasenergy.com\\\/it\\\/#website\"},\"datePublished\":\"2025-07-15T07:36:09+00:00\",\"dateModified\":\"2025-07-15T07:40:59+00:00\",\"breadcrumb\":{\"@id\":\"https:\\\/\\\/molgasenergy.com\\\/it\\\/privacy-e-protezione-dei-dati-personali-app\\\/#breadcrumb\"},\"inLanguage\":\"it-IT\",\"potentialAction\":[{\"@type\":\"ReadAction\",\"target\":[\"https:\\\/\\\/molgasenergy.com\\\/it\\\/privacy-e-protezione-dei-dati-personali-app\\\/\"]}]},{\"@type\":\"BreadcrumbList\",\"@id\":\"https:\\\/\\\/molgasenergy.com\\\/it\\\/privacy-e-protezione-dei-dati-personali-app\\\/#breadcrumb\",\"itemListElement\":[{\"@type\":\"ListItem\",\"position\":1,\"name\":\"Home\",\"item\":\"https:\\\/\\\/molgasenergy.com\\\/it\\\/\"},{\"@type\":\"ListItem\",\"position\":2,\"name\":\"Privacy e protezione dei dati personali-app\"}]},{\"@type\":\"WebSite\",\"@id\":\"https:\\\/\\\/molgasenergy.com\\\/it\\\/#website\",\"url\":\"https:\\\/\\\/molgasenergy.com\\\/it\\\/\",\"name\":\"Molgas\",\"description\":\"Molgas\",\"publisher\":{\"@id\":\"https:\\\/\\\/molgasenergy.com\\\/it\\\/#organization\"},\"potentialAction\":[{\"@type\":\"SearchAction\",\"target\":{\"@type\":\"EntryPoint\",\"urlTemplate\":\"https:\\\/\\\/molgasenergy.com\\\/it\\\/?s={search_term_string}\"},\"query-input\":{\"@type\":\"PropertyValueSpecification\",\"valueRequired\":true,\"valueName\":\"search_term_string\"}}],\"inLanguage\":\"it-IT\"},{\"@type\":\"Organization\",\"@id\":\"https:\\\/\\\/molgasenergy.com\\\/it\\\/#organization\",\"name\":\"Molgas\",\"url\":\"https:\\\/\\\/molgasenergy.com\\\/it\\\/\",\"logo\":{\"@type\":\"ImageObject\",\"inLanguage\":\"it-IT\",\"@id\":\"https:\\\/\\\/molgasenergy.com\\\/it\\\/#\\\/schema\\\/logo\\\/image\\\/\",\"url\":\"https:\\\/\\\/molgasenergy.com\\\/wp-content\\\/uploads\\\/2025\\\/09\\\/LOGO-MOLGAS-PRIMARY.webp\",\"contentUrl\":\"https:\\\/\\\/molgasenergy.com\\\/wp-content\\\/uploads\\\/2025\\\/09\\\/LOGO-MOLGAS-PRIMARY.webp\",\"width\":1490,\"height\":627,\"caption\":\"Molgas\"},\"image\":{\"@id\":\"https:\\\/\\\/molgasenergy.com\\\/it\\\/#\\\/schema\\\/logo\\\/image\\\/\"}}]}<\/script>\n<!-- \/ Yoast SEO plugin. -->","yoast_head_json":{"title":"Privacy e protezione dei dati personali-app - Molgas","robots":{"index":"index","follow":"follow","max-snippet":"max-snippet:-1","max-image-preview":"max-image-preview:large","max-video-preview":"max-video-preview:-1"},"canonical":"https:\/\/molgasenergy.com\/it\/privacy-e-protezione-dei-dati-personali-app\/","og_locale":"it_IT","og_type":"article","og_title":"Privacy e protezione dei dati personali-app - Molgas","og_description":"Privacy per l&#8217;app Informativa sulla privacy per l&#8217;app MOLGAS ENERG\u00cdA S.A.U. 1. Titolare del trattamentoIl titolare del trattamento dei tuoi [&hellip;]","og_url":"https:\/\/molgasenergy.com\/it\/privacy-e-protezione-dei-dati-personali-app\/","og_site_name":"Molgas","article_modified_time":"2025-07-15T07:40:59+00:00","twitter_card":"summary_large_image","twitter_misc":{"Tempo di lettura stimato":"2 minuti"},"schema":{"@context":"https:\/\/schema.org","@graph":[{"@type":"WebPage","@id":"https:\/\/molgasenergy.com\/it\/privacy-e-protezione-dei-dati-personali-app\/","url":"https:\/\/molgasenergy.com\/it\/privacy-e-protezione-dei-dati-personali-app\/","name":"Privacy e protezione dei dati personali-app - Molgas","isPartOf":{"@id":"https:\/\/molgasenergy.com\/it\/#website"},"datePublished":"2025-07-15T07:36:09+00:00","dateModified":"2025-07-15T07:40:59+00:00","breadcrumb":{"@id":"https:\/\/molgasenergy.com\/it\/privacy-e-protezione-dei-dati-personali-app\/#breadcrumb"},"inLanguage":"it-IT","potentialAction":[{"@type":"ReadAction","target":["https:\/\/molgasenergy.com\/it\/privacy-e-protezione-dei-dati-personali-app\/"]}]},{"@type":"BreadcrumbList","@id":"https:\/\/molgasenergy.com\/it\/privacy-e-protezione-dei-dati-personali-app\/#breadcrumb","itemListElement":[{"@type":"ListItem","position":1,"name":"Home","item":"https:\/\/molgasenergy.com\/it\/"},{"@type":"ListItem","position":2,"name":"Privacy e protezione dei dati personali-app"}]},{"@type":"WebSite","@id":"https:\/\/molgasenergy.com\/it\/#website","url":"https:\/\/molgasenergy.com\/it\/","name":"Molgas","description":"Molgas","publisher":{"@id":"https:\/\/molgasenergy.com\/it\/#organization"},"potentialAction":[{"@type":"SearchAction","target":{"@type":"EntryPoint","urlTemplate":"https:\/\/molgasenergy.com\/it\/?s={search_term_string}"},"query-input":{"@type":"PropertyValueSpecification","valueRequired":true,"valueName":"search_term_string"}}],"inLanguage":"it-IT"},{"@type":"Organization","@id":"https:\/\/molgasenergy.com\/it\/#organization","name":"Molgas","url":"https:\/\/molgasenergy.com\/it\/","logo":{"@type":"ImageObject","inLanguage":"it-IT","@id":"https:\/\/molgasenergy.com\/it\/#\/schema\/logo\/image\/","url":"https:\/\/molgasenergy.com\/wp-content\/uploads\/2025\/09\/LOGO-MOLGAS-PRIMARY.webp","contentUrl":"https:\/\/molgasenergy.com\/wp-content\/uploads\/2025\/09\/LOGO-MOLGAS-PRIMARY.webp","width":1490,"height":627,"caption":"Molgas"},"image":{"@id":"https:\/\/molgasenergy.com\/it\/#\/schema\/logo\/image\/"}}]}},"_links":{"self":[{"href":"https:\/\/molgasenergy.com\/it\/wp-json\/wp\/v2\/pages\/16142","targetHints":{"allow":["GET"]}}],"collection":[{"href":"https:\/\/molgasenergy.com\/it\/wp-json\/wp\/v2\/pages"}],"about":[{"href":"https:\/\/molgasenergy.com\/it\/wp-json\/wp\/v2\/types\/page"}],"author":[{"embeddable":true,"href":"https:\/\/molgasenergy.com\/it\/wp-json\/wp\/v2\/users\/1"}],"replies":[{"embeddable":true,"href":"https:\/\/molgasenergy.com\/it\/wp-json\/wp\/v2\/comments?post=16142"}],"version-history":[{"count":5,"href":"https:\/\/molgasenergy.com\/it\/wp-json\/wp\/v2\/pages\/16142\/revisions"}],"predecessor-version":[{"id":16170,"href":"https:\/\/molgasenergy.com\/it\/wp-json\/wp\/v2\/pages\/16142\/revisions\/16170"}],"wp:attachment":[{"href":"https:\/\/molgasenergy.com\/it\/wp-json\/wp\/v2\/media?parent=16142"}],"curies":[{"name":"wp","href":"https:\/\/api.w.org\/{rel}","templated":true}]}}