{"id":11740,"date":"2024-11-20T00:45:02","date_gmt":"2024-11-19T23:45:02","guid":{"rendered":"https:\/\/molgasenergy.com\/termini\/"},"modified":"2025-04-12T19:18:55","modified_gmt":"2025-04-12T17:18:55","slug":"termini","status":"publish","type":"page","link":"https:\/\/molgasenergy.com\/it\/termini\/","title":{"rendered":"Termini"},"content":{"rendered":"\t\t<div data-elementor-type=\"wp-page\" data-elementor-id=\"11740\" class=\"elementor elementor-11740 elementor-3354\" data-elementor-post-type=\"page\">\n\t\t\t\t<div class=\"elementor-element elementor-element-b25c3cd e-flex e-con-boxed e-con e-parent\" data-id=\"b25c3cd\" data-element_type=\"container\" data-e-type=\"container\">\n\t\t\t\t\t<div class=\"e-con-inner\">\n\t\t\t\t<div class=\"elementor-element elementor-element-2ba11ac elementor-widget elementor-widget-heading\" data-id=\"2ba11ac\" data-element_type=\"widget\" data-e-type=\"widget\" data-widget_type=\"heading.default\">\n\t\t\t\t<div class=\"elementor-widget-container\">\n\t\t\t\t\t<h2 class=\"elementor-heading-title elementor-size-default\">Termini<\/h2>\t\t\t\t<\/div>\n\t\t\t\t<\/div>\n\t\t\t\t<div class=\"elementor-element elementor-element-964da11 elementor-widget elementor-widget-text-editor\" data-id=\"964da11\" data-element_type=\"widget\" data-e-type=\"widget\" data-widget_type=\"text-editor.default\">\n\t\t\t\t<div class=\"elementor-widget-container\">\n\t\t\t\t\t\t\t\t\t<p><b>1.- IDENTIFICAZIONE<\/b><\/p><p>In conformit\u00e0 con le disposizioni della Legge 34\/2002, dell&#8217;11 luglio, sui Servizi della Societ\u00e0 dell&#8217;Informazione e il Commercio Elettronico, informiamo che questo sito web \u00e8 di propriet\u00e0 di MOLGAS ENERGY, S.A.U. (di seguito, &#8220;Molgas&#8221;), iscritta al Registro delle Imprese di Madrid, con Codice Fiscale A-81466625. Dati di registrazione: ISCRITTA AL REGISTRO DELLE IMPRESE DI MADRID, VOLUME 11.082, LIBRO 0, SEZIONE 8, FOGLIO 131, PAGINA M-174635, REGISTRAZIONE 1, 17-06-2096.<\/p><p>Per una comunicazione efficace con l&#8217;azienda, saranno valide le seguenti forme di contatto:<\/p><ul><li aria-level=\"1\"><b>Indirizzo postale:<\/b> Avenida Castilla n\u00ba 2 Edf. F, Esc B, Planta 2\u00aa, Puerta 3, San Fernando Business Park, San Fernando de Henares (Madrid).<\/li><li aria-level=\"1\"><b>Telefono:<\/b> +34 916600055<\/li><li aria-level=\"1\"><b>E-mail:<\/b> <a href=\"mailto:rgpd.mlg@molgas.es\">rgpd.mlg@molgas.es<\/a><\/li><\/ul><p>Molgas \u00e8 un&#8217;azienda impegnata nella commercializzazione e fornitura di gas naturale, debitamente registrata come societ\u00e0 di commercializzazione di gas naturale presso il Registro corrispondente della Direzione Generale per la Politica Energetica e le Miniere del Ministero dell&#8217;Economia, con numero identificativo S2-021.<\/p><p>Accedendo e\/o utilizzando Molgasenergy.com (di seguito, il &#8220;Sito Web&#8221;), l&#8217;utente accetta il presente Avviso Legale.<\/p><p>L&#8217;utente (di seguito, &#8220;Utente&#8221;) pu\u00f2 contattare Molgas inviando un&#8217;e-mail a <a href=\"mailto:rgpd.mlg@molgas.es\"><b>rgpd.mlg@molgas.es<\/b><\/a>.<\/p><p><b>2.- SCOPO<\/b><\/p><p>Il presente Avviso Legale regola l&#8217;accesso e l&#8217;uso del Sito Web. Molgas si riserva il diritto di modificarne i contenuti in qualsiasi momento. In tal caso, gli utenti saranno informati delle modifiche introdotte.<\/p><p>L&#8217;accesso a determinati contenuti e l&#8217;uso di alcuni servizi possono essere soggetti a condizioni particolari, che saranno chiaramente indicate e dovranno essere espressamente accettate dagli utenti.<\/p><p>L&#8217;Utente garantisce di avere la capacit\u00e0 legale per leggere e comprendere il presente Avviso Legale e si assume la responsabilit\u00e0 per l&#8217;accesso e l&#8217;uso corretto del Sito Web.<\/p><p><b>3.- PROPRIET\u00c0 INTELLETTUALE E INDUSTRIALE<\/b><\/p><p>Molgas detiene i diritti di sfruttamento della propriet\u00e0 industriale e intellettuale relativi al Sito Web, inclusi testi, fotografie, illustrazioni, loghi, marchi, design e altri contenuti.<\/p><p>L\u2019accesso al Sito Web non implica alcuna cessione di diritti all\u2019Utente, che pu\u00f2 usufruire dei contenuti esclusivamente per i servizi offerti da Molgas.<\/p><p>\u00c8 vietata qualsiasi modifica, copia, riproduzione, comunicazione pubblica, trasformazione o distribuzione dei contenuti senza l&#8217;autorizzazione scritta di Molgas.<\/p><p><b>4.- POLITICA DI PROTEZIONE DEI DATI PERSONALI<\/b><\/p><p>In conformit\u00e0 con la Legge Organica Spagnola 3\/2018, del 5 dicembre, sulla Protezione dei Dati Personali e Garanzia dei Diritti Digitali (&#8220;LOPDGDD&#8221;), tutti i dati personali raccolti attraverso il Sito Web saranno trattati secondo quanto stabilito nella <b>Politica sulla Privacy e Protezione dei Dati<\/b>, che deve essere espressamente accettata dagli Utenti.<\/p><p>Maggiori informazioni sull&#8217;uso dei cookie sono disponibili nella <b>Politica sui Cookie<\/b>.<\/p><p><b>5.- REGOLE PER L\u2019UTILIZZO DEL SITO WEB<\/b><\/p><p>L\u2019accesso o l\u2019uso del Sito Web per scopi illegali o non autorizzati, sia a scopo di lucro che meno, non \u00e8 consentito e, pertanto, le conseguenze saranno di esclusiva responsabilit\u00e0 dell\u2019Utente. In particolare, e senza che il seguente elenco abbia carattere esaustivo, agli Utenti \u00e8 vietato:<\/p><ul><li aria-level=\"1\">Utilizzare il Sito Web per la trasmissione, l\u2019installazione o la pubblicazione di virus, codici dannosi o altri programmi o file nocivi;<\/li><li aria-level=\"1\">Utilizzare il Sito Web in qualsiasi modo che possa causare danni, interruzioni, inefficienze o difetti nel funzionamento del Sito Web o nelle apparecchiature informatiche di terzi;<\/li><li aria-level=\"1\">Utilizzare il Sito Web in modo illegale, contro la buona fede, la moralit\u00e0 e l\u2019ordine pubblico;<\/li><li aria-level=\"1\">Registrarsi sul Sito Web con una falsa identit\u00e0, impersonare un terzo o utilizzare un profilo o intraprendere qualsiasi altra azione che possa ingannare altri Utenti sull\u2019identit\u00e0 dell\u2019Utente;<\/li><li aria-level=\"1\">Compiere qualsiasi azione che causi una saturazione sproporzionata o non necessaria dell\u2019infrastruttura del Sito Web o dei sistemi e delle reti di Molgas, nonch\u00e9 dei sistemi e delle reti collegate al Sito Web;<\/li><li aria-level=\"1\">Ostacolare il normale sviluppo dell\u2019interconnessione, del contatto o di qualsiasi altra attivit\u00e0 del Sito Web o delle sue funzionalit\u00e0, alterando o tentando di alterare, illegalmente o in altro modo, l\u2019accesso, la partecipazione o il funzionamento dello stesso, falsificandone i risultati e\/o utilizzando metodi fraudolenti, con qualsiasi procedura e\/o attraverso qualsiasi pratica che violi o infranga il presente Avviso Legale.<\/li><\/ul><p>Inoltre, si precisa che l\u2019uso del Sito Web \u00e8 esclusivamente a scopo informativo e di contatto. L\u2019accesso e la visualizzazione del Sito Web sono liberi, gratuiti e non richiedono alcuna sottoscrizione o registrazione preventiva. Tuttavia, l\u2019accesso a determinati servizi pu\u00f2 essere soggetto a condizioni specifiche di utilizzo, che in ogni caso potranno essere consultate dall\u2019Utente prima della loro sottoscrizione, come nel caso delle Condizioni Generali di Utilizzo della carta Molgas.<\/p><p><b>6.- ESCLUSIONE DI RESPONSABILIT\u00c0<\/b><\/p><p>Aqu\u00ed tienes la traducci\u00f3n al italiano:<\/p><p>L\u2019uso di questo Sito Web \u00e8 di esclusiva responsabilit\u00e0 dell\u2019Utente. L\u2019Utente comprende e accetta che il Sito Web \u00e8 stato creato e sviluppato in buona fede da Molgas ed \u00e8 offerto agli utenti nello stato in cui si trova attualmente.<\/p><p>Molgas si riserva il diritto di sospendere temporaneamente l\u2019accesso al Sito Web senza preavviso, nonch\u00e9 il diritto di fornire o cancellare servizi e prodotti in qualsiasi momento, cercando di informare preventivamente gli utenti quando le circostanze lo permettano.<\/p><p>Molgas non \u00e8 responsabile di eventuali danni o pregiudizi subiti dall\u2019Utente a causa della mancanza di accesso al Sito Web o della sua mancata aggiornabilit\u00e0, n\u00e9 della sua inadeguatezza a soddisfare le esigenze specifiche degli Utenti. Inoltre, non \u00e8 responsabile di problemi di accesso e\/o di accesso errato da parte degli Utenti dovuti all\u2019uso di un sistema informatico (software e hardware) non idoneo, n\u00e9 all\u2019uso di determinati browser, restrizioni di accesso a Internet, dispositivi, sistemi operativi, ecc., e\/o a qualsiasi altra circostanza che possa influenzare l\u2019accesso al Sito Web da parte degli Utenti.<\/p><p>Molgas non \u00e8 responsabile di danni di qualsiasi natura che possano essere causati all\u2019Utente di questo Sito Web dall\u2019esistenza di virus o programmi dannosi, o dall\u2019uso del presente sito web in violazione della legge o della buona fede. Pertanto, Molgas non controlla n\u00e9 garantisce l\u2019assenza di virus o altri elementi nei contenuti del Sito Web che possano provocare alterazioni nel sistema informatico dell\u2019Utente (software e hardware), nei suoi dispositivi o nei documenti elettronici e file memorizzati nei suoi sistemi informatici.<\/p><p>Molgas si riserva il diritto di opporsi e\/o rimuovere, dal momento della sua effettiva conoscenza, qualsiasi Utente che non rispetti il presente Avviso Legale, l\u2019Informativa sulla Privacy e Protezione dei Dati, l\u2019Informativa sui Cookie e\/o qualsiasi altro documento che regoli qualsiasi aspetto del Sito Web stipulato tra gli Utenti e Molgas, nonch\u00e9 di negare o annullare l\u2019accesso al Sito Web a qualsiasi persona o entit\u00e0 a sua discrezione. Pertanto, gli Utenti possono segnalare a Molgas qualsiasi violazione dell\u2019Avviso Legale, della sua Informativa sulla Privacy e Protezione dei Dati, della Politica sui Cookie, dei suoi contenuti e\/o di qualsiasi altro documento che regoli aspetti del Sito Web stipulato tra gli Utenti e Molgas, al seguente indirizzo e-mail: <a href=\"mailto:rgpd.mlg@molgas.es\">rgpd.mlg@molgas.es<\/a>.<\/p><p><b>7.- ALTRE CONDIZIONI<\/b><\/p><p>Aqu\u00ed tienes la traducci\u00f3n al italiano:<\/p><p>I termini e le condizioni del presente Avviso Legale costituiscono l\u2019intero accordo tra Molgas e l\u2019Utente in relazione all\u2019oggetto di questo documento e possono essere modificati solo mediante un emendamento scritto firmato da una persona autorizzata di Molgas o mediante la pubblicazione di una versione rivista da parte di Molgas. Ci\u00f2 senza pregiudicare le disposizioni dell\u2019Informativa sulla Privacy e Protezione dei Dati e dell\u2019Informativa sui Cookie, nonch\u00e9 di qualsiasi altro documento che regoli aspetti del Sito Web stipulato tra gli Utenti e Molgas.<\/p><p>Se una qualsiasi clausola delle condizioni del presente Avviso Legale viene dichiarata totalmente o parzialmente nulla o inefficace, ci\u00f2 riguarder\u00e0 esclusivamente la disposizione o la parte della stessa che \u00e8 nulla o inefficace, restando il resto dei termini dell\u2019Avviso Legale pienamente in vigore e considerando la disposizione o la parte della stessa interessata come non inclusa, a meno che, essendo essenziale per il presente Avviso Legale, non debba influenzarlo in modo integrale.<\/p><p>Gli Utenti saranno soggetti ai termini e alle condizioni dell\u2019Avviso Legale in vigore in ogni momento e durante l\u2019uso del Sito Web, fatto salvo quanto previsto dalle Condizioni Generali di Utilizzo della carta Molgas e\/o dalle disposizioni di legge o da un organismo competente.<\/p><p>Il Sito Web e i suoi contenuti sono offerti in spagnolo, francese, portoghese, italiano, inglese, greco e norvegese. In caso di conflitto nell\u2019attuazione o nell\u2019interpretazione del presente Avviso Legale, dell\u2019Informativa sulla Privacy e Protezione dei Dati, dell\u2019Informativa sui Cookie e\/o delle Condizioni Generali di Utilizzo della carta Molgas, prevarr\u00e0 sempre la versione in spagnolo su qualsiasi altra.<\/p><p><b>8.- NORMATIVA APPLICABILE E GIURISDIZIONE<\/b><\/p><p>Le condizioni sopraindicate sopra indicate sono regolate dalla legge spagnola. Molgas e l\u2019Utente, rinunciando espressamente a qualsiasi altra giurisdizione che possa corrispondergli per legge, si sottopongono espressamente alla giurisdizione dei tribunali di Madrid in caso di eventuali controversie derivanti in relazione a questo Sito Web.<\/p><p>Fermo restando quanto sopra, se l\u2019Utente \u00e8 considerato un consumatore, potr\u00e0 esercitare i suoi diritti in quanto tale in relazione all\u2019Avviso Legale, all\u2019Informativa sulla Privacy e sui Cookie e\/o alle Condizioni Generali di Utilizzo della carta Molgas, sia in Spagna che nel proprio Stato Membro di residenza nell\u2019Unione Europea.<\/p>\t\t\t\t\t\t\t\t<\/div>\n\t\t\t\t<\/div>\n\t\t\t\t\t<\/div>\n\t\t\t\t<\/div>\n\t\t\t\t<\/div>\n\t\t","protected":false},"excerpt":{"rendered":"<p>Termini 1.- IDENTIFICAZIONE In conformit\u00e0 con le disposizioni della Legge 34\/2002, dell&#8217;11 luglio, sui Servizi della Societ\u00e0 dell&#8217;Informazione e il [&hellip;]<\/p>\n","protected":false},"author":1,"featured_media":0,"parent":0,"menu_order":0,"comment_status":"closed","ping_status":"closed","template":"","meta":{"_acf_changed":false,"site-sidebar-layout":"no-sidebar","site-content-layout":"","ast-site-content-layout":"full-width-container","site-content-style":"default","site-sidebar-style":"default","ast-global-header-display":"","ast-banner-title-visibility":"","ast-main-header-display":"","ast-hfb-above-header-display":"","ast-hfb-below-header-display":"","ast-hfb-mobile-header-display":"","site-post-title":"disabled","ast-breadcrumbs-content":"","ast-featured-img":"disabled","footer-sml-layout":"","ast-disable-related-posts":"","theme-transparent-header-meta":"","adv-header-id-meta":"","stick-header-meta":"","header-above-stick-meta":"","header-main-stick-meta":"","header-below-stick-meta":"","astra-migrate-meta-layouts":"default","ast-page-background-enabled":"default","ast-page-background-meta":{"desktop":{"background-color":"var(--ast-global-color-4)","background-image":"","background-repeat":"repeat","background-position":"center center","background-size":"auto","background-attachment":"scroll","background-type":"","background-media":"","overlay-type":"","overlay-color":"","overlay-opacity":"","overlay-gradient":""},"tablet":{"background-color":"","background-image":"","background-repeat":"repeat","background-position":"center center","background-size":"auto","background-attachment":"scroll","background-type":"","background-media":"","overlay-type":"","overlay-color":"","overlay-opacity":"","overlay-gradient":""},"mobile":{"background-color":"","background-image":"","background-repeat":"repeat","background-position":"center center","background-size":"auto","background-attachment":"scroll","background-type":"","background-media":"","overlay-type":"","overlay-color":"","overlay-opacity":"","overlay-gradient":""}},"ast-content-background-meta":{"desktop":{"background-color":"var(--ast-global-color-5)","background-image":"","background-repeat":"repeat","background-position":"center center","background-size":"auto","background-attachment":"scroll","background-type":"","background-media":"","overlay-type":"","overlay-color":"","overlay-opacity":"","overlay-gradient":""},"tablet":{"background-color":"var(--ast-global-color-5)","background-image":"","background-repeat":"repeat","background-position":"center center","background-size":"auto","background-attachment":"scroll","background-type":"","background-media":"","overlay-type":"","overlay-color":"","overlay-opacity":"","overlay-gradient":""},"mobile":{"background-color":"var(--ast-global-color-5)","background-image":"","background-repeat":"repeat","background-position":"center center","background-size":"auto","background-attachment":"scroll","background-type":"","background-media":"","overlay-type":"","overlay-color":"","overlay-opacity":"","overlay-gradient":""}},"footnotes":""},"class_list":["post-11740","page","type-page","status-publish","hentry"],"acf":[],"yoast_head":"<!-- This site is optimized with the Yoast SEO plugin v27.5 - https:\/\/yoast.com\/product\/yoast-seo-wordpress\/ -->\n<title>Termini - Molgas<\/title>\n<meta name=\"robots\" content=\"index, follow, max-snippet:-1, max-image-preview:large, max-video-preview:-1\" \/>\n<link rel=\"canonical\" href=\"https:\/\/molgasenergy.com\/it\/termini\/\" \/>\n<meta property=\"og:locale\" content=\"it_IT\" \/>\n<meta property=\"og:type\" content=\"article\" \/>\n<meta property=\"og:title\" content=\"Termini - Molgas\" \/>\n<meta property=\"og:description\" content=\"Termini 1.- IDENTIFICAZIONE In conformit\u00e0 con le disposizioni della Legge 34\/2002, dell&#8217;11 luglio, sui Servizi della Societ\u00e0 dell&#8217;Informazione e il [&hellip;]\" \/>\n<meta property=\"og:url\" content=\"https:\/\/molgasenergy.com\/it\/termini\/\" \/>\n<meta property=\"og:site_name\" content=\"Molgas\" \/>\n<meta property=\"article:modified_time\" content=\"2025-04-12T17:18:55+00:00\" \/>\n<meta name=\"twitter:card\" content=\"summary_large_image\" \/>\n<meta name=\"twitter:label1\" content=\"Tempo di lettura stimato\" \/>\n\t<meta name=\"twitter:data1\" content=\"8 minuti\" \/>\n<script type=\"application\/ld+json\" class=\"yoast-schema-graph\">{\"@context\":\"https:\\\/\\\/schema.org\",\"@graph\":[{\"@type\":\"WebPage\",\"@id\":\"https:\\\/\\\/molgasenergy.com\\\/it\\\/termini\\\/\",\"url\":\"https:\\\/\\\/molgasenergy.com\\\/it\\\/termini\\\/\",\"name\":\"Termini - Molgas\",\"isPartOf\":{\"@id\":\"https:\\\/\\\/molgasenergy.com\\\/it\\\/#website\"},\"datePublished\":\"2024-11-19T23:45:02+00:00\",\"dateModified\":\"2025-04-12T17:18:55+00:00\",\"breadcrumb\":{\"@id\":\"https:\\\/\\\/molgasenergy.com\\\/it\\\/termini\\\/#breadcrumb\"},\"inLanguage\":\"it-IT\",\"potentialAction\":[{\"@type\":\"ReadAction\",\"target\":[\"https:\\\/\\\/molgasenergy.com\\\/it\\\/termini\\\/\"]}]},{\"@type\":\"BreadcrumbList\",\"@id\":\"https:\\\/\\\/molgasenergy.com\\\/it\\\/termini\\\/#breadcrumb\",\"itemListElement\":[{\"@type\":\"ListItem\",\"position\":1,\"name\":\"Home\",\"item\":\"https:\\\/\\\/molgasenergy.com\\\/it\\\/\"},{\"@type\":\"ListItem\",\"position\":2,\"name\":\"Termini\"}]},{\"@type\":\"WebSite\",\"@id\":\"https:\\\/\\\/molgasenergy.com\\\/it\\\/#website\",\"url\":\"https:\\\/\\\/molgasenergy.com\\\/it\\\/\",\"name\":\"Molgas\",\"description\":\"Molgas\",\"publisher\":{\"@id\":\"https:\\\/\\\/molgasenergy.com\\\/it\\\/#organization\"},\"potentialAction\":[{\"@type\":\"SearchAction\",\"target\":{\"@type\":\"EntryPoint\",\"urlTemplate\":\"https:\\\/\\\/molgasenergy.com\\\/it\\\/?s={search_term_string}\"},\"query-input\":{\"@type\":\"PropertyValueSpecification\",\"valueRequired\":true,\"valueName\":\"search_term_string\"}}],\"inLanguage\":\"it-IT\"},{\"@type\":\"Organization\",\"@id\":\"https:\\\/\\\/molgasenergy.com\\\/it\\\/#organization\",\"name\":\"Molgas\",\"url\":\"https:\\\/\\\/molgasenergy.com\\\/it\\\/\",\"logo\":{\"@type\":\"ImageObject\",\"inLanguage\":\"it-IT\",\"@id\":\"https:\\\/\\\/molgasenergy.com\\\/it\\\/#\\\/schema\\\/logo\\\/image\\\/\",\"url\":\"https:\\\/\\\/molgasenergy.com\\\/wp-content\\\/uploads\\\/2025\\\/09\\\/LOGO-MOLGAS-PRIMARY.webp\",\"contentUrl\":\"https:\\\/\\\/molgasenergy.com\\\/wp-content\\\/uploads\\\/2025\\\/09\\\/LOGO-MOLGAS-PRIMARY.webp\",\"width\":1490,\"height\":627,\"caption\":\"Molgas\"},\"image\":{\"@id\":\"https:\\\/\\\/molgasenergy.com\\\/it\\\/#\\\/schema\\\/logo\\\/image\\\/\"}}]}<\/script>\n<!-- \/ Yoast SEO plugin. -->","yoast_head_json":{"title":"Termini - Molgas","robots":{"index":"index","follow":"follow","max-snippet":"max-snippet:-1","max-image-preview":"max-image-preview:large","max-video-preview":"max-video-preview:-1"},"canonical":"https:\/\/molgasenergy.com\/it\/termini\/","og_locale":"it_IT","og_type":"article","og_title":"Termini - Molgas","og_description":"Termini 1.- IDENTIFICAZIONE In conformit\u00e0 con le disposizioni della Legge 34\/2002, dell&#8217;11 luglio, sui Servizi della Societ\u00e0 dell&#8217;Informazione e il [&hellip;]","og_url":"https:\/\/molgasenergy.com\/it\/termini\/","og_site_name":"Molgas","article_modified_time":"2025-04-12T17:18:55+00:00","twitter_card":"summary_large_image","twitter_misc":{"Tempo di lettura stimato":"8 minuti"},"schema":{"@context":"https:\/\/schema.org","@graph":[{"@type":"WebPage","@id":"https:\/\/molgasenergy.com\/it\/termini\/","url":"https:\/\/molgasenergy.com\/it\/termini\/","name":"Termini - Molgas","isPartOf":{"@id":"https:\/\/molgasenergy.com\/it\/#website"},"datePublished":"2024-11-19T23:45:02+00:00","dateModified":"2025-04-12T17:18:55+00:00","breadcrumb":{"@id":"https:\/\/molgasenergy.com\/it\/termini\/#breadcrumb"},"inLanguage":"it-IT","potentialAction":[{"@type":"ReadAction","target":["https:\/\/molgasenergy.com\/it\/termini\/"]}]},{"@type":"BreadcrumbList","@id":"https:\/\/molgasenergy.com\/it\/termini\/#breadcrumb","itemListElement":[{"@type":"ListItem","position":1,"name":"Home","item":"https:\/\/molgasenergy.com\/it\/"},{"@type":"ListItem","position":2,"name":"Termini"}]},{"@type":"WebSite","@id":"https:\/\/molgasenergy.com\/it\/#website","url":"https:\/\/molgasenergy.com\/it\/","name":"Molgas","description":"Molgas","publisher":{"@id":"https:\/\/molgasenergy.com\/it\/#organization"},"potentialAction":[{"@type":"SearchAction","target":{"@type":"EntryPoint","urlTemplate":"https:\/\/molgasenergy.com\/it\/?s={search_term_string}"},"query-input":{"@type":"PropertyValueSpecification","valueRequired":true,"valueName":"search_term_string"}}],"inLanguage":"it-IT"},{"@type":"Organization","@id":"https:\/\/molgasenergy.com\/it\/#organization","name":"Molgas","url":"https:\/\/molgasenergy.com\/it\/","logo":{"@type":"ImageObject","inLanguage":"it-IT","@id":"https:\/\/molgasenergy.com\/it\/#\/schema\/logo\/image\/","url":"https:\/\/molgasenergy.com\/wp-content\/uploads\/2025\/09\/LOGO-MOLGAS-PRIMARY.webp","contentUrl":"https:\/\/molgasenergy.com\/wp-content\/uploads\/2025\/09\/LOGO-MOLGAS-PRIMARY.webp","width":1490,"height":627,"caption":"Molgas"},"image":{"@id":"https:\/\/molgasenergy.com\/it\/#\/schema\/logo\/image\/"}}]}},"_links":{"self":[{"href":"https:\/\/molgasenergy.com\/it\/wp-json\/wp\/v2\/pages\/11740","targetHints":{"allow":["GET"]}}],"collection":[{"href":"https:\/\/molgasenergy.com\/it\/wp-json\/wp\/v2\/pages"}],"about":[{"href":"https:\/\/molgasenergy.com\/it\/wp-json\/wp\/v2\/types\/page"}],"author":[{"embeddable":true,"href":"https:\/\/molgasenergy.com\/it\/wp-json\/wp\/v2\/users\/1"}],"replies":[{"embeddable":true,"href":"https:\/\/molgasenergy.com\/it\/wp-json\/wp\/v2\/comments?post=11740"}],"version-history":[{"count":4,"href":"https:\/\/molgasenergy.com\/it\/wp-json\/wp\/v2\/pages\/11740\/revisions"}],"predecessor-version":[{"id":11746,"href":"https:\/\/molgasenergy.com\/it\/wp-json\/wp\/v2\/pages\/11740\/revisions\/11746"}],"wp:attachment":[{"href":"https:\/\/molgasenergy.com\/it\/wp-json\/wp\/v2\/media?parent=11740"}],"curies":[{"name":"wp","href":"https:\/\/api.w.org\/{rel}","templated":true}]}}