{"id":16140,"date":"2025-07-15T09:36:09","date_gmt":"2025-07-15T07:36:09","guid":{"rendered":"https:\/\/molgasenergy.com\/?page_id=16140"},"modified":"2025-07-15T09:39:08","modified_gmt":"2025-07-15T07:39:08","slug":"vie-privee-app","status":"publish","type":"page","link":"https:\/\/molgasenergy.com\/fr\/vie-privee-app\/","title":{"rendered":"Vie priv\u00e9e-app"},"content":{"rendered":"\t\t<div data-elementor-type=\"wp-page\" data-elementor-id=\"16140\" class=\"elementor elementor-16140 elementor-16137\" data-elementor-post-type=\"page\">\n\t\t\t\t<div class=\"elementor-element elementor-element-220240f e-flex e-con-boxed e-con e-parent\" data-id=\"220240f\" data-element_type=\"container\" data-e-type=\"container\">\n\t\t\t\t\t<div class=\"e-con-inner\">\n\t\t\t\t<div class=\"elementor-element elementor-element-0bfefb2 elementor-widget elementor-widget-heading\" data-id=\"0bfefb2\" data-element_type=\"widget\" data-e-type=\"widget\" data-widget_type=\"heading.default\">\n\t\t\t\t<div class=\"elementor-widget-container\">\n\t\t\t\t\t<h2 class=\"elementor-heading-title elementor-size-default\">Vie priv\u00e9e pour l\u2019application<\/h2>\t\t\t\t<\/div>\n\t\t\t\t<\/div>\n\t\t\t\t<div class=\"elementor-element elementor-element-3a92a9d elementor-widget elementor-widget-text-editor\" data-id=\"3a92a9d\" data-element_type=\"widget\" data-e-type=\"widget\" data-widget_type=\"text-editor.default\">\n\t\t\t\t<div class=\"elementor-widget-container\">\n\t\t\t\t\t\t\t\t\t<p><strong>Politique de confidentialit\u00e9 de l&rsquo;application MOLGAS ENERG\u00cdA S.A.U.<\/strong><\/p><p><strong>1. Responsable du traitement<\/strong><br \/>Le responsable du traitement de vos donn\u00e9es personnelles est MOLGAS ENERG\u00cdA S.A.U., dont le si\u00e8ge social est situ\u00e9 \u00e0 [adresse de l&rsquo;entreprise] et dont l&rsquo;adresse e-mail est\u00a0: <a href=\"mailto:rgpd.mlg@molgas.es\">rgpd.mlg@molgas.es<\/a>.<\/p><p><strong>2. Finalit\u00e9 du traitement<\/strong><br \/>Les donn\u00e9es personnelles que nous collectons via cette application servent \u00e0\u00a0:<\/p><ul><li>Afficher les stations Molgas et\/ou celles associ\u00e9es sur la carte\u00a0;<\/li><li>Permettre la navigation vers ces stations via Google Maps ou Waze\u00a0;<\/li><li>Afficher les stations selon un itin\u00e9raire d\u00e9fini par l&rsquo;utilisateur\u00a0;<\/li><li>Classer les stations par proximit\u00e9\u00a0;<\/li><li>Afficher les d\u00e9tails des stations (photos, services disponibles, \u00e9tat de fonctionnement)\u00a0;<\/li><li>Communiquer sur l&rsquo;\u00e9tat des stations (disponibles, en maintenance, hors service)\u00a0;<\/li><li>Recueillir des retours sur la satisfaction des utilisateurs\u00a0;<\/li><li>G\u00e9rer les changements de mot de passe des utilisateurs.<\/li><\/ul><p><strong>3. Base juridique<\/strong><br \/>La base juridique du traitement de vos donn\u00e9es est l&rsquo;ex\u00e9cution du contrat entre l&rsquo;utilisateur et MOLGAS ENERG\u00cdA S.A.U., d\u00e9coulant de l&rsquo;utilisation de l&rsquo;application.<\/p><p><strong>4. Conservation des donn\u00e9es<\/strong><br \/>Vos donn\u00e9es seront conserv\u00e9es pendant la dur\u00e9e n\u00e9cessaire \u00e0 la r\u00e9alisation des finalit\u00e9s susmentionn\u00e9es et \u00e0 la gestion d&rsquo;\u00e9ventuelles responsabilit\u00e9s l\u00e9gales.<\/p><p><strong>5. Destinataires des donn\u00e9es<\/strong><br \/>Vos donn\u00e9es personnelles ne seront pas transf\u00e9r\u00e9es \u00e0 des tiers, sauf obligation l\u00e9gale.<\/p><p><strong>6. Transferts internationaux<\/strong><br \/>L&rsquo;application peut interagir avec les services fournis par Google LLC et Apple Inc., soci\u00e9t\u00e9s adh\u00e9rant au Cadre de confidentialit\u00e9 des donn\u00e9es UE-\u00c9tats-Unis, qui garantit un niveau de protection ad\u00e9quat conform\u00e9ment au RGPD. Aucun autre transfert international de donn\u00e9es n&rsquo;est pr\u00e9vu.<\/p><p><strong>7. Droits<\/strong><br \/>Vous pouvez exercer vos droits de\u00a0:<\/p><ul><li>Acc\u00e8s<\/li><li>Rectification<\/li><li>Suppression<\/li><li>Opposition<\/li><li>Limitation du traitement<\/li><li>Portabilit\u00e9<\/li><\/ul><p>Pour ce faire, vous pouvez \u00e9crire \u00e0\u00a0:<br \/>\ud83d\udce7 <a href=\"mailto:rgpd.mlg@molgas.es\">rgpd.mlg@molgas.es<\/a><br \/>\ud83d\udce7 <a href=\"mailto:delegadoRGPD@molgas.es\">delegadoRGPD@molgas.es<\/a><\/p><p>Vous pouvez \u00e9galement contacter l&rsquo;Agence espagnole de <a href=\"https:\/\/sedeagpd.gob.es\/sede-electronica-web\/\" target=\"_blank\" rel=\"noopener\">protection des donn\u00e9es (AEPD) via son si\u00e8ge \u00e9lectronique.<\/a><\/p><p><strong>8. Informations compl\u00e9mentaires<\/strong><br \/>Vous trouverez des informations compl\u00e9mentaires et d\u00e9taill\u00e9es sur la protection g\u00e9n\u00e9rale des donn\u00e9es dans notre Politique de confidentialit\u00e9 (lien vers la Politique g\u00e9n\u00e9rale sur le site web de Molgas).<\/p>\t\t\t\t\t\t\t\t<\/div>\n\t\t\t\t<\/div>\n\t\t\t\t\t<\/div>\n\t\t\t\t<\/div>\n\t\t\t\t<\/div>\n\t\t","protected":false},"excerpt":{"rendered":"<p>Vie priv\u00e9e pour l\u2019application Politique de confidentialit\u00e9 de l&rsquo;application MOLGAS ENERG\u00cdA S.A.U. 1. Responsable du traitementLe responsable du traitement de [&hellip;]<\/p>\n","protected":false},"author":1,"featured_media":0,"parent":0,"menu_order":0,"comment_status":"closed","ping_status":"closed","template":"","meta":{"_acf_changed":false,"site-sidebar-layout":"no-sidebar","site-content-layout":"","ast-site-content-layout":"full-width-container","site-content-style":"default","site-sidebar-style":"default","ast-global-header-display":"","ast-banner-title-visibility":"","ast-main-header-display":"","ast-hfb-above-header-display":"","ast-hfb-below-header-display":"","ast-hfb-mobile-header-display":"","site-post-title":"disabled","ast-breadcrumbs-content":"","ast-featured-img":"disabled","footer-sml-layout":"","ast-disable-related-posts":"","theme-transparent-header-meta":"","adv-header-id-meta":"","stick-header-meta":"","header-above-stick-meta":"","header-main-stick-meta":"","header-below-stick-meta":"","astra-migrate-meta-layouts":"default","ast-page-background-enabled":"default","ast-page-background-meta":{"desktop":{"background-color":"var(--ast-global-color-4)","background-image":"","background-repeat":"repeat","background-position":"center center","background-size":"auto","background-attachment":"scroll","background-type":"","background-media":"","overlay-type":"","overlay-color":"","overlay-opacity":"","overlay-gradient":""},"tablet":{"background-color":"","background-image":"","background-repeat":"repeat","background-position":"center center","background-size":"auto","background-attachment":"scroll","background-type":"","background-media":"","overlay-type":"","overlay-color":"","overlay-opacity":"","overlay-gradient":""},"mobile":{"background-color":"","background-image":"","background-repeat":"repeat","background-position":"center center","background-size":"auto","background-attachment":"scroll","background-type":"","background-media":"","overlay-type":"","overlay-color":"","overlay-opacity":"","overlay-gradient":""}},"ast-content-background-meta":{"desktop":{"background-color":"var(--ast-global-color-5)","background-image":"","background-repeat":"repeat","background-position":"center center","background-size":"auto","background-attachment":"scroll","background-type":"","background-media":"","overlay-type":"","overlay-color":"","overlay-opacity":"","overlay-gradient":""},"tablet":{"background-color":"var(--ast-global-color-5)","background-image":"","background-repeat":"repeat","background-position":"center center","background-size":"auto","background-attachment":"scroll","background-type":"","background-media":"","overlay-type":"","overlay-color":"","overlay-opacity":"","overlay-gradient":""},"mobile":{"background-color":"var(--ast-global-color-5)","background-image":"","background-repeat":"repeat","background-position":"center center","background-size":"auto","background-attachment":"scroll","background-type":"","background-media":"","overlay-type":"","overlay-color":"","overlay-opacity":"","overlay-gradient":""}},"footnotes":""},"class_list":["post-16140","page","type-page","status-publish","hentry"],"acf":[],"yoast_head":"<!-- This site is optimized with the Yoast SEO plugin v27.5 - https:\/\/yoast.com\/product\/yoast-seo-wordpress\/ -->\n<title>Vie priv\u00e9e-app - Molgas<\/title>\n<meta name=\"robots\" content=\"index, follow, max-snippet:-1, max-image-preview:large, max-video-preview:-1\" \/>\n<link rel=\"canonical\" href=\"https:\/\/molgasenergy.com\/fr\/vie-privee-app\/\" \/>\n<meta property=\"og:locale\" content=\"fr_FR\" \/>\n<meta property=\"og:type\" content=\"article\" \/>\n<meta property=\"og:title\" content=\"Vie priv\u00e9e-app - Molgas\" \/>\n<meta property=\"og:description\" content=\"Vie priv\u00e9e pour l\u2019application Politique de confidentialit\u00e9 de l&rsquo;application MOLGAS ENERG\u00cdA S.A.U. 1. Responsable du traitementLe responsable du traitement de [&hellip;]\" \/>\n<meta property=\"og:url\" content=\"https:\/\/molgasenergy.com\/fr\/vie-privee-app\/\" \/>\n<meta property=\"og:site_name\" content=\"Molgas\" \/>\n<meta property=\"article:modified_time\" content=\"2025-07-15T07:39:08+00:00\" \/>\n<meta name=\"twitter:card\" content=\"summary_large_image\" \/>\n<meta name=\"twitter:label1\" content=\"Dur\u00e9e de lecture estim\u00e9e\" \/>\n\t<meta name=\"twitter:data1\" content=\"2 minutes\" \/>\n<script type=\"application\/ld+json\" class=\"yoast-schema-graph\">{\"@context\":\"https:\\\/\\\/schema.org\",\"@graph\":[{\"@type\":\"WebPage\",\"@id\":\"https:\\\/\\\/molgasenergy.com\\\/fr\\\/vie-privee-app\\\/\",\"url\":\"https:\\\/\\\/molgasenergy.com\\\/fr\\\/vie-privee-app\\\/\",\"name\":\"Vie priv\u00e9e-app - Molgas\",\"isPartOf\":{\"@id\":\"https:\\\/\\\/molgasenergy.com\\\/fr\\\/#website\"},\"datePublished\":\"2025-07-15T07:36:09+00:00\",\"dateModified\":\"2025-07-15T07:39:08+00:00\",\"breadcrumb\":{\"@id\":\"https:\\\/\\\/molgasenergy.com\\\/fr\\\/vie-privee-app\\\/#breadcrumb\"},\"inLanguage\":\"fr-FR\",\"potentialAction\":[{\"@type\":\"ReadAction\",\"target\":[\"https:\\\/\\\/molgasenergy.com\\\/fr\\\/vie-privee-app\\\/\"]}]},{\"@type\":\"BreadcrumbList\",\"@id\":\"https:\\\/\\\/molgasenergy.com\\\/fr\\\/vie-privee-app\\\/#breadcrumb\",\"itemListElement\":[{\"@type\":\"ListItem\",\"position\":1,\"name\":\"Home\",\"item\":\"https:\\\/\\\/molgasenergy.com\\\/fr\\\/\"},{\"@type\":\"ListItem\",\"position\":2,\"name\":\"Vie priv\u00e9e-app\"}]},{\"@type\":\"WebSite\",\"@id\":\"https:\\\/\\\/molgasenergy.com\\\/fr\\\/#website\",\"url\":\"https:\\\/\\\/molgasenergy.com\\\/fr\\\/\",\"name\":\"Molgas\",\"description\":\"Molgas\",\"publisher\":{\"@id\":\"https:\\\/\\\/molgasenergy.com\\\/fr\\\/#organization\"},\"potentialAction\":[{\"@type\":\"SearchAction\",\"target\":{\"@type\":\"EntryPoint\",\"urlTemplate\":\"https:\\\/\\\/molgasenergy.com\\\/fr\\\/?s={search_term_string}\"},\"query-input\":{\"@type\":\"PropertyValueSpecification\",\"valueRequired\":true,\"valueName\":\"search_term_string\"}}],\"inLanguage\":\"fr-FR\"},{\"@type\":\"Organization\",\"@id\":\"https:\\\/\\\/molgasenergy.com\\\/fr\\\/#organization\",\"name\":\"Molgas\",\"url\":\"https:\\\/\\\/molgasenergy.com\\\/fr\\\/\",\"logo\":{\"@type\":\"ImageObject\",\"inLanguage\":\"fr-FR\",\"@id\":\"https:\\\/\\\/molgasenergy.com\\\/fr\\\/#\\\/schema\\\/logo\\\/image\\\/\",\"url\":\"https:\\\/\\\/molgasenergy.com\\\/wp-content\\\/uploads\\\/2025\\\/09\\\/LOGO-MOLGAS-PRIMARY.webp\",\"contentUrl\":\"https:\\\/\\\/molgasenergy.com\\\/wp-content\\\/uploads\\\/2025\\\/09\\\/LOGO-MOLGAS-PRIMARY.webp\",\"width\":1490,\"height\":627,\"caption\":\"Molgas\"},\"image\":{\"@id\":\"https:\\\/\\\/molgasenergy.com\\\/fr\\\/#\\\/schema\\\/logo\\\/image\\\/\"}}]}<\/script>\n<!-- \/ Yoast SEO plugin. -->","yoast_head_json":{"title":"Vie priv\u00e9e-app - Molgas","robots":{"index":"index","follow":"follow","max-snippet":"max-snippet:-1","max-image-preview":"max-image-preview:large","max-video-preview":"max-video-preview:-1"},"canonical":"https:\/\/molgasenergy.com\/fr\/vie-privee-app\/","og_locale":"fr_FR","og_type":"article","og_title":"Vie priv\u00e9e-app - Molgas","og_description":"Vie priv\u00e9e pour l\u2019application Politique de confidentialit\u00e9 de l&rsquo;application MOLGAS ENERG\u00cdA S.A.U. 1. Responsable du traitementLe responsable du traitement de [&hellip;]","og_url":"https:\/\/molgasenergy.com\/fr\/vie-privee-app\/","og_site_name":"Molgas","article_modified_time":"2025-07-15T07:39:08+00:00","twitter_card":"summary_large_image","twitter_misc":{"Dur\u00e9e de lecture estim\u00e9e":"2 minutes"},"schema":{"@context":"https:\/\/schema.org","@graph":[{"@type":"WebPage","@id":"https:\/\/molgasenergy.com\/fr\/vie-privee-app\/","url":"https:\/\/molgasenergy.com\/fr\/vie-privee-app\/","name":"Vie priv\u00e9e-app - Molgas","isPartOf":{"@id":"https:\/\/molgasenergy.com\/fr\/#website"},"datePublished":"2025-07-15T07:36:09+00:00","dateModified":"2025-07-15T07:39:08+00:00","breadcrumb":{"@id":"https:\/\/molgasenergy.com\/fr\/vie-privee-app\/#breadcrumb"},"inLanguage":"fr-FR","potentialAction":[{"@type":"ReadAction","target":["https:\/\/molgasenergy.com\/fr\/vie-privee-app\/"]}]},{"@type":"BreadcrumbList","@id":"https:\/\/molgasenergy.com\/fr\/vie-privee-app\/#breadcrumb","itemListElement":[{"@type":"ListItem","position":1,"name":"Home","item":"https:\/\/molgasenergy.com\/fr\/"},{"@type":"ListItem","position":2,"name":"Vie priv\u00e9e-app"}]},{"@type":"WebSite","@id":"https:\/\/molgasenergy.com\/fr\/#website","url":"https:\/\/molgasenergy.com\/fr\/","name":"Molgas","description":"Molgas","publisher":{"@id":"https:\/\/molgasenergy.com\/fr\/#organization"},"potentialAction":[{"@type":"SearchAction","target":{"@type":"EntryPoint","urlTemplate":"https:\/\/molgasenergy.com\/fr\/?s={search_term_string}"},"query-input":{"@type":"PropertyValueSpecification","valueRequired":true,"valueName":"search_term_string"}}],"inLanguage":"fr-FR"},{"@type":"Organization","@id":"https:\/\/molgasenergy.com\/fr\/#organization","name":"Molgas","url":"https:\/\/molgasenergy.com\/fr\/","logo":{"@type":"ImageObject","inLanguage":"fr-FR","@id":"https:\/\/molgasenergy.com\/fr\/#\/schema\/logo\/image\/","url":"https:\/\/molgasenergy.com\/wp-content\/uploads\/2025\/09\/LOGO-MOLGAS-PRIMARY.webp","contentUrl":"https:\/\/molgasenergy.com\/wp-content\/uploads\/2025\/09\/LOGO-MOLGAS-PRIMARY.webp","width":1490,"height":627,"caption":"Molgas"},"image":{"@id":"https:\/\/molgasenergy.com\/fr\/#\/schema\/logo\/image\/"}}]}},"_links":{"self":[{"href":"https:\/\/molgasenergy.com\/fr\/wp-json\/wp\/v2\/pages\/16140","targetHints":{"allow":["GET"]}}],"collection":[{"href":"https:\/\/molgasenergy.com\/fr\/wp-json\/wp\/v2\/pages"}],"about":[{"href":"https:\/\/molgasenergy.com\/fr\/wp-json\/wp\/v2\/types\/page"}],"author":[{"embeddable":true,"href":"https:\/\/molgasenergy.com\/fr\/wp-json\/wp\/v2\/users\/1"}],"replies":[{"embeddable":true,"href":"https:\/\/molgasenergy.com\/fr\/wp-json\/wp\/v2\/comments?post=16140"}],"version-history":[{"count":5,"href":"https:\/\/molgasenergy.com\/fr\/wp-json\/wp\/v2\/pages\/16140\/revisions"}],"predecessor-version":[{"id":16167,"href":"https:\/\/molgasenergy.com\/fr\/wp-json\/wp\/v2\/pages\/16140\/revisions\/16167"}],"wp:attachment":[{"href":"https:\/\/molgasenergy.com\/fr\/wp-json\/wp\/v2\/media?parent=16140"}],"curies":[{"name":"wp","href":"https:\/\/api.w.org\/{rel}","templated":true}]}}