{"id":14151,"date":"2025-06-11T23:54:04","date_gmt":"2025-06-11T21:54:04","guid":{"rendered":"https:\/\/molgasenergy.com\/?page_id=14151"},"modified":"2025-09-19T15:14:38","modified_gmt":"2025-09-19T13:14:38","slug":"gestion-des-risques","status":"publish","type":"page","link":"https:\/\/molgasenergy.com\/fr\/gestion-des-risques\/","title":{"rendered":"Gestion des risques"},"content":{"rendered":"\t\t<div data-elementor-type=\"wp-page\" data-elementor-id=\"14151\" class=\"elementor elementor-14151 elementor-14148\" data-elementor-post-type=\"page\">\n\t\t\t\t<div class=\"elementor-element elementor-element-9cf9df7 e-flex e-con-boxed e-con e-parent\" data-id=\"9cf9df7\" data-element_type=\"container\" data-e-type=\"container\" data-settings=\"{&quot;background_background&quot;:&quot;classic&quot;}\">\n\t\t\t\t\t<div class=\"e-con-inner\">\n\t\t<div class=\"elementor-element elementor-element-4372f17 e-con-full e-flex e-con e-child\" data-id=\"4372f17\" data-element_type=\"container\" data-e-type=\"container\">\n\t\t<div class=\"elementor-element elementor-element-e2811e8 e-con-full e-flex e-con e-child\" data-id=\"e2811e8\" data-element_type=\"container\" data-e-type=\"container\" data-settings=\"{&quot;background_background&quot;:&quot;classic&quot;}\">\n\t\t\t\t<\/div>\n\t\t\t\t<\/div>\n\t\t<div class=\"elementor-element elementor-element-d87aa59 e-con-full e-flex e-con e-child\" data-id=\"d87aa59\" data-element_type=\"container\" data-e-type=\"container\">\n\t\t\t\t<div class=\"elementor-element elementor-element-37b764e elementor-widget elementor-widget-heading\" data-id=\"37b764e\" data-element_type=\"widget\" data-e-type=\"widget\" data-widget_type=\"heading.default\">\n\t\t\t\t<div class=\"elementor-widget-container\">\n\t\t\t\t\t<h2 class=\"elementor-heading-title elementor-size-default\">Gestion des risques<\/h2>\t\t\t\t<\/div>\n\t\t\t\t<\/div>\n\t\t\t\t<div class=\"elementor-element elementor-element-a6e14d4 elementor-widget elementor-widget-text-editor\" data-id=\"a6e14d4\" data-element_type=\"widget\" data-e-type=\"widget\" data-widget_type=\"text-editor.default\">\n\t\t\t\t<div class=\"elementor-widget-container\">\n\t\t\t\t\t\t\t\t\t<p>Le march\u00e9 de l&rsquo;\u00e9nergie est connu pour sa forte volatilit\u00e9, aliment\u00e9e par des facteurs tels que les fluctuations de l&rsquo;offre et de la demande, les conflits g\u00e9opolitiques et la transition en cours vers les \u00e9nergies renouvelables. Une flamb\u00e9e soudaine des prix du p\u00e9trole ou du gaz pourrait r\u00e9duire consid\u00e9rablement la rentabilit\u00e9 de nos clients.<\/p>\t\t\t\t\t\t\t\t<\/div>\n\t\t\t\t<\/div>\n\t\t\t\t<div class=\"elementor-element elementor-element-e88d800 elementor-widget elementor-widget-heading\" data-id=\"e88d800\" data-element_type=\"widget\" data-e-type=\"widget\" data-widget_type=\"heading.default\">\n\t\t\t\t<div class=\"elementor-widget-container\">\n\t\t\t\t\t<p class=\"elementor-heading-title elementor-size-default\">Pour att\u00e9nuer ce risque, Molgas propose des partenariats \u00e0 long terme et des strat\u00e9gies de couverture financi\u00e8re qui garantissent des prix stables et pr\u00e9visibles.<\/p>\t\t\t\t<\/div>\n\t\t\t\t<\/div>\n\t\t\t\t<div class=\"elementor-element elementor-element-f01a9e5 elementor-button-align-start elementor-tablet-button-align-center elementor-widget__width-inherit careers-form elementor-widget elementor-widget-form\" data-id=\"f01a9e5\" data-element_type=\"widget\" data-e-type=\"widget\" data-settings=\"{&quot;step_next_label&quot;:&quot;Siguiente&quot;,&quot;step_previous_label&quot;:&quot;Anterior&quot;,&quot;button_width&quot;:&quot;100&quot;,&quot;step_type&quot;:&quot;number_text&quot;,&quot;step_icon_shape&quot;:&quot;circle&quot;}\" data-widget_type=\"form.default\">\n\t\t\t\t<div class=\"elementor-widget-container\">\n\t\t\t\t\t\t\t<form class=\"elementor-form\" method=\"post\" name=\"Gesti\u00f3n de riesgos\" aria-label=\"Gesti\u00f3n de riesgos\">\n\t\t\t<input type=\"hidden\" name=\"post_id\" value=\"14151\"\/>\n\t\t\t<input type=\"hidden\" name=\"form_id\" value=\"f01a9e5\"\/>\n\t\t\t<input type=\"hidden\" name=\"referer_title\" value=\"Gestion des risques - Molgas\" \/>\n\n\t\t\t\t\t\t\t<input type=\"hidden\" name=\"queried_id\" value=\"14151\"\/>\n\t\t\t\n\t\t\t<div class=\"elementor-form-fields-wrapper elementor-labels-above\">\n\t\t\t\t\t\t\t\t<div class=\"elementor-field-type-text elementor-field-group elementor-column elementor-field-group-company elementor-col-100\">\n\t\t\t\t\t\t\t\t\t\t\t\t<label for=\"form-field-company\" class=\"elementor-field-label\">\n\t\t\t\t\t\t\t\tEntreprise\t\t\t\t\t\t\t<\/label>\n\t\t\t\t\t\t\t\t\t\t\t\t\t\t<input size=\"1\" type=\"text\" name=\"form_fields[company]\" id=\"form-field-company\" class=\"elementor-field elementor-size-lg  elementor-field-textual\">\n\t\t\t\t\t\t\t\t\t\t\t<\/div>\n\t\t\t\t\t\t\t\t<div class=\"elementor-field-type-email elementor-field-group elementor-column elementor-field-group-field_6541e73 elementor-col-100 elementor-field-required\">\n\t\t\t\t\t\t\t\t\t\t\t\t<label for=\"form-field-field_6541e73\" class=\"elementor-field-label\">\n\t\t\t\t\t\t\t\tE-mail\t\t\t\t\t\t\t<\/label>\n\t\t\t\t\t\t\t\t\t\t\t\t\t\t<input size=\"1\" type=\"email\" name=\"form_fields[field_6541e73]\" id=\"form-field-field_6541e73\" class=\"elementor-field elementor-size-lg  elementor-field-textual\" required=\"required\">\n\t\t\t\t\t\t\t\t\t\t\t<\/div>\n\t\t\t\t\t\t\t\t<div class=\"elementor-field-type-tel elementor-field-group elementor-column elementor-field-group-field_0970d1f elementor-col-100 elementor-field-required\">\n\t\t\t\t\t\t\t\t\t\t\t\t<label for=\"form-field-field_0970d1f\" class=\"elementor-field-label\">\n\t\t\t\t\t\t\t\tT\u00e9l\u00e9phone\t\t\t\t\t\t\t<\/label>\n\t\t\t\t\t\t\t\t<input size=\"1\" type=\"tel\" name=\"form_fields[field_0970d1f]\" id=\"form-field-field_0970d1f\" class=\"elementor-field elementor-size-lg  elementor-field-textual\" required=\"required\" pattern=\"[0-9()#&amp;+*-=.]+\" title=\"Seuls les caract\u00e8res de num\u00e9ros de t\u00e9l\u00e9phone (#, -, *, etc.) sont accept\u00e9s.\">\n\n\t\t\t\t\t\t<\/div>\n\t\t\t\t\t\t\t\t<div class=\"elementor-field-type-acceptance elementor-field-group elementor-column elementor-field-group-field_e17483f elementor-col-100 elementor-field-required\">\n\t\t\t\t\t\t\t<div class=\"elementor-field-subgroup\">\n\t\t\t<span class=\"elementor-field-option\">\n\t\t\t\t<input type=\"checkbox\" name=\"form_fields[field_e17483f]\" id=\"form-field-field_e17483f\" class=\"elementor-field elementor-size-lg  elementor-acceptance-field\" required=\"required\">\n\t\t\t\t<label for=\"form-field-field_e17483f\">J'ai lu et j'accepte les <a href=\"\/fr\/conditions\/\" target=\"_blank\">mentions l\u00e9gales<\/a><\/label>\t\t\t<\/span>\n\t\t<\/div>\n\t\t\t\t\t\t<\/div>\n\t\t\t\t\t\t\t\t<div class=\"elementor-field-type-recaptcha_v3 elementor-field-group elementor-column elementor-field-group-field_5ef5bd3 elementor-col-100 recaptcha_v3-bottomright\">\n\t\t\t\t\t<div class=\"elementor-field\" id=\"form-field-field_5ef5bd3\"><div class=\"elementor-g-recaptcha\" data-sitekey=\"6Lc_c4kqAAAAAEyvHcg3sWcrrlyzqWU2tfEfM7XD\" data-type=\"v3\" data-action=\"Form\" data-badge=\"bottomright\" data-size=\"invisible\"><\/div><\/div>\t\t\t\t<\/div>\n\t\t\t\t\t\t\t\t<div class=\"elementor-field-group elementor-column elementor-field-type-submit elementor-col-100 e-form__buttons\">\n\t\t\t\t\t<button class=\"elementor-button elementor-size-sm\" type=\"submit\" id=\"btn-form-send-blue-bluelight\">\n\t\t\t\t\t\t<span class=\"elementor-button-content-wrapper\">\n\t\t\t\t\t\t\t\t\t\t\t\t\t\t\t\t\t\t\t\t\t\t<span class=\"elementor-button-text\">Envoyer un message<\/span>\n\t\t\t\t\t\t\t\t\t\t\t\t\t<\/span>\n\t\t\t\t\t<\/button>\n\t\t\t\t<\/div>\n\t\t\t<\/div>\n\t\t<\/form>\n\t\t\t\t\t\t<\/div>\n\t\t\t\t<\/div>\n\t\t\t\t<\/div>\n\t\t\t\t\t<\/div>\n\t\t\t\t<\/div>\n\t\t\t\t<\/div>\n\t\t","protected":false},"excerpt":{"rendered":"<p>Gestion des risques Le march\u00e9 de l&rsquo;\u00e9nergie est connu pour sa forte volatilit\u00e9, aliment\u00e9e par des facteurs tels que les [&hellip;]<\/p>\n","protected":false},"author":1,"featured_media":0,"parent":0,"menu_order":0,"comment_status":"closed","ping_status":"closed","template":"","meta":{"_acf_changed":false,"site-sidebar-layout":"no-sidebar","site-content-layout":"","ast-site-content-layout":"full-width-container","site-content-style":"default","site-sidebar-style":"default","ast-global-header-display":"","ast-banner-title-visibility":"","ast-main-header-display":"","ast-hfb-above-header-display":"","ast-hfb-below-header-display":"","ast-hfb-mobile-header-display":"","site-post-title":"disabled","ast-breadcrumbs-content":"","ast-featured-img":"disabled","footer-sml-layout":"","ast-disable-related-posts":"","theme-transparent-header-meta":"","adv-header-id-meta":"","stick-header-meta":"","header-above-stick-meta":"","header-main-stick-meta":"","header-below-stick-meta":"","astra-migrate-meta-layouts":"default","ast-page-background-enabled":"default","ast-page-background-meta":{"desktop":{"background-color":"var(--ast-global-color-4)","background-image":"","background-repeat":"repeat","background-position":"center center","background-size":"auto","background-attachment":"scroll","background-type":"","background-media":"","overlay-type":"","overlay-color":"","overlay-opacity":"","overlay-gradient":""},"tablet":{"background-color":"","background-image":"","background-repeat":"repeat","background-position":"center center","background-size":"auto","background-attachment":"scroll","background-type":"","background-media":"","overlay-type":"","overlay-color":"","overlay-opacity":"","overlay-gradient":""},"mobile":{"background-color":"","background-image":"","background-repeat":"repeat","background-position":"center center","background-size":"auto","background-attachment":"scroll","background-type":"","background-media":"","overlay-type":"","overlay-color":"","overlay-opacity":"","overlay-gradient":""}},"ast-content-background-meta":{"desktop":{"background-color":"var(--ast-global-color-5)","background-image":"","background-repeat":"repeat","background-position":"center center","background-size":"auto","background-attachment":"scroll","background-type":"","background-media":"","overlay-type":"","overlay-color":"","overlay-opacity":"","overlay-gradient":""},"tablet":{"background-color":"var(--ast-global-color-5)","background-image":"","background-repeat":"repeat","background-position":"center center","background-size":"auto","background-attachment":"scroll","background-type":"","background-media":"","overlay-type":"","overlay-color":"","overlay-opacity":"","overlay-gradient":""},"mobile":{"background-color":"var(--ast-global-color-5)","background-image":"","background-repeat":"repeat","background-position":"center center","background-size":"auto","background-attachment":"scroll","background-type":"","background-media":"","overlay-type":"","overlay-color":"","overlay-opacity":"","overlay-gradient":""}},"footnotes":""},"class_list":["post-14151","page","type-page","status-publish","hentry"],"acf":[],"yoast_head":"<!-- This site is optimized with the Yoast SEO plugin v27.5 - https:\/\/yoast.com\/product\/yoast-seo-wordpress\/ -->\n<title>Gestion des risques - Molgas<\/title>\n<meta name=\"robots\" content=\"index, follow, max-snippet:-1, max-image-preview:large, max-video-preview:-1\" \/>\n<link rel=\"canonical\" href=\"https:\/\/molgasenergy.com\/fr\/gestion-des-risques\/\" \/>\n<meta property=\"og:locale\" content=\"fr_FR\" \/>\n<meta property=\"og:type\" content=\"article\" \/>\n<meta property=\"og:title\" content=\"Gestion des risques - Molgas\" \/>\n<meta property=\"og:description\" content=\"Gestion des risques Le march\u00e9 de l&rsquo;\u00e9nergie est connu pour sa forte volatilit\u00e9, aliment\u00e9e par des facteurs tels que les [&hellip;]\" \/>\n<meta property=\"og:url\" content=\"https:\/\/molgasenergy.com\/fr\/gestion-des-risques\/\" \/>\n<meta property=\"og:site_name\" content=\"Molgas\" \/>\n<meta property=\"article:modified_time\" content=\"2025-09-19T13:14:38+00:00\" \/>\n<meta name=\"twitter:card\" content=\"summary_large_image\" \/>\n<meta name=\"twitter:label1\" content=\"Dur\u00e9e de lecture estim\u00e9e\" \/>\n\t<meta name=\"twitter:data1\" content=\"1 minute\" \/>\n<script type=\"application\/ld+json\" class=\"yoast-schema-graph\">{\"@context\":\"https:\\\/\\\/schema.org\",\"@graph\":[{\"@type\":\"WebPage\",\"@id\":\"https:\\\/\\\/molgasenergy.com\\\/fr\\\/gestion-des-risques\\\/\",\"url\":\"https:\\\/\\\/molgasenergy.com\\\/fr\\\/gestion-des-risques\\\/\",\"name\":\"Gestion des risques - Molgas\",\"isPartOf\":{\"@id\":\"https:\\\/\\\/molgasenergy.com\\\/fr\\\/#website\"},\"datePublished\":\"2025-06-11T21:54:04+00:00\",\"dateModified\":\"2025-09-19T13:14:38+00:00\",\"breadcrumb\":{\"@id\":\"https:\\\/\\\/molgasenergy.com\\\/fr\\\/gestion-des-risques\\\/#breadcrumb\"},\"inLanguage\":\"fr-FR\",\"potentialAction\":[{\"@type\":\"ReadAction\",\"target\":[\"https:\\\/\\\/molgasenergy.com\\\/fr\\\/gestion-des-risques\\\/\"]}]},{\"@type\":\"BreadcrumbList\",\"@id\":\"https:\\\/\\\/molgasenergy.com\\\/fr\\\/gestion-des-risques\\\/#breadcrumb\",\"itemListElement\":[{\"@type\":\"ListItem\",\"position\":1,\"name\":\"Home\",\"item\":\"https:\\\/\\\/molgasenergy.com\\\/fr\\\/\"},{\"@type\":\"ListItem\",\"position\":2,\"name\":\"Gestion des risques\"}]},{\"@type\":\"WebSite\",\"@id\":\"https:\\\/\\\/molgasenergy.com\\\/fr\\\/#website\",\"url\":\"https:\\\/\\\/molgasenergy.com\\\/fr\\\/\",\"name\":\"Molgas\",\"description\":\"Molgas\",\"publisher\":{\"@id\":\"https:\\\/\\\/molgasenergy.com\\\/fr\\\/#organization\"},\"potentialAction\":[{\"@type\":\"SearchAction\",\"target\":{\"@type\":\"EntryPoint\",\"urlTemplate\":\"https:\\\/\\\/molgasenergy.com\\\/fr\\\/?s={search_term_string}\"},\"query-input\":{\"@type\":\"PropertyValueSpecification\",\"valueRequired\":true,\"valueName\":\"search_term_string\"}}],\"inLanguage\":\"fr-FR\"},{\"@type\":\"Organization\",\"@id\":\"https:\\\/\\\/molgasenergy.com\\\/fr\\\/#organization\",\"name\":\"Molgas\",\"url\":\"https:\\\/\\\/molgasenergy.com\\\/fr\\\/\",\"logo\":{\"@type\":\"ImageObject\",\"inLanguage\":\"fr-FR\",\"@id\":\"https:\\\/\\\/molgasenergy.com\\\/fr\\\/#\\\/schema\\\/logo\\\/image\\\/\",\"url\":\"https:\\\/\\\/molgasenergy.com\\\/wp-content\\\/uploads\\\/2025\\\/09\\\/LOGO-MOLGAS-PRIMARY.webp\",\"contentUrl\":\"https:\\\/\\\/molgasenergy.com\\\/wp-content\\\/uploads\\\/2025\\\/09\\\/LOGO-MOLGAS-PRIMARY.webp\",\"width\":1490,\"height\":627,\"caption\":\"Molgas\"},\"image\":{\"@id\":\"https:\\\/\\\/molgasenergy.com\\\/fr\\\/#\\\/schema\\\/logo\\\/image\\\/\"}}]}<\/script>\n<!-- \/ Yoast SEO plugin. -->","yoast_head_json":{"title":"Gestion des risques - Molgas","robots":{"index":"index","follow":"follow","max-snippet":"max-snippet:-1","max-image-preview":"max-image-preview:large","max-video-preview":"max-video-preview:-1"},"canonical":"https:\/\/molgasenergy.com\/fr\/gestion-des-risques\/","og_locale":"fr_FR","og_type":"article","og_title":"Gestion des risques - Molgas","og_description":"Gestion des risques Le march\u00e9 de l&rsquo;\u00e9nergie est connu pour sa forte volatilit\u00e9, aliment\u00e9e par des facteurs tels que les [&hellip;]","og_url":"https:\/\/molgasenergy.com\/fr\/gestion-des-risques\/","og_site_name":"Molgas","article_modified_time":"2025-09-19T13:14:38+00:00","twitter_card":"summary_large_image","twitter_misc":{"Dur\u00e9e de lecture estim\u00e9e":"1 minute"},"schema":{"@context":"https:\/\/schema.org","@graph":[{"@type":"WebPage","@id":"https:\/\/molgasenergy.com\/fr\/gestion-des-risques\/","url":"https:\/\/molgasenergy.com\/fr\/gestion-des-risques\/","name":"Gestion des risques - Molgas","isPartOf":{"@id":"https:\/\/molgasenergy.com\/fr\/#website"},"datePublished":"2025-06-11T21:54:04+00:00","dateModified":"2025-09-19T13:14:38+00:00","breadcrumb":{"@id":"https:\/\/molgasenergy.com\/fr\/gestion-des-risques\/#breadcrumb"},"inLanguage":"fr-FR","potentialAction":[{"@type":"ReadAction","target":["https:\/\/molgasenergy.com\/fr\/gestion-des-risques\/"]}]},{"@type":"BreadcrumbList","@id":"https:\/\/molgasenergy.com\/fr\/gestion-des-risques\/#breadcrumb","itemListElement":[{"@type":"ListItem","position":1,"name":"Home","item":"https:\/\/molgasenergy.com\/fr\/"},{"@type":"ListItem","position":2,"name":"Gestion des risques"}]},{"@type":"WebSite","@id":"https:\/\/molgasenergy.com\/fr\/#website","url":"https:\/\/molgasenergy.com\/fr\/","name":"Molgas","description":"Molgas","publisher":{"@id":"https:\/\/molgasenergy.com\/fr\/#organization"},"potentialAction":[{"@type":"SearchAction","target":{"@type":"EntryPoint","urlTemplate":"https:\/\/molgasenergy.com\/fr\/?s={search_term_string}"},"query-input":{"@type":"PropertyValueSpecification","valueRequired":true,"valueName":"search_term_string"}}],"inLanguage":"fr-FR"},{"@type":"Organization","@id":"https:\/\/molgasenergy.com\/fr\/#organization","name":"Molgas","url":"https:\/\/molgasenergy.com\/fr\/","logo":{"@type":"ImageObject","inLanguage":"fr-FR","@id":"https:\/\/molgasenergy.com\/fr\/#\/schema\/logo\/image\/","url":"https:\/\/molgasenergy.com\/wp-content\/uploads\/2025\/09\/LOGO-MOLGAS-PRIMARY.webp","contentUrl":"https:\/\/molgasenergy.com\/wp-content\/uploads\/2025\/09\/LOGO-MOLGAS-PRIMARY.webp","width":1490,"height":627,"caption":"Molgas"},"image":{"@id":"https:\/\/molgasenergy.com\/fr\/#\/schema\/logo\/image\/"}}]}},"_links":{"self":[{"href":"https:\/\/molgasenergy.com\/fr\/wp-json\/wp\/v2\/pages\/14151","targetHints":{"allow":["GET"]}}],"collection":[{"href":"https:\/\/molgasenergy.com\/fr\/wp-json\/wp\/v2\/pages"}],"about":[{"href":"https:\/\/molgasenergy.com\/fr\/wp-json\/wp\/v2\/types\/page"}],"author":[{"embeddable":true,"href":"https:\/\/molgasenergy.com\/fr\/wp-json\/wp\/v2\/users\/1"}],"replies":[{"embeddable":true,"href":"https:\/\/molgasenergy.com\/fr\/wp-json\/wp\/v2\/comments?post=14151"}],"version-history":[{"count":10,"href":"https:\/\/molgasenergy.com\/fr\/wp-json\/wp\/v2\/pages\/14151\/revisions"}],"predecessor-version":[{"id":17611,"href":"https:\/\/molgasenergy.com\/fr\/wp-json\/wp\/v2\/pages\/14151\/revisions\/17611"}],"wp:attachment":[{"href":"https:\/\/molgasenergy.com\/fr\/wp-json\/wp\/v2\/media?parent=14151"}],"curies":[{"name":"wp","href":"https:\/\/api.w.org\/{rel}","templated":true}]}}