{"id":10992,"date":"2024-11-20T00:45:02","date_gmt":"2024-11-19T23:45:02","guid":{"rendered":"https:\/\/molgasenergy.com\/conditions\/"},"modified":"2025-04-09T01:02:44","modified_gmt":"2025-04-08T23:02:44","slug":"conditions","status":"publish","type":"page","link":"https:\/\/molgasenergy.com\/fr\/conditions\/","title":{"rendered":"Conditions"},"content":{"rendered":"\t\t<div data-elementor-type=\"wp-page\" data-elementor-id=\"10992\" class=\"elementor elementor-10992 elementor-3354\" data-elementor-post-type=\"page\">\n\t\t\t\t<div class=\"elementor-element elementor-element-b25c3cd e-flex e-con-boxed e-con e-parent\" data-id=\"b25c3cd\" data-element_type=\"container\" data-e-type=\"container\">\n\t\t\t\t\t<div class=\"e-con-inner\">\n\t\t\t\t<div class=\"elementor-element elementor-element-2ba11ac elementor-widget elementor-widget-heading\" data-id=\"2ba11ac\" data-element_type=\"widget\" data-e-type=\"widget\" data-widget_type=\"heading.default\">\n\t\t\t\t<div class=\"elementor-widget-container\">\n\t\t\t\t\t<h2 class=\"elementor-heading-title elementor-size-default\">Conditions<\/h2>\t\t\t\t<\/div>\n\t\t\t\t<\/div>\n\t\t\t\t<div class=\"elementor-element elementor-element-964da11 elementor-widget elementor-widget-text-editor\" data-id=\"964da11\" data-element_type=\"widget\" data-e-type=\"widget\" data-widget_type=\"text-editor.default\">\n\t\t\t\t<div class=\"elementor-widget-container\">\n\t\t\t\t\t\t\t\t\t<p><b>1.- IDENTIFICATION<\/b><\/p><p>Conform\u00e9ment aux dispositions de la loi 34\/2002, du 11 juillet, sur les services de la soci\u00e9t\u00e9 de l&rsquo;information et le commerce \u00e9lectronique, nous vous informons que ce site web est la propri\u00e9t\u00e9 de MOLGAS ENERGY, S.A.U. (ci-apr\u00e8s, \u00a0\u00bb Molgas \u00ab\u00a0), inscrite au registre des soci\u00e9t\u00e9s de Madrid, avec le code d&rsquo;identification fiscale A-81466625. Donn\u00e9es d&rsquo;inscription : INSCRIPTION AU REGISTRE DES SOCIETES DE MADRID, VOLUME 11.082, LIVRE 0, SECTION 8, FOLIO 131, FICHE M-174635, INSCRIPTION 1, 17-06-2096.<\/p><p>Pour une communication efficace avec l&rsquo;entreprise, les formes de contact suivantes sont valables :<\/p><ul><li aria-level=\"1\"><b>Adresse postale : <\/b>Avenida Castilla n\u00ba 2 Edf. F, Esc B, Planta 2\u00aa, Puerta 3, Parque Empresarial San Fernando, San Fernando de Henares (Madrid).<\/li><li aria-level=\"1\"><b>T\u00e9l\u00e9phone : <\/b>+34 916600055<\/li><li aria-level=\"1\"><b>Adresse \u00e9lectronique<\/b><a href=\"mailto:rgpd.mlg@molgas.es\">rgpd.mlg@molgas.es<\/a><\/li><\/ul><p>Molgas est une entreprise d\u00e9di\u00e9e \u00e0 la commercialisation et \u00e0 la fourniture de gaz naturel, d\u00fbment enregistr\u00e9e en tant qu&rsquo;entreprise de commercialisation de gaz naturel dans le registre correspondant de la direction g\u00e9n\u00e9rale de la politique \u00e9nerg\u00e9tique et des mines du minist\u00e8re de l&rsquo;\u00e9conomie, avec le num\u00e9ro d&rsquo;identification S2-021.<\/p><p>En acc\u00e9dant et\/ou en utilisant le site Molgasenergy.com (ci-apr\u00e8s, le \u00ab\u00a0site Web\u00a0\u00bb), l&rsquo;utilisateur accepte les pr\u00e9sentes mentions l\u00e9gales.<\/p><p>L&rsquo;utilisateur (ci-apr\u00e8s, l'\u00a0\u00bbutilisateur\u00a0\u00bb) peut contacter Molgas en envoyant un courrier \u00e9lectronique \u00e0 .<a href=\"mailto:rgpd.mlg@molgas.es\"><b>rgpd.mlg@molgas.es<\/b><\/a><\/p><p><b>2.- OBJET<\/b><\/p><p>Le pr\u00e9sent avis juridique r\u00e9git l&rsquo;acc\u00e8s au site web et son utilisation. Molgas se r\u00e9serve le droit de modifier son contenu \u00e0 tout moment. Dans ce cas, les utilisateurs seront inform\u00e9s des modifications apport\u00e9es.<\/p><p>L&rsquo;acc\u00e8s \u00e0 certains contenus et l&rsquo;utilisation de certains services peuvent \u00eatre soumis \u00e0 des conditions particuli\u00e8res, qui seront clairement indiqu\u00e9es et devront \u00eatre express\u00e9ment accept\u00e9es par les utilisateurs.<\/p><p>L&rsquo;utilisateur garantit qu&rsquo;il a la capacit\u00e9 juridique de lire et de comprendre le pr\u00e9sent avis juridique et qu&rsquo;il est responsable de l&rsquo;acc\u00e8s et de l&rsquo;utilisation corrects du site web.<\/p><p><b>3.- PROPRI\u00c9T\u00c9 INTELLECTUELLE ET INDUSTRIELLE<\/b><\/p><p>Molgas est titulaire des droits d&rsquo;exploitation de la propri\u00e9t\u00e9 industrielle et intellectuelle relatifs au site web, y compris les textes, photographies, illustrations, logos, marques, dessins et autres contenus.<\/p><p>L&rsquo;acc\u00e8s au site Web n&rsquo;implique pas de transfert de droits \u00e0 l&rsquo;utilisateur, qui peut utiliser le contenu exclusivement pour les services offerts par Molgas.<\/p><p>Toute modification, copie, reproduction, communication publique, transformation ou distribution du contenu est interdite sans l&rsquo;autorisation \u00e9crite de Molgas.<\/p><p><b>4.- POLITIQUE DE PROTECTION DES DONN\u00c9ES<\/b><\/p><p>Conform\u00e9ment \u00e0 la loi organique 3\/2018, du 5 d\u00e9cembre, sur la protection des donn\u00e9es personnelles et la garantie des droits num\u00e9riques (\u00a0\u00bb LOPDGDD \u00ab\u00a0), toutes les donn\u00e9es personnelles collect\u00e9es par le biais du site Web seront trait\u00e9es conform\u00e9ment \u00e0 la <b>politique de confidentialit\u00e9 et de protection des donn\u00e9es<\/b>, qui doit \u00eatre express\u00e9ment accept\u00e9e par les utilisateurs.<\/p><p>De plus amples informations sur l&rsquo;utilisation des cookies sont disponibles dans la <b>Politique en mati\u00e8re de cookies<\/b>.<\/p><p><b>5.- R\u00c8GLES D&rsquo;UTILISATION DU SITE WEB<\/b><\/p><p>L&rsquo;acc\u00e8s ou l&rsquo;utilisation du site web \u00e0 des fins ill\u00e9gales ou non autoris\u00e9es, que ce soit dans un but lucratif ou non, n&rsquo;est pas autoris\u00e9 et les cons\u00e9quences seront de la seule responsabilit\u00e9 de l&rsquo;utilisateur. En particulier, et sans que la liste suivante soit exhaustive, il est interdit aux Utilisateurs :<\/p><ul><li aria-level=\"1\">Utiliser le site web pour la transmission, l&rsquo;installation ou la publication de virus, de codes malveillants ou d&rsquo;autres programmes ou fichiers nuisibles ;<\/li><li aria-level=\"1\">Utiliser le site Web d&rsquo;une mani\u00e8re susceptible de causer des dommages, des interruptions, une inefficacit\u00e9 ou des d\u00e9fauts dans le fonctionnement du site Web ou de l&rsquo;\u00e9quipement informatique de tiers ;<\/li><li aria-level=\"1\">Utiliser le site web ill\u00e9galement, contre la bonne foi, la morale et l&rsquo;ordre public ;<\/li><li aria-level=\"1\">S&rsquo;inscrire sur le site web sous une fausse identit\u00e9, usurper l&rsquo;identit\u00e9 d&rsquo;un tiers, utiliser un profil ou prendre toute autre mesure susceptible d&rsquo;induire les autres utilisateurs en erreur quant \u00e0 l&rsquo;identit\u00e9 de l&rsquo;utilisateur ;<\/li><li aria-level=\"1\">Entreprendre toute action qui provoque une saturation disproportionn\u00e9e ou inutile de l&rsquo;infrastructure du site web ou des syst\u00e8mes et r\u00e9seaux de Molgas connect\u00e9s au site web ;<\/li><li aria-level=\"1\">Entraver le d\u00e9veloppement normal de l&rsquo;interconnexion, du contact ou de toute autre activit\u00e9 du site web ou de ses fonctionnalit\u00e9s, alt\u00e9rer ou tenter d&rsquo;alt\u00e9rer, ill\u00e9galement ou autrement, l&rsquo;acc\u00e8s, la participation ou le fonctionnement du site web, falsifier ses r\u00e9sultats et\/ou utiliser des m\u00e9thodes frauduleuses, par tout proc\u00e9d\u00e9 et\/ou toute pratique qui viole ou enfreint le pr\u00e9sent avis juridique.<\/li><\/ul><p>Il convient \u00e9galement de noter que l&rsquo;utilisation du site web est faite uniquement \u00e0 des fins d&rsquo;information et de contact. L&rsquo;acc\u00e8s et la consultation du site sont gratuits et ne n\u00e9cessitent aucune inscription ou enregistrement pr\u00e9alable aupr\u00e8s de . Toutefois, l&rsquo;acc\u00e8s \u00e0 certains services peut \u00eatre soumis \u00e0 des conditions d&rsquo;utilisation sp\u00e9cifiques qui, en tout \u00e9tat de cause, peuvent \u00eatre consult\u00e9es par l&rsquo;Utilisateur avant de les contracter, comme c&rsquo;est le cas des Conditions G\u00e9n\u00e9rales d&rsquo;Utilisation de la carte Molgas.<\/p><p><b>6.- EXCLUSION DE LA RESPONSABILIT\u00c9<\/b><\/p><p>Voici la traduction en italien :<\/p><p>L&rsquo;utilisation de ce site web rel\u00e8ve de la seule responsabilit\u00e9 de l&rsquo;utilisateur. L&rsquo;utilisateur comprend et accepte que le site web a \u00e9t\u00e9 cr\u00e9\u00e9 et d\u00e9velopp\u00e9 de bonne foi par Molgas et qu&rsquo;il est propos\u00e9 aux utilisateurs dans son \u00e9tat actuel.<\/p><p>Molgas se r\u00e9serve le droit de suspendre temporairement et sans pr\u00e9avis l&rsquo;acc\u00e8s au site Web, ainsi que le droit d&rsquo;offrir ou de supprimer des services et des produits \u00e0 tout moment, en essayant d&rsquo;en informer pr\u00e9alablement les utilisateurs lorsque les circonstances le permettent.<\/p><p>Molgas n&rsquo;est pas responsable des dommages et pr\u00e9judices que pourraient subir les utilisateurs pour le manque d&rsquo;acc\u00e8s au site Web ou pour l&rsquo;inad\u00e9quation de celui-ci aux besoins sp\u00e9cifiques des utilisateurs. De m\u00eame, Molgas n&rsquo;est pas responsable des probl\u00e8mes d&rsquo;acc\u00e8s et\/ou de l&rsquo;acc\u00e8s incorrect de la part des utilisateurs en raison de l&rsquo;utilisation d&rsquo;un syst\u00e8me informatique (logiciel et mat\u00e9riel) inad\u00e9quat, ou de l&rsquo;utilisation de certains navigateurs, de restrictions d&rsquo;acc\u00e8s \u00e0 Internet, d&rsquo;appareils, de syst\u00e8mes op\u00e9rationnels, etc. et\/ou de toute autre circonstance qui pourrait affecter l&rsquo;acc\u00e8s des utilisateurs au site Web.<\/p><p>Molgas n&rsquo;assume pas la responsabilit\u00e9 des dommages et pr\u00e9judices de toute nature que pourrait causer \u00e0 l&rsquo;utilisateur de ce site Web, l&rsquo;existence de virus ou de programmes nuisibles, ou l&rsquo;utilisation de ce site Web en violation de la loi ou de la bonne foi. Par cons\u00e9quent, Molgas ne contr\u00f4le ni ne garantit l&rsquo;absence de virus ou d&rsquo;autres \u00e9l\u00e9ments dans le contenu du site Web qui pourraient produire des alt\u00e9rations dans le syst\u00e8me informatique (logiciel et mat\u00e9riel) de l&rsquo;utilisateur, dans ses appareils ou dans les documents \u00e9lectroniques et les fichiers stock\u00e9s dans son syst\u00e8me informatique.<\/p><p>Molgas se r\u00e9serve le droit de s&rsquo;opposer et\/ou de r\u00e9silier, apr\u00e8s notification effective, tout utilisateur qui enfreint les pr\u00e9sentes mentions l\u00e9gales, sa politique de confidentialit\u00e9 et de protection des donn\u00e9es, sa politique en mati\u00e8re de cookies et\/ou tout autre document r\u00e9gissant tout aspect du site Web conclu entre les utilisateurs et Molgas, ainsi que de refuser ou d&rsquo;annuler l&rsquo;acc\u00e8s au site Web \u00e0 l&rsquo;adresse \u00e0 toute personne ou entit\u00e9 \u00e0 sa discr\u00e9tion. Par cons\u00e9quent, les utilisateurs peuvent notifier \u00e0 Molgas toute violation des mentions l\u00e9gales, de sa politique de confidentialit\u00e9 et de protection des donn\u00e9es, de sa politique en mati\u00e8re de cookies, de son contenu et\/ou de tout autre document r\u00e9gissant tout aspect du site Web conclu entre les utilisateurs et Molgas, \u00e0 l&rsquo;adresse \u00e9lectronique suivante : .<a href=\"mailto:rgpd.mlg@molgas.es\">rgpd.mlg@molgas.es<\/a><\/p><p><b>7.- AUTRES CONDITIONS<\/b><\/p><p>Voici la traduction en italien :<\/p><p>Les termes et conditions des pr\u00e9sentes mentions l\u00e9gales constituent l&rsquo;int\u00e9gralit\u00e9 de l&rsquo;accord entre Molgas et l&rsquo;utilisateur en ce qui concerne l&rsquo;objet du pr\u00e9sent document et ne peuvent \u00eatre modifi\u00e9s que par un amendement \u00e9crit sign\u00e9 par une personne autoris\u00e9e de Molgas ou par la publication d&rsquo;une version r\u00e9vis\u00e9e par Molgas. Tout ce qui pr\u00e9c\u00e8de est sans pr\u00e9judice des dispositions de la politique de confidentialit\u00e9 et de protection des donn\u00e9es et de la politique en mati\u00e8re de cookies, ainsi que de tout autre document r\u00e9gissant des aspects du site Web souscrit entre les utilisateurs et Molgas.<\/p><p>Si l&rsquo;une des clauses du pr\u00e9sent avis juridique est d\u00e9clar\u00e9e, totalement ou partiellement, nulle ou inefficace, cette nullit\u00e9 ou inefficacit\u00e9 n&rsquo;affectera que cette disposition ou la partie de celle-ci qui est nulle ou inefficace, et les termes de l&rsquo;avis juridique subsisteront \u00e0 tous autres \u00e9gards et la disposition ou la partie de celle-ci qui est affect\u00e9e sera consid\u00e9r\u00e9e comme n&rsquo;ayant pas \u00e9t\u00e9 incluse, \u00e0 moins que, \u00e9tant donn\u00e9 qu&rsquo;elle est essentielle au pr\u00e9sent avis juridique, elle ne doive l&rsquo;affecter dans son int\u00e9gralit\u00e9.<\/p><p>L&rsquo;utilisateur se soumet \u00e0 tout moment et pendant l&rsquo;utilisation du site web aux termes et conditions des mentions l\u00e9gales en vigueur, sans pr\u00e9judice des dispositions des conditions g\u00e9n\u00e9rales d&rsquo;utilisation de la carte Molgas et\/ou des dispositions de la loi ou d&rsquo;un organisme comp\u00e9tent.<\/p><p>Le site web et son contenu sont propos\u00e9s en espagnol, fran\u00e7ais, portugais, italien, anglais, grec et norv\u00e9gien. En cas de conflit dans l&rsquo;application ou l&rsquo;interpr\u00e9tation du pr\u00e9sent avis juridique, de la politique de confidentialit\u00e9 et de protection des donn\u00e9es, de la politique en mati\u00e8re de cookies et\/ou des conditions g\u00e9n\u00e9rales d&rsquo;utilisation de la carte Molgas, la version espagnole pr\u00e9vaudra toujours.<\/p><p><b>8.- DROIT APPLICABLE ET JURIDICTION<\/b><\/p><p>Les pr\u00e9sentes conditions sont r\u00e9gies par la l\u00e9gislation espagnole. Molgas et l&rsquo;utilisateur, renon\u00e7ant express\u00e9ment \u00e0 toute autre juridiction \u00e0 laquelle ils pourraient pr\u00e9tendre en vertu de la loi, se soumettent express\u00e9ment \u00e0 la juridiction des cours et tribunaux de Madrid pour tout litige pouvant d\u00e9couler de ce site Web.<\/p><p>Nonobstant ce qui pr\u00e9c\u00e8de, si vous \u00eates consid\u00e9r\u00e9 comme un consommateur, vous pouvez exercer vos droits en tant que tel en ce qui concerne les mentions l\u00e9gales, la politique de confidentialit\u00e9 et de cookies et\/ou les conditions g\u00e9n\u00e9rales d&rsquo;utilisation de la carte Molgas, tant en Espagne que dans votre \u00c9tat membre de r\u00e9sidence au sein de l&rsquo;Union europ\u00e9enne.<\/p>\t\t\t\t\t\t\t\t<\/div>\n\t\t\t\t<\/div>\n\t\t\t\t\t<\/div>\n\t\t\t\t<\/div>\n\t\t\t\t<\/div>\n\t\t","protected":false},"excerpt":{"rendered":"<p>Conditions 1.- IDENTIFICATION Conform\u00e9ment aux dispositions de la loi 34\/2002, du 11 juillet, sur les services de la soci\u00e9t\u00e9 de [&hellip;]<\/p>\n","protected":false},"author":1,"featured_media":0,"parent":0,"menu_order":0,"comment_status":"closed","ping_status":"closed","template":"","meta":{"_acf_changed":false,"site-sidebar-layout":"no-sidebar","site-content-layout":"","ast-site-content-layout":"full-width-container","site-content-style":"default","site-sidebar-style":"default","ast-global-header-display":"","ast-banner-title-visibility":"","ast-main-header-display":"","ast-hfb-above-header-display":"","ast-hfb-below-header-display":"","ast-hfb-mobile-header-display":"","site-post-title":"disabled","ast-breadcrumbs-content":"","ast-featured-img":"disabled","footer-sml-layout":"","ast-disable-related-posts":"","theme-transparent-header-meta":"","adv-header-id-meta":"","stick-header-meta":"","header-above-stick-meta":"","header-main-stick-meta":"","header-below-stick-meta":"","astra-migrate-meta-layouts":"default","ast-page-background-enabled":"default","ast-page-background-meta":{"desktop":{"background-color":"var(--ast-global-color-4)","background-image":"","background-repeat":"repeat","background-position":"center center","background-size":"auto","background-attachment":"scroll","background-type":"","background-media":"","overlay-type":"","overlay-color":"","overlay-opacity":"","overlay-gradient":""},"tablet":{"background-color":"","background-image":"","background-repeat":"repeat","background-position":"center center","background-size":"auto","background-attachment":"scroll","background-type":"","background-media":"","overlay-type":"","overlay-color":"","overlay-opacity":"","overlay-gradient":""},"mobile":{"background-color":"","background-image":"","background-repeat":"repeat","background-position":"center center","background-size":"auto","background-attachment":"scroll","background-type":"","background-media":"","overlay-type":"","overlay-color":"","overlay-opacity":"","overlay-gradient":""}},"ast-content-background-meta":{"desktop":{"background-color":"var(--ast-global-color-5)","background-image":"","background-repeat":"repeat","background-position":"center center","background-size":"auto","background-attachment":"scroll","background-type":"","background-media":"","overlay-type":"","overlay-color":"","overlay-opacity":"","overlay-gradient":""},"tablet":{"background-color":"var(--ast-global-color-5)","background-image":"","background-repeat":"repeat","background-position":"center center","background-size":"auto","background-attachment":"scroll","background-type":"","background-media":"","overlay-type":"","overlay-color":"","overlay-opacity":"","overlay-gradient":""},"mobile":{"background-color":"var(--ast-global-color-5)","background-image":"","background-repeat":"repeat","background-position":"center center","background-size":"auto","background-attachment":"scroll","background-type":"","background-media":"","overlay-type":"","overlay-color":"","overlay-opacity":"","overlay-gradient":""}},"footnotes":""},"class_list":["post-10992","page","type-page","status-publish","hentry"],"acf":[],"yoast_head":"<!-- This site is optimized with the Yoast SEO plugin v27.5 - https:\/\/yoast.com\/product\/yoast-seo-wordpress\/ -->\n<title>Conditions - Molgas<\/title>\n<meta name=\"robots\" content=\"index, follow, max-snippet:-1, max-image-preview:large, max-video-preview:-1\" \/>\n<link rel=\"canonical\" href=\"https:\/\/molgasenergy.com\/fr\/conditions\/\" \/>\n<meta property=\"og:locale\" content=\"fr_FR\" \/>\n<meta property=\"og:type\" content=\"article\" \/>\n<meta property=\"og:title\" content=\"Conditions - Molgas\" \/>\n<meta property=\"og:description\" content=\"Conditions 1.- IDENTIFICATION Conform\u00e9ment aux dispositions de la loi 34\/2002, du 11 juillet, sur les services de la soci\u00e9t\u00e9 de [&hellip;]\" \/>\n<meta property=\"og:url\" content=\"https:\/\/molgasenergy.com\/fr\/conditions\/\" \/>\n<meta property=\"og:site_name\" content=\"Molgas\" \/>\n<meta property=\"article:modified_time\" content=\"2025-04-08T23:02:44+00:00\" \/>\n<meta name=\"twitter:card\" content=\"summary_large_image\" \/>\n<meta name=\"twitter:label1\" content=\"Dur\u00e9e de lecture estim\u00e9e\" \/>\n\t<meta name=\"twitter:data1\" content=\"9 minutes\" \/>\n<script type=\"application\/ld+json\" class=\"yoast-schema-graph\">{\"@context\":\"https:\\\/\\\/schema.org\",\"@graph\":[{\"@type\":\"WebPage\",\"@id\":\"https:\\\/\\\/molgasenergy.com\\\/fr\\\/conditions\\\/\",\"url\":\"https:\\\/\\\/molgasenergy.com\\\/fr\\\/conditions\\\/\",\"name\":\"Conditions - Molgas\",\"isPartOf\":{\"@id\":\"https:\\\/\\\/molgasenergy.com\\\/fr\\\/#website\"},\"datePublished\":\"2024-11-19T23:45:02+00:00\",\"dateModified\":\"2025-04-08T23:02:44+00:00\",\"breadcrumb\":{\"@id\":\"https:\\\/\\\/molgasenergy.com\\\/fr\\\/conditions\\\/#breadcrumb\"},\"inLanguage\":\"fr-FR\",\"potentialAction\":[{\"@type\":\"ReadAction\",\"target\":[\"https:\\\/\\\/molgasenergy.com\\\/fr\\\/conditions\\\/\"]}]},{\"@type\":\"BreadcrumbList\",\"@id\":\"https:\\\/\\\/molgasenergy.com\\\/fr\\\/conditions\\\/#breadcrumb\",\"itemListElement\":[{\"@type\":\"ListItem\",\"position\":1,\"name\":\"Home\",\"item\":\"https:\\\/\\\/molgasenergy.com\\\/fr\\\/\"},{\"@type\":\"ListItem\",\"position\":2,\"name\":\"Conditions\"}]},{\"@type\":\"WebSite\",\"@id\":\"https:\\\/\\\/molgasenergy.com\\\/fr\\\/#website\",\"url\":\"https:\\\/\\\/molgasenergy.com\\\/fr\\\/\",\"name\":\"Molgas\",\"description\":\"Molgas\",\"publisher\":{\"@id\":\"https:\\\/\\\/molgasenergy.com\\\/fr\\\/#organization\"},\"potentialAction\":[{\"@type\":\"SearchAction\",\"target\":{\"@type\":\"EntryPoint\",\"urlTemplate\":\"https:\\\/\\\/molgasenergy.com\\\/fr\\\/?s={search_term_string}\"},\"query-input\":{\"@type\":\"PropertyValueSpecification\",\"valueRequired\":true,\"valueName\":\"search_term_string\"}}],\"inLanguage\":\"fr-FR\"},{\"@type\":\"Organization\",\"@id\":\"https:\\\/\\\/molgasenergy.com\\\/fr\\\/#organization\",\"name\":\"Molgas\",\"url\":\"https:\\\/\\\/molgasenergy.com\\\/fr\\\/\",\"logo\":{\"@type\":\"ImageObject\",\"inLanguage\":\"fr-FR\",\"@id\":\"https:\\\/\\\/molgasenergy.com\\\/fr\\\/#\\\/schema\\\/logo\\\/image\\\/\",\"url\":\"https:\\\/\\\/molgasenergy.com\\\/wp-content\\\/uploads\\\/2025\\\/09\\\/LOGO-MOLGAS-PRIMARY.webp\",\"contentUrl\":\"https:\\\/\\\/molgasenergy.com\\\/wp-content\\\/uploads\\\/2025\\\/09\\\/LOGO-MOLGAS-PRIMARY.webp\",\"width\":1490,\"height\":627,\"caption\":\"Molgas\"},\"image\":{\"@id\":\"https:\\\/\\\/molgasenergy.com\\\/fr\\\/#\\\/schema\\\/logo\\\/image\\\/\"}}]}<\/script>\n<!-- \/ Yoast SEO plugin. -->","yoast_head_json":{"title":"Conditions - Molgas","robots":{"index":"index","follow":"follow","max-snippet":"max-snippet:-1","max-image-preview":"max-image-preview:large","max-video-preview":"max-video-preview:-1"},"canonical":"https:\/\/molgasenergy.com\/fr\/conditions\/","og_locale":"fr_FR","og_type":"article","og_title":"Conditions - Molgas","og_description":"Conditions 1.- IDENTIFICATION Conform\u00e9ment aux dispositions de la loi 34\/2002, du 11 juillet, sur les services de la soci\u00e9t\u00e9 de [&hellip;]","og_url":"https:\/\/molgasenergy.com\/fr\/conditions\/","og_site_name":"Molgas","article_modified_time":"2025-04-08T23:02:44+00:00","twitter_card":"summary_large_image","twitter_misc":{"Dur\u00e9e de lecture estim\u00e9e":"9 minutes"},"schema":{"@context":"https:\/\/schema.org","@graph":[{"@type":"WebPage","@id":"https:\/\/molgasenergy.com\/fr\/conditions\/","url":"https:\/\/molgasenergy.com\/fr\/conditions\/","name":"Conditions - Molgas","isPartOf":{"@id":"https:\/\/molgasenergy.com\/fr\/#website"},"datePublished":"2024-11-19T23:45:02+00:00","dateModified":"2025-04-08T23:02:44+00:00","breadcrumb":{"@id":"https:\/\/molgasenergy.com\/fr\/conditions\/#breadcrumb"},"inLanguage":"fr-FR","potentialAction":[{"@type":"ReadAction","target":["https:\/\/molgasenergy.com\/fr\/conditions\/"]}]},{"@type":"BreadcrumbList","@id":"https:\/\/molgasenergy.com\/fr\/conditions\/#breadcrumb","itemListElement":[{"@type":"ListItem","position":1,"name":"Home","item":"https:\/\/molgasenergy.com\/fr\/"},{"@type":"ListItem","position":2,"name":"Conditions"}]},{"@type":"WebSite","@id":"https:\/\/molgasenergy.com\/fr\/#website","url":"https:\/\/molgasenergy.com\/fr\/","name":"Molgas","description":"Molgas","publisher":{"@id":"https:\/\/molgasenergy.com\/fr\/#organization"},"potentialAction":[{"@type":"SearchAction","target":{"@type":"EntryPoint","urlTemplate":"https:\/\/molgasenergy.com\/fr\/?s={search_term_string}"},"query-input":{"@type":"PropertyValueSpecification","valueRequired":true,"valueName":"search_term_string"}}],"inLanguage":"fr-FR"},{"@type":"Organization","@id":"https:\/\/molgasenergy.com\/fr\/#organization","name":"Molgas","url":"https:\/\/molgasenergy.com\/fr\/","logo":{"@type":"ImageObject","inLanguage":"fr-FR","@id":"https:\/\/molgasenergy.com\/fr\/#\/schema\/logo\/image\/","url":"https:\/\/molgasenergy.com\/wp-content\/uploads\/2025\/09\/LOGO-MOLGAS-PRIMARY.webp","contentUrl":"https:\/\/molgasenergy.com\/wp-content\/uploads\/2025\/09\/LOGO-MOLGAS-PRIMARY.webp","width":1490,"height":627,"caption":"Molgas"},"image":{"@id":"https:\/\/molgasenergy.com\/fr\/#\/schema\/logo\/image\/"}}]}},"_links":{"self":[{"href":"https:\/\/molgasenergy.com\/fr\/wp-json\/wp\/v2\/pages\/10992","targetHints":{"allow":["GET"]}}],"collection":[{"href":"https:\/\/molgasenergy.com\/fr\/wp-json\/wp\/v2\/pages"}],"about":[{"href":"https:\/\/molgasenergy.com\/fr\/wp-json\/wp\/v2\/types\/page"}],"author":[{"embeddable":true,"href":"https:\/\/molgasenergy.com\/fr\/wp-json\/wp\/v2\/users\/1"}],"replies":[{"embeddable":true,"href":"https:\/\/molgasenergy.com\/fr\/wp-json\/wp\/v2\/comments?post=10992"}],"version-history":[{"count":4,"href":"https:\/\/molgasenergy.com\/fr\/wp-json\/wp\/v2\/pages\/10992\/revisions"}],"predecessor-version":[{"id":10996,"href":"https:\/\/molgasenergy.com\/fr\/wp-json\/wp\/v2\/pages\/10992\/revisions\/10996"}],"wp:attachment":[{"href":"https:\/\/molgasenergy.com\/fr\/wp-json\/wp\/v2\/media?parent=10992"}],"curies":[{"name":"wp","href":"https:\/\/api.w.org\/{rel}","templated":true}]}}