{"id":16138,"date":"2025-07-15T09:36:09","date_gmt":"2025-07-15T07:36:09","guid":{"rendered":"https:\/\/molgasenergy.com\/?page_id=16138"},"modified":"2025-07-15T09:45:03","modified_gmt":"2025-07-15T07:45:03","slug":"privacidad-app","status":"publish","type":"page","link":"https:\/\/molgasenergy.com\/es\/privacidad-app\/","title":{"rendered":"Privacidad-app"},"content":{"rendered":"\t\t<div data-elementor-type=\"wp-page\" data-elementor-id=\"16138\" class=\"elementor elementor-16138 elementor-16137\" data-elementor-post-type=\"page\">\n\t\t\t\t<div class=\"elementor-element elementor-element-220240f e-flex e-con-boxed e-con e-parent\" data-id=\"220240f\" data-element_type=\"container\" data-e-type=\"container\">\n\t\t\t\t\t<div class=\"e-con-inner\">\n\t\t\t\t<div class=\"elementor-element elementor-element-0bfefb2 elementor-widget elementor-widget-heading\" data-id=\"0bfefb2\" data-element_type=\"widget\" data-e-type=\"widget\" data-widget_type=\"heading.default\">\n\t\t\t\t<div class=\"elementor-widget-container\">\n\t\t\t\t\t<h2 class=\"elementor-heading-title elementor-size-default\">Privacidad para la app<\/h2>\t\t\t\t<\/div>\n\t\t\t\t<\/div>\n\t\t\t\t<div class=\"elementor-element elementor-element-3a92a9d elementor-widget elementor-widget-text-editor\" data-id=\"3a92a9d\" data-element_type=\"widget\" data-e-type=\"widget\" data-widget_type=\"text-editor.default\">\n\t\t\t\t<div class=\"elementor-widget-container\">\n\t\t\t\t\t\t\t\t\t<p><strong>Pol\u00edtica de Privacidad de la App MOLGAS ENERG\u00cdA S.A.U.<\/strong><\/p><p><strong>1. Responsable del tratamiento<\/strong><br \/>El responsable del tratamiento de tus datos personales es MOLGAS ENERG\u00cdA S.A.U., con domicilio social en [direcci\u00f3n de la empresa] y correo electr\u00f3nico de contacto: <a href=\"mailto:rgpd.mlg@molgas.es\">rgpd.mlg@molgas.es<\/a>.<\/p><p><strong>2. Finalidad del tratamiento<\/strong><br \/>Los datos personales que recopilamos a trav\u00e9s de esta app se utilizan para:<\/p><ul><li>Mostrar en el mapa estaciones Molgas y\/o asociadas.<\/li><li>Permitir la navegaci\u00f3n hasta dichas estaciones mediante Google Maps o Waze.<\/li><li>Mostrar estaciones en una ruta definida por el usuario.<\/li><li>Ordenar estaciones por cercan\u00eda.<\/li><li>Visualizar detalles de las estaciones (fotograf\u00edas, servicios disponibles, estado operativo).<\/li><li>Informar sobre el estado de las estaciones (disponible, en mantenimiento, fuera de servicio).<\/li><li>Recoger valoraciones sobre el grado de satisfacci\u00f3n del servicio.<\/li><li>Gestionar el cambio de contrase\u00f1as de los usuarios.<\/li><\/ul><p><strong>3. Base legal<\/strong><br \/>La base legal para el tratamiento de tus datos es la ejecuci\u00f3n del contrato entre el usuario y MOLGAS ENERG\u00cdA S.A.U., derivado del uso de la app.<\/p><p><strong>4. Conservaci\u00f3n de los datos<\/strong><br \/>Tus datos se conservar\u00e1n durante el tiempo necesario para cumplir con las finalidades mencionadas y para atender posibles responsabilidades legales.<\/p><p><strong>5. Destinatarios de los datos<\/strong><br \/>No se ceder\u00e1n tus datos personales a terceros, salvo obligaci\u00f3n legal.<\/p><p><strong>6. Transferencias internacionales<\/strong><br \/>La app puede interactuar con servicios proporcionados por Google LLC y Apple Inc., empresas adheridas al EU-U.S. Data Privacy Framework, lo que garantiza un nivel adecuado de protecci\u00f3n conforme al RGPD. No se prev\u00e9n otras transferencias internacionales de datos.<\/p><p><strong>7. Derechos<\/strong><br \/>Puedes ejercer tus derechos de:<\/p><ul><li>Acceso<\/li><li>Rectificaci\u00f3n<\/li><li>Supresi\u00f3n<\/li><li>Oposici\u00f3n<\/li><li>Limitaci\u00f3n del tratamiento<\/li><li>Portabilidad<\/li><\/ul><p>Para ello, puedes escribir a:<br \/>\ud83d\udce7 <a href=\"mailto:rgpd.mlg@molgas.es\">rgpd.mlg@molgas.es<\/a><br \/>\ud83d\udce7 <a href=\"mailto:delegadoRGPD@molgas.es\">delegadoRGPD@molgas.es<\/a><\/p><p>O tambi\u00e9n, puedes dirigirte a la <a href=\"https:\/\/sedeagpd.gob.es\/sede-electronica-web\/\" target=\"_blank\" rel=\"noopener\">Agencia Espa\u00f1ola de Protecci\u00f3n de datos en Sede electronica de la AEPD.<\/a><\/p><p><strong>8. Informaci\u00f3n adicional<\/strong><br \/>Puedes consultar informaci\u00f3n adicional y detallada sobre protecci\u00f3n de datos general en nuestra Pol\u00edtica de Privacidad completa (link a la de la web general de Molgas).<\/p>\t\t\t\t\t\t\t\t<\/div>\n\t\t\t\t<\/div>\n\t\t\t\t\t<\/div>\n\t\t\t\t<\/div>\n\t\t\t\t<\/div>\n\t\t","protected":false},"excerpt":{"rendered":"<p>Privacidad para la app Pol\u00edtica de Privacidad de la App MOLGAS ENERG\u00cdA S.A.U. 1. Responsable del tratamientoEl responsable del tratamiento [&hellip;]<\/p>\n","protected":false},"author":1,"featured_media":0,"parent":0,"menu_order":0,"comment_status":"closed","ping_status":"closed","template":"","meta":{"_acf_changed":false,"site-sidebar-layout":"no-sidebar","site-content-layout":"","ast-site-content-layout":"full-width-container","site-content-style":"default","site-sidebar-style":"default","ast-global-header-display":"","ast-banner-title-visibility":"","ast-main-header-display":"","ast-hfb-above-header-display":"","ast-hfb-below-header-display":"","ast-hfb-mobile-header-display":"","site-post-title":"disabled","ast-breadcrumbs-content":"","ast-featured-img":"disabled","footer-sml-layout":"","ast-disable-related-posts":"","theme-transparent-header-meta":"","adv-header-id-meta":"","stick-header-meta":"","header-above-stick-meta":"","header-main-stick-meta":"","header-below-stick-meta":"","astra-migrate-meta-layouts":"default","ast-page-background-enabled":"default","ast-page-background-meta":{"desktop":{"background-color":"var(--ast-global-color-4)","background-image":"","background-repeat":"repeat","background-position":"center center","background-size":"auto","background-attachment":"scroll","background-type":"","background-media":"","overlay-type":"","overlay-color":"","overlay-opacity":"","overlay-gradient":""},"tablet":{"background-color":"","background-image":"","background-repeat":"repeat","background-position":"center center","background-size":"auto","background-attachment":"scroll","background-type":"","background-media":"","overlay-type":"","overlay-color":"","overlay-opacity":"","overlay-gradient":""},"mobile":{"background-color":"","background-image":"","background-repeat":"repeat","background-position":"center center","background-size":"auto","background-attachment":"scroll","background-type":"","background-media":"","overlay-type":"","overlay-color":"","overlay-opacity":"","overlay-gradient":""}},"ast-content-background-meta":{"desktop":{"background-color":"var(--ast-global-color-5)","background-image":"","background-repeat":"repeat","background-position":"center center","background-size":"auto","background-attachment":"scroll","background-type":"","background-media":"","overlay-type":"","overlay-color":"","overlay-opacity":"","overlay-gradient":""},"tablet":{"background-color":"var(--ast-global-color-5)","background-image":"","background-repeat":"repeat","background-position":"center center","background-size":"auto","background-attachment":"scroll","background-type":"","background-media":"","overlay-type":"","overlay-color":"","overlay-opacity":"","overlay-gradient":""},"mobile":{"background-color":"var(--ast-global-color-5)","background-image":"","background-repeat":"repeat","background-position":"center center","background-size":"auto","background-attachment":"scroll","background-type":"","background-media":"","overlay-type":"","overlay-color":"","overlay-opacity":"","overlay-gradient":""}},"footnotes":""},"class_list":["post-16138","page","type-page","status-publish","hentry"],"acf":[],"yoast_head":"<!-- This site is optimized with the Yoast SEO plugin v27.5 - https:\/\/yoast.com\/product\/yoast-seo-wordpress\/ -->\n<title>Privacidad-app - Molgas<\/title>\n<meta name=\"robots\" content=\"index, follow, max-snippet:-1, max-image-preview:large, max-video-preview:-1\" \/>\n<link rel=\"canonical\" href=\"https:\/\/molgasenergy.com\/es\/privacidad-app\/\" \/>\n<meta property=\"og:locale\" content=\"es_ES\" \/>\n<meta property=\"og:type\" content=\"article\" \/>\n<meta property=\"og:title\" content=\"Privacidad-app - Molgas\" \/>\n<meta property=\"og:description\" content=\"Privacidad para la app Pol\u00edtica de Privacidad de la App MOLGAS ENERG\u00cdA S.A.U. 1. Responsable del tratamientoEl responsable del tratamiento [&hellip;]\" \/>\n<meta property=\"og:url\" content=\"https:\/\/molgasenergy.com\/es\/privacidad-app\/\" \/>\n<meta property=\"og:site_name\" content=\"Molgas\" \/>\n<meta property=\"article:modified_time\" content=\"2025-07-15T07:45:03+00:00\" \/>\n<meta name=\"twitter:card\" content=\"summary_large_image\" \/>\n<meta name=\"twitter:label1\" content=\"Tiempo de lectura\" \/>\n\t<meta name=\"twitter:data1\" content=\"2 minutos\" \/>\n<script type=\"application\/ld+json\" class=\"yoast-schema-graph\">{\"@context\":\"https:\\\/\\\/schema.org\",\"@graph\":[{\"@type\":\"WebPage\",\"@id\":\"https:\\\/\\\/molgasenergy.com\\\/es\\\/privacidad-app\\\/\",\"url\":\"https:\\\/\\\/molgasenergy.com\\\/es\\\/privacidad-app\\\/\",\"name\":\"Privacidad-app - Molgas\",\"isPartOf\":{\"@id\":\"https:\\\/\\\/molgasenergy.com\\\/es\\\/#website\"},\"datePublished\":\"2025-07-15T07:36:09+00:00\",\"dateModified\":\"2025-07-15T07:45:03+00:00\",\"breadcrumb\":{\"@id\":\"https:\\\/\\\/molgasenergy.com\\\/es\\\/privacidad-app\\\/#breadcrumb\"},\"inLanguage\":\"es\",\"potentialAction\":[{\"@type\":\"ReadAction\",\"target\":[\"https:\\\/\\\/molgasenergy.com\\\/es\\\/privacidad-app\\\/\"]}]},{\"@type\":\"BreadcrumbList\",\"@id\":\"https:\\\/\\\/molgasenergy.com\\\/es\\\/privacidad-app\\\/#breadcrumb\",\"itemListElement\":[{\"@type\":\"ListItem\",\"position\":1,\"name\":\"Home\",\"item\":\"https:\\\/\\\/molgasenergy.com\\\/es\\\/\"},{\"@type\":\"ListItem\",\"position\":2,\"name\":\"Privacidad-app\"}]},{\"@type\":\"WebSite\",\"@id\":\"https:\\\/\\\/molgasenergy.com\\\/es\\\/#website\",\"url\":\"https:\\\/\\\/molgasenergy.com\\\/es\\\/\",\"name\":\"Molgas\",\"description\":\"Molgas\",\"publisher\":{\"@id\":\"https:\\\/\\\/molgasenergy.com\\\/es\\\/#organization\"},\"potentialAction\":[{\"@type\":\"SearchAction\",\"target\":{\"@type\":\"EntryPoint\",\"urlTemplate\":\"https:\\\/\\\/molgasenergy.com\\\/es\\\/?s={search_term_string}\"},\"query-input\":{\"@type\":\"PropertyValueSpecification\",\"valueRequired\":true,\"valueName\":\"search_term_string\"}}],\"inLanguage\":\"es\"},{\"@type\":\"Organization\",\"@id\":\"https:\\\/\\\/molgasenergy.com\\\/es\\\/#organization\",\"name\":\"Molgas\",\"url\":\"https:\\\/\\\/molgasenergy.com\\\/es\\\/\",\"logo\":{\"@type\":\"ImageObject\",\"inLanguage\":\"es\",\"@id\":\"https:\\\/\\\/molgasenergy.com\\\/es\\\/#\\\/schema\\\/logo\\\/image\\\/\",\"url\":\"https:\\\/\\\/molgasenergy.com\\\/wp-content\\\/uploads\\\/2025\\\/09\\\/LOGO-MOLGAS-PRIMARY.webp\",\"contentUrl\":\"https:\\\/\\\/molgasenergy.com\\\/wp-content\\\/uploads\\\/2025\\\/09\\\/LOGO-MOLGAS-PRIMARY.webp\",\"width\":1490,\"height\":627,\"caption\":\"Molgas\"},\"image\":{\"@id\":\"https:\\\/\\\/molgasenergy.com\\\/es\\\/#\\\/schema\\\/logo\\\/image\\\/\"}}]}<\/script>\n<!-- \/ Yoast SEO plugin. -->","yoast_head_json":{"title":"Privacidad-app - Molgas","robots":{"index":"index","follow":"follow","max-snippet":"max-snippet:-1","max-image-preview":"max-image-preview:large","max-video-preview":"max-video-preview:-1"},"canonical":"https:\/\/molgasenergy.com\/es\/privacidad-app\/","og_locale":"es_ES","og_type":"article","og_title":"Privacidad-app - Molgas","og_description":"Privacidad para la app Pol\u00edtica de Privacidad de la App MOLGAS ENERG\u00cdA S.A.U. 1. Responsable del tratamientoEl responsable del tratamiento [&hellip;]","og_url":"https:\/\/molgasenergy.com\/es\/privacidad-app\/","og_site_name":"Molgas","article_modified_time":"2025-07-15T07:45:03+00:00","twitter_card":"summary_large_image","twitter_misc":{"Tiempo de lectura":"2 minutos"},"schema":{"@context":"https:\/\/schema.org","@graph":[{"@type":"WebPage","@id":"https:\/\/molgasenergy.com\/es\/privacidad-app\/","url":"https:\/\/molgasenergy.com\/es\/privacidad-app\/","name":"Privacidad-app - Molgas","isPartOf":{"@id":"https:\/\/molgasenergy.com\/es\/#website"},"datePublished":"2025-07-15T07:36:09+00:00","dateModified":"2025-07-15T07:45:03+00:00","breadcrumb":{"@id":"https:\/\/molgasenergy.com\/es\/privacidad-app\/#breadcrumb"},"inLanguage":"es","potentialAction":[{"@type":"ReadAction","target":["https:\/\/molgasenergy.com\/es\/privacidad-app\/"]}]},{"@type":"BreadcrumbList","@id":"https:\/\/molgasenergy.com\/es\/privacidad-app\/#breadcrumb","itemListElement":[{"@type":"ListItem","position":1,"name":"Home","item":"https:\/\/molgasenergy.com\/es\/"},{"@type":"ListItem","position":2,"name":"Privacidad-app"}]},{"@type":"WebSite","@id":"https:\/\/molgasenergy.com\/es\/#website","url":"https:\/\/molgasenergy.com\/es\/","name":"Molgas","description":"Molgas","publisher":{"@id":"https:\/\/molgasenergy.com\/es\/#organization"},"potentialAction":[{"@type":"SearchAction","target":{"@type":"EntryPoint","urlTemplate":"https:\/\/molgasenergy.com\/es\/?s={search_term_string}"},"query-input":{"@type":"PropertyValueSpecification","valueRequired":true,"valueName":"search_term_string"}}],"inLanguage":"es"},{"@type":"Organization","@id":"https:\/\/molgasenergy.com\/es\/#organization","name":"Molgas","url":"https:\/\/molgasenergy.com\/es\/","logo":{"@type":"ImageObject","inLanguage":"es","@id":"https:\/\/molgasenergy.com\/es\/#\/schema\/logo\/image\/","url":"https:\/\/molgasenergy.com\/wp-content\/uploads\/2025\/09\/LOGO-MOLGAS-PRIMARY.webp","contentUrl":"https:\/\/molgasenergy.com\/wp-content\/uploads\/2025\/09\/LOGO-MOLGAS-PRIMARY.webp","width":1490,"height":627,"caption":"Molgas"},"image":{"@id":"https:\/\/molgasenergy.com\/es\/#\/schema\/logo\/image\/"}}]}},"_links":{"self":[{"href":"https:\/\/molgasenergy.com\/es\/wp-json\/wp\/v2\/pages\/16138","targetHints":{"allow":["GET"]}}],"collection":[{"href":"https:\/\/molgasenergy.com\/es\/wp-json\/wp\/v2\/pages"}],"about":[{"href":"https:\/\/molgasenergy.com\/es\/wp-json\/wp\/v2\/types\/page"}],"author":[{"embeddable":true,"href":"https:\/\/molgasenergy.com\/es\/wp-json\/wp\/v2\/users\/1"}],"replies":[{"embeddable":true,"href":"https:\/\/molgasenergy.com\/es\/wp-json\/wp\/v2\/comments?post=16138"}],"version-history":[{"count":5,"href":"https:\/\/molgasenergy.com\/es\/wp-json\/wp\/v2\/pages\/16138\/revisions"}],"predecessor-version":[{"id":16179,"href":"https:\/\/molgasenergy.com\/es\/wp-json\/wp\/v2\/pages\/16138\/revisions\/16179"}],"wp:attachment":[{"href":"https:\/\/molgasenergy.com\/es\/wp-json\/wp\/v2\/media?parent=16138"}],"curies":[{"name":"wp","href":"https:\/\/api.w.org\/{rel}","templated":true}]}}