{"id":10057,"date":"2024-11-20T00:45:15","date_gmt":"2024-11-19T23:45:15","guid":{"rendered":"https:\/\/molgasenergy.com\/privacidad\/"},"modified":"2025-07-15T10:00:04","modified_gmt":"2025-07-15T08:00:04","slug":"privacidad","status":"publish","type":"page","link":"https:\/\/molgasenergy.com\/es\/privacidad\/","title":{"rendered":"Privacidad"},"content":{"rendered":"\t\t<div data-elementor-type=\"wp-page\" data-elementor-id=\"10057\" class=\"elementor elementor-10057 elementor-3356\" data-elementor-post-type=\"page\">\n\t\t\t\t<div class=\"elementor-element elementor-element-220240f e-flex e-con-boxed e-con e-parent\" data-id=\"220240f\" data-element_type=\"container\" data-e-type=\"container\">\n\t\t\t\t\t<div class=\"e-con-inner\">\n\t\t\t\t<div class=\"elementor-element elementor-element-0bfefb2 elementor-widget elementor-widget-heading\" data-id=\"0bfefb2\" data-element_type=\"widget\" data-e-type=\"widget\" data-widget_type=\"heading.default\">\n\t\t\t\t<div class=\"elementor-widget-container\">\n\t\t\t\t\t<h2 class=\"elementor-heading-title elementor-size-default\">Privacidad<\/h2>\t\t\t\t<\/div>\n\t\t\t\t<\/div>\n\t\t\t\t<div class=\"elementor-element elementor-element-3a92a9d elementor-widget elementor-widget-text-editor\" data-id=\"3a92a9d\" data-element_type=\"widget\" data-e-type=\"widget\" data-widget_type=\"text-editor.default\">\n\t\t\t\t<div class=\"elementor-widget-container\">\n\t\t\t\t\t\t\t\t\t<p><b>PRIVACIDAD Y PROTECCI\u00d3N DE DATOS<\/b><\/p><p>En MOLGAS ENERGY, S.A.U. (en adelante, \u00abMolgas\u00bb), estamos firmemente comprometidos con garantizar el derecho a la privacidad de todos nuestros usuarios. Queremos que te sientas seguro y con la plena confianza de que respetamos tus datos y los mantendremos a salvo, tanto en el uso de nuestro servicio como en cualquier interacci\u00f3n con nosotros.<\/p><p>Hemos elaborado esta Pol\u00edtica de Privacidad y Protecci\u00f3n de Datos para explicarle de forma clara y sencilla c\u00f3mo y por qu\u00e9 tratamos sus datos personales y cualquier otra informaci\u00f3n que nos permita identificarle. Le animamos a leerla atentamente y, si tiene alguna duda, a ponerse en contacto con nosotros.<\/p><p>Molgas se reserva el derecho a modificar la presente pol\u00edtica para adaptarla a novedades legislativas o jurisprudenciales, as\u00ed como a cambios en el propio servicio. En dichos supuestos, anunciaremos en los cambios introducidos en la presente Pol\u00edtica de Privacidad y Protecci\u00f3n de Datos con razonable antelaci\u00f3n a su puesta en pr\u00e1ctica.<\/p><p>El Usuario garantiza que tiene plena capacidad legal, de acuerdo con su edad, para leer y comprender lo dispuesto en la Pol\u00edtica de Privacidad y Protecci\u00f3n de Datos y ser\u00e1 plenamente responsable de esta declaraci\u00f3n y del acceso y buen uso del Sitio Web.<\/p><p><b>QUI\u00c9NES SOMOS Y C\u00d3MO UTILIZAMOS SUS DATOS PERSONALES <\/b>El Responsable del Tratamiento de los datos recabados a trav\u00e9s de este medio, as\u00ed como de los generados como consecuencia de la utilizaci\u00f3n de nuestro servicio, es:<\/p><p><b>MOLGAS ENERGY, S.A.U.<\/b><\/p><ul><li aria-level=\"1\"><b>Direcci\u00f3n:<\/b> Avenida Castilla n\u00ba 2 Edf. F, Esc B, Planta 2\u00aa Puerta 3, Parque Empresarial San Fernando San Fernando de Henares (Madrid).<\/li><li aria-level=\"1\"><b>C\u00f3digo fiscal: <\/b>A-81466625.<\/li><li aria-level=\"1\"><b>Tel\u00e9fono: <\/b>+34 916 601 662.<\/li><li aria-level=\"1\"><b>Correo electr\u00f3nico de contacto: .<\/b><a href=\"mailto:rgpd.mlg@molgas.es\">rgpd.mlg@molgas.es<\/a><\/li><\/ul><p><b>\u00bfQU\u00c9 DATOS PERSONALES RECOGEMOS?<\/b><\/p><p><b>Informaci\u00f3n facilitada por el Usuario:<\/b> La informaci\u00f3n del Usuario se obtiene a trav\u00e9s de: (i) el formulario de contacto del Sitio Web, (ii) el formulario de solicitud de uso de tarjetas Molgas para aut\u00f3nomos y empresas, etc. A trav\u00e9s de los distintos formularios podemos solicitar determinada informaci\u00f3n, como nombre, apellidos, direcci\u00f3n de correo electr\u00f3nico y n\u00famero de tel\u00e9fono.<\/p><p><b>Informaci\u00f3n recogida autom\u00e1ticamente: <\/b>Este Sitio Web registra y almacena autom\u00e1ticamente cierta informaci\u00f3n en su sistema mediante el uso de cookies y otras tecnolog\u00edas. Para saber qu\u00e9 son las cookies, c\u00f3mo funcionan, qu\u00e9 utilizamos y c\u00f3mo las utilizamos, le recomendamos que revise nuestra <b>Pol\u00edtica de cookies<\/b>.<\/p><p><b>FINALIDAD Y BASE JUR\u00cdDICA DEL TRATAMIENTO DE DATOS PERSONALES <\/b>Molgas est\u00e1 autorizada a tratar sus datos con el fin de prestar sus servicios. A continuaci\u00f3n, le informamos sobre las finalidades para las que tratamos sus datos personales y la base jur\u00eddica de dicho tratamiento:<\/p><ul><li aria-level=\"1\"><b>Uso de cookies y otras tecnolog\u00edas <\/b>para recopilar informaci\u00f3n relacionada con el navegador o dispositivo de los Usuarios y sus h\u00e1bitos de navegaci\u00f3n, para mejorar los servicios de Molgas o adaptar el contenido mostrado a cada Usuario. Base legal: inter\u00e9s leg\u00edtimo de Molgas para instalar las cookies necesarias y consentimiento del Usuario (art. 6.1.a GDPR). El periodo de conservaci\u00f3n se especifica en la <b>Pol\u00edtica de Cookies<\/b>.<\/li><li aria-level=\"1\"><b>Tramitaci\u00f3n de solicitudes de uso de tarjetas Molgas para aut\u00f3nomos y empresas.<\/b> Base jur\u00eddica: ejecuci\u00f3n de un contrato (art. 6.1.b GDPR).<\/li><li aria-level=\"1\"><b>Respuesta a solicitudes de informaci\u00f3n por correo electr\u00f3nico o tel\u00e9fono.<\/b> Base jur\u00eddica: ejecuci\u00f3n de un contrato o consentimiento del Usuario (art. 6.1.a y 6.1.b GDPR).<\/li><li aria-level=\"1\"><b>Procesos de selecci\u00f3n: <\/b>gesti\u00f3n de la participaci\u00f3n en procesos de selecci\u00f3n mediante el env\u00edo de datos al correo electr\u00f3nico de Molgas. Base jur\u00eddica: adopci\u00f3n de medidas precontractuales (art. 6.1.b GDPR). Los datos se conservar\u00e1n mientras dure el proceso de selecci\u00f3n y se bloquear\u00e1n durante un m\u00e1ximo de dos a\u00f1os.<\/li><li aria-level=\"1\"><b>Mantenimiento y optimizaci\u00f3n del Sitio Web <\/b>para mejorar su rendimiento y seguridad. Base jur\u00eddica: inter\u00e9s leg\u00edtimo de Molgas (art. 6.1.f GDPR).<\/li><\/ul><p><b>COMPARTICI\u00d3N DE DATOS PERSONALES CON TERCEROS <\/b>Los datos personales recogidos s\u00f3lo se utilizar\u00e1n para los fines indicados y no se compartir\u00e1n con terceros, a menos que lo exija la ley. No habr\u00e1 transferencia internacional de datos fuera del EEE.<\/p><p><b>PLAZO DE CONSERVACI\u00d3N DE LOS <\/b>DATOS Los datos personales se conservar\u00e1n hasta que el Usuario manifieste su deseo de cancelar su cuenta o retire su consentimiento.<\/p><p><b>SEGURIDAD DE <\/b>LOS DATOS PERSONALES Hemos implantado medidas de seguridad adecuadas para proteger los datos personales que recopilamos y evitar su alteraci\u00f3n, p\u00e9rdida, acceso no autorizado o tratamiento il\u00edcito.<\/p><p><b>DERECHOS DEL USUARIO Y CONDICIONES DE EJERCICIO <\/b>El Usuario podr\u00e1 ejercitar gratuitamente los siguientes derechos:<\/p><ul><li aria-level=\"1\"><b>Derecho de acceso, rectificaci\u00f3n y supresi\u00f3n<\/b><\/li><li aria-level=\"1\"><b>Derecho de oposici\u00f3n<\/b><\/li><li aria-level=\"1\"><b>Derecho de limitaci\u00f3n del tratamiento<\/b><\/li><li aria-level=\"1\"><b>Derecho a la portabilidad de los datos<\/b><\/li><li aria-level=\"1\"><b>Derecho a retirar el consentimiento<\/b><\/li><\/ul><p>Para ejercer estos derechos, el Usuario puede enviar una solicitud a<a href=\"mailto:rgpd.mlg@molgas.es\"><b>rgpd.mlg@molgas.es<\/b><\/a> o por correo postal a la direcci\u00f3n arriba indicada. En caso necesario, podr\u00e1 solicitarse documentaci\u00f3n adicional para la correcta identificaci\u00f3n del Usuario.<\/p><p>Adem\u00e1s, puede presentar una reclamaci\u00f3n ante la <b>Agencia Espa\u00f1ola de Protecci\u00f3n de Datos <\/b>si considera que el tratamiento no se ajusta a la normativa vigente.<\/p><p><b>ACTUALIZACI\u00d3N DE LA POL\u00cdTICA <\/b>DE PRIVACIDAD Molgas se reserva el derecho a realizar cambios o actualizaciones en esta Pol\u00edtica de Privacidad. La \u00faltima revisi\u00f3n se realiz\u00f3 el 25\/11\/2024.<\/p><p><b>CONTACTO Y ACEPTACI\u00d3N DE LA POL\u00cdTICA DE PRIVACIDAD <\/b>Si tiene alguna pregunta sobre el tratamiento de datos personales por parte de Molgas, puede ponerse en contacto con nosotros en .<a href=\"mailto:rgpd.mlg@molgas.es\"><b>rgpd.mlg@molgas.es<\/b><\/a><\/p><p><b>Usted RECONOCE Y ACEPTA <\/b>que ha le\u00eddo y comprendido la presente Pol\u00edtica de Privacidad y Protecci\u00f3n de Datos y que queda vinculado por sus t\u00e9rminos sin excepci\u00f3n.<\/p>\t\t\t\t\t\t\t\t<\/div>\n\t\t\t\t<\/div>\n\t\t\t\t\t<\/div>\n\t\t\t\t<\/div>\n\t\t\t\t<\/div>\n\t\t","protected":false},"excerpt":{"rendered":"<p>Privacidad PRIVACIDAD Y PROTECCI\u00d3N DE DATOS En MOLGAS ENERGY, S.A.U. (en adelante, \u00abMolgas\u00bb), estamos firmemente comprometidos con garantizar el derecho [&hellip;]<\/p>\n","protected":false},"author":1,"featured_media":0,"parent":0,"menu_order":0,"comment_status":"closed","ping_status":"closed","template":"","meta":{"_acf_changed":false,"site-sidebar-layout":"no-sidebar","site-content-layout":"","ast-site-content-layout":"full-width-container","site-content-style":"default","site-sidebar-style":"default","ast-global-header-display":"","ast-banner-title-visibility":"","ast-main-header-display":"","ast-hfb-above-header-display":"","ast-hfb-below-header-display":"","ast-hfb-mobile-header-display":"","site-post-title":"disabled","ast-breadcrumbs-content":"","ast-featured-img":"disabled","footer-sml-layout":"","ast-disable-related-posts":"","theme-transparent-header-meta":"","adv-header-id-meta":"","stick-header-meta":"","header-above-stick-meta":"","header-main-stick-meta":"","header-below-stick-meta":"","astra-migrate-meta-layouts":"default","ast-page-background-enabled":"default","ast-page-background-meta":{"desktop":{"background-color":"var(--ast-global-color-4)","background-image":"","background-repeat":"repeat","background-position":"center center","background-size":"auto","background-attachment":"scroll","background-type":"","background-media":"","overlay-type":"","overlay-color":"","overlay-opacity":"","overlay-gradient":""},"tablet":{"background-color":"","background-image":"","background-repeat":"repeat","background-position":"center center","background-size":"auto","background-attachment":"scroll","background-type":"","background-media":"","overlay-type":"","overlay-color":"","overlay-opacity":"","overlay-gradient":""},"mobile":{"background-color":"","background-image":"","background-repeat":"repeat","background-position":"center center","background-size":"auto","background-attachment":"scroll","background-type":"","background-media":"","overlay-type":"","overlay-color":"","overlay-opacity":"","overlay-gradient":""}},"ast-content-background-meta":{"desktop":{"background-color":"var(--ast-global-color-5)","background-image":"","background-repeat":"repeat","background-position":"center center","background-size":"auto","background-attachment":"scroll","background-type":"","background-media":"","overlay-type":"","overlay-color":"","overlay-opacity":"","overlay-gradient":""},"tablet":{"background-color":"var(--ast-global-color-5)","background-image":"","background-repeat":"repeat","background-position":"center center","background-size":"auto","background-attachment":"scroll","background-type":"","background-media":"","overlay-type":"","overlay-color":"","overlay-opacity":"","overlay-gradient":""},"mobile":{"background-color":"var(--ast-global-color-5)","background-image":"","background-repeat":"repeat","background-position":"center center","background-size":"auto","background-attachment":"scroll","background-type":"","background-media":"","overlay-type":"","overlay-color":"","overlay-opacity":"","overlay-gradient":""}},"footnotes":""},"class_list":["post-10057","page","type-page","status-publish","hentry"],"acf":[],"yoast_head":"<!-- This site is optimized with the Yoast SEO plugin v27.4 - https:\/\/yoast.com\/product\/yoast-seo-wordpress\/ -->\n<title>Privacidad - Molgas<\/title>\n<meta name=\"robots\" content=\"index, follow, max-snippet:-1, max-image-preview:large, max-video-preview:-1\" \/>\n<link rel=\"canonical\" href=\"https:\/\/molgasenergy.com\/es\/privacidad\/\" \/>\n<meta property=\"og:locale\" content=\"es_ES\" \/>\n<meta property=\"og:type\" content=\"article\" \/>\n<meta property=\"og:title\" content=\"Privacidad - Molgas\" \/>\n<meta property=\"og:description\" content=\"Privacidad PRIVACIDAD Y PROTECCI\u00d3N DE DATOS En MOLGAS ENERGY, S.A.U. (en adelante, \u00abMolgas\u00bb), estamos firmemente comprometidos con garantizar el derecho [&hellip;]\" \/>\n<meta property=\"og:url\" content=\"https:\/\/molgasenergy.com\/es\/privacidad\/\" \/>\n<meta property=\"og:site_name\" content=\"Molgas\" \/>\n<meta property=\"article:modified_time\" content=\"2025-07-15T08:00:04+00:00\" \/>\n<meta name=\"twitter:card\" content=\"summary_large_image\" \/>\n<meta name=\"twitter:label1\" content=\"Tiempo de lectura\" \/>\n\t<meta name=\"twitter:data1\" content=\"5 minutos\" \/>\n<script type=\"application\/ld+json\" class=\"yoast-schema-graph\">{\"@context\":\"https:\\\/\\\/schema.org\",\"@graph\":[{\"@type\":\"WebPage\",\"@id\":\"https:\\\/\\\/molgasenergy.com\\\/es\\\/privacidad\\\/\",\"url\":\"https:\\\/\\\/molgasenergy.com\\\/es\\\/privacidad\\\/\",\"name\":\"Privacidad - Molgas\",\"isPartOf\":{\"@id\":\"https:\\\/\\\/molgasenergy.com\\\/es\\\/#website\"},\"datePublished\":\"2024-11-19T23:45:15+00:00\",\"dateModified\":\"2025-07-15T08:00:04+00:00\",\"breadcrumb\":{\"@id\":\"https:\\\/\\\/molgasenergy.com\\\/es\\\/privacidad\\\/#breadcrumb\"},\"inLanguage\":\"es\",\"potentialAction\":[{\"@type\":\"ReadAction\",\"target\":[\"https:\\\/\\\/molgasenergy.com\\\/es\\\/privacidad\\\/\"]}]},{\"@type\":\"BreadcrumbList\",\"@id\":\"https:\\\/\\\/molgasenergy.com\\\/es\\\/privacidad\\\/#breadcrumb\",\"itemListElement\":[{\"@type\":\"ListItem\",\"position\":1,\"name\":\"Home\",\"item\":\"https:\\\/\\\/molgasenergy.com\\\/es\\\/\"},{\"@type\":\"ListItem\",\"position\":2,\"name\":\"Privacidad\"}]},{\"@type\":\"WebSite\",\"@id\":\"https:\\\/\\\/molgasenergy.com\\\/es\\\/#website\",\"url\":\"https:\\\/\\\/molgasenergy.com\\\/es\\\/\",\"name\":\"Molgas\",\"description\":\"Molgas\",\"publisher\":{\"@id\":\"https:\\\/\\\/molgasenergy.com\\\/es\\\/#organization\"},\"potentialAction\":[{\"@type\":\"SearchAction\",\"target\":{\"@type\":\"EntryPoint\",\"urlTemplate\":\"https:\\\/\\\/molgasenergy.com\\\/es\\\/?s={search_term_string}\"},\"query-input\":{\"@type\":\"PropertyValueSpecification\",\"valueRequired\":true,\"valueName\":\"search_term_string\"}}],\"inLanguage\":\"es\"},{\"@type\":\"Organization\",\"@id\":\"https:\\\/\\\/molgasenergy.com\\\/es\\\/#organization\",\"name\":\"Molgas\",\"url\":\"https:\\\/\\\/molgasenergy.com\\\/es\\\/\",\"logo\":{\"@type\":\"ImageObject\",\"inLanguage\":\"es\",\"@id\":\"https:\\\/\\\/molgasenergy.com\\\/es\\\/#\\\/schema\\\/logo\\\/image\\\/\",\"url\":\"https:\\\/\\\/molgasenergy.com\\\/wp-content\\\/uploads\\\/2025\\\/09\\\/LOGO-MOLGAS-PRIMARY.webp\",\"contentUrl\":\"https:\\\/\\\/molgasenergy.com\\\/wp-content\\\/uploads\\\/2025\\\/09\\\/LOGO-MOLGAS-PRIMARY.webp\",\"width\":1490,\"height\":627,\"caption\":\"Molgas\"},\"image\":{\"@id\":\"https:\\\/\\\/molgasenergy.com\\\/es\\\/#\\\/schema\\\/logo\\\/image\\\/\"}}]}<\/script>\n<!-- \/ Yoast SEO plugin. -->","yoast_head_json":{"title":"Privacidad - Molgas","robots":{"index":"index","follow":"follow","max-snippet":"max-snippet:-1","max-image-preview":"max-image-preview:large","max-video-preview":"max-video-preview:-1"},"canonical":"https:\/\/molgasenergy.com\/es\/privacidad\/","og_locale":"es_ES","og_type":"article","og_title":"Privacidad - Molgas","og_description":"Privacidad PRIVACIDAD Y PROTECCI\u00d3N DE DATOS En MOLGAS ENERGY, S.A.U. (en adelante, \u00abMolgas\u00bb), estamos firmemente comprometidos con garantizar el derecho [&hellip;]","og_url":"https:\/\/molgasenergy.com\/es\/privacidad\/","og_site_name":"Molgas","article_modified_time":"2025-07-15T08:00:04+00:00","twitter_card":"summary_large_image","twitter_misc":{"Tiempo de lectura":"5 minutos"},"schema":{"@context":"https:\/\/schema.org","@graph":[{"@type":"WebPage","@id":"https:\/\/molgasenergy.com\/es\/privacidad\/","url":"https:\/\/molgasenergy.com\/es\/privacidad\/","name":"Privacidad - Molgas","isPartOf":{"@id":"https:\/\/molgasenergy.com\/es\/#website"},"datePublished":"2024-11-19T23:45:15+00:00","dateModified":"2025-07-15T08:00:04+00:00","breadcrumb":{"@id":"https:\/\/molgasenergy.com\/es\/privacidad\/#breadcrumb"},"inLanguage":"es","potentialAction":[{"@type":"ReadAction","target":["https:\/\/molgasenergy.com\/es\/privacidad\/"]}]},{"@type":"BreadcrumbList","@id":"https:\/\/molgasenergy.com\/es\/privacidad\/#breadcrumb","itemListElement":[{"@type":"ListItem","position":1,"name":"Home","item":"https:\/\/molgasenergy.com\/es\/"},{"@type":"ListItem","position":2,"name":"Privacidad"}]},{"@type":"WebSite","@id":"https:\/\/molgasenergy.com\/es\/#website","url":"https:\/\/molgasenergy.com\/es\/","name":"Molgas","description":"Molgas","publisher":{"@id":"https:\/\/molgasenergy.com\/es\/#organization"},"potentialAction":[{"@type":"SearchAction","target":{"@type":"EntryPoint","urlTemplate":"https:\/\/molgasenergy.com\/es\/?s={search_term_string}"},"query-input":{"@type":"PropertyValueSpecification","valueRequired":true,"valueName":"search_term_string"}}],"inLanguage":"es"},{"@type":"Organization","@id":"https:\/\/molgasenergy.com\/es\/#organization","name":"Molgas","url":"https:\/\/molgasenergy.com\/es\/","logo":{"@type":"ImageObject","inLanguage":"es","@id":"https:\/\/molgasenergy.com\/es\/#\/schema\/logo\/image\/","url":"https:\/\/molgasenergy.com\/wp-content\/uploads\/2025\/09\/LOGO-MOLGAS-PRIMARY.webp","contentUrl":"https:\/\/molgasenergy.com\/wp-content\/uploads\/2025\/09\/LOGO-MOLGAS-PRIMARY.webp","width":1490,"height":627,"caption":"Molgas"},"image":{"@id":"https:\/\/molgasenergy.com\/es\/#\/schema\/logo\/image\/"}}]}},"_links":{"self":[{"href":"https:\/\/molgasenergy.com\/es\/wp-json\/wp\/v2\/pages\/10057","targetHints":{"allow":["GET"]}}],"collection":[{"href":"https:\/\/molgasenergy.com\/es\/wp-json\/wp\/v2\/pages"}],"about":[{"href":"https:\/\/molgasenergy.com\/es\/wp-json\/wp\/v2\/types\/page"}],"author":[{"embeddable":true,"href":"https:\/\/molgasenergy.com\/es\/wp-json\/wp\/v2\/users\/1"}],"replies":[{"embeddable":true,"href":"https:\/\/molgasenergy.com\/es\/wp-json\/wp\/v2\/comments?post=10057"}],"version-history":[{"count":19,"href":"https:\/\/molgasenergy.com\/es\/wp-json\/wp\/v2\/pages\/10057\/revisions"}],"predecessor-version":[{"id":16201,"href":"https:\/\/molgasenergy.com\/es\/wp-json\/wp\/v2\/pages\/10057\/revisions\/16201"}],"wp:attachment":[{"href":"https:\/\/molgasenergy.com\/es\/wp-json\/wp\/v2\/media?parent=10057"}],"curies":[{"name":"wp","href":"https:\/\/api.w.org\/{rel}","templated":true}]}}