{"id":10034,"date":"2024-11-20T00:45:30","date_gmt":"2024-11-19T23:45:30","guid":{"rendered":"https:\/\/molgasenergy.com\/privacidad-y-proteccion-de-datos\/"},"modified":"2025-04-01T04:59:24","modified_gmt":"2025-04-01T02:59:24","slug":"privacidad-y-proteccion-de-datos","status":"publish","type":"page","link":"https:\/\/molgasenergy.com\/es\/privacidad-y-proteccion-de-datos\/","title":{"rendered":"Privacidad y protecci\u00f3n de datos"},"content":{"rendered":"\t\t<div data-elementor-type=\"wp-page\" data-elementor-id=\"10034\" class=\"elementor elementor-10034 elementor-3358\" data-elementor-post-type=\"page\">\n\t\t\t\t<div class=\"elementor-element elementor-element-4c75f2b e-flex e-con-boxed e-con e-parent\" data-id=\"4c75f2b\" data-element_type=\"container\" data-e-type=\"container\">\n\t\t\t\t\t<div class=\"e-con-inner\">\n\t\t\t\t<div class=\"elementor-element elementor-element-ee8e1ed elementor-widget elementor-widget-heading\" data-id=\"ee8e1ed\" data-element_type=\"widget\" data-e-type=\"widget\" data-widget_type=\"heading.default\">\n\t\t\t\t<div class=\"elementor-widget-container\">\n\t\t\t\t\t<h2 class=\"elementor-heading-title elementor-size-default\">Privacidad y protecci\u00f3n de datos<\/h2>\t\t\t\t<\/div>\n\t\t\t\t<\/div>\n\t\t\t\t<div class=\"elementor-element elementor-element-c448339 elementor-widget elementor-widget-text-editor\" data-id=\"c448339\" data-element_type=\"widget\" data-e-type=\"widget\" data-widget_type=\"text-editor.default\">\n\t\t\t\t<div class=\"elementor-widget-container\">\n\t\t\t\t\t\t\t\t\t<p>MOLGAS ENERGY, S.A.U. (en adelante, \u00abMOLGAS\u00bb), titular de este Sitio Web, en cumplimiento del art\u00edculo 22 de la Ley de Servicios de la Sociedad de la Informaci\u00f3n, le informa de que este Sitio Web utiliza cookies. Mediante la aceptaci\u00f3n de la pol\u00edtica de cookies a trav\u00e9s del correspondiente aviso, el usuario consiente expresamente el uso de las cookies seleccionadas en los t\u00e9rminos de la presente Pol\u00edtica.<\/p><p><strong>1.- \u00bfQU\u00c9 SON LAS COOKIES?<\/strong><\/p><p>Una cookie es un fichero que se descarga en su Smartphone\/Ordenador\/Tablet cuando accede a determinadas p\u00e1ginas del Sitio Web. Entre otras cosas, las cookies nos permiten almacenar y recuperar informaci\u00f3n sobre sus h\u00e1bitos de navegaci\u00f3n o su dispositivo y, dependiendo de la informaci\u00f3n que contengan y de c\u00f3mo utilice su dispositivo, pueden utilizarse para reconocerle.<\/p><p>Las cookies no contienen ninguna clase de informaci\u00f3n personal espec\u00edfica, y la mayor\u00eda de las mismas se borran del disco duro al finalizar la sesi\u00f3n de navegador (las denominadas cookies de sesi\u00f3n).<\/p><p><strong>2.- \u00bfQU\u00c9 TIPOS DE COOKIES EXISTEN Y CU\u00c1L ES SU FINALIDAD?<\/strong><\/p><p>Seg\u00fan el emisor de la cookie:<\/p><ul><li>Cookies propias: generadas por el propio Sitio Web, es decir, enviadas al terminal del usuario desde un equipo o dominio gestionado por el propio editor y desde el que se presta el servicio solicitado por el usuario.<\/li><li>Cookies de terceros: se env\u00edan al equipo terminal del usuario desde un equipo o dominio que no es gestionado por el editor, sino por otra entidad que trata los datos obtenidos trav\u00e9s de las cookies.<\/li><\/ul><p>En funci\u00f3n de la duraci\u00f3n:<\/p><ul><li>Cookies de sesi\u00f3n: dise\u00f1adas para recoger y almacenar datos al acceder al Sitio Web. Solo se conservan mientras dura la sesi\u00f3n y desaparecen cuando esta finaliza.<\/li><li>Cookies permanentes: los datos permanecen almacenados en el terminal y pueden ser accedidos y tratados durante un periodo definido por el responsable de la cookie, y que puede ir de unos minutos a varios a\u00f1os.<\/li><\/ul><p>En funci\u00f3n de la finalidad:<\/p><ul><li>Cookies t\u00e9cnicas: permiten la navegaci\u00f3n y el uso de las funcionalidades del Sitio Web, garantizando su correcto funcionamiento.<\/li><li>Cookies de funcionalidad: mejoran el rendimiento y la funcionalidad del Sitio Web, aunque no son esenciales para su uso.<\/li><li>Cookies anal\u00edticas: permiten realizar el seguimiento y an\u00e1lisis del comportamiento de los usuarios para mejorar la experiencia de navegaci\u00f3n.<\/li><li>Cookies de personalizaci\u00f3n: almacenan informaci\u00f3n para proporcionar una experiencia personalizada basada en preferencias como el idioma y la apariencia del sitio.<\/li><li>Cookies de publicidad comportamental: recogen informaci\u00f3n sobre los h\u00e1bitos de navegaci\u00f3n para mostrar anuncios personalizados.<\/li><\/ul><p><strong>3.- COOKIES UTILIZADAS POR ESTE SITIO WEB<\/strong><br \/><br \/><img fetchpriority=\"high\" decoding=\"async\" class=\"wp-image-8103 size-full aligncenter\" src=\"\/wp-content\/uploads\/2025\/04\/Screenshot-2025-03-31-at-21-57-38-Privacidad-y-proteccion-de-datos-Molgas.png\" alt=\"\" width=\"1243\" height=\"659\" \/><\/p><p>Esta tabla se actualizar\u00e1 peri\u00f3dicamente para reflejar cualquier cambio en las cookies utilizadas por el sitio web.<\/p><p><strong>4.- C\u00d3MO ACEPTAR, DENEGAR O REVOCAR EL CONSENTIMIENTO PARA EL USO DE COOKIES<\/strong><\/p><p>Los usuarios pueden configurar su navegador para rechazar, bloquear o eliminar las cookies. Adem\u00e1s, el consentimiento puede revocarse en cualquier momento a trav\u00e9s del panel de gesti\u00f3n de cookies.<\/p><p>A continuaci\u00f3n encontrar\u00e1 instrucciones para desactivar o bloquear las cookies en los principales navegadores:<\/p><ul><li>Microsoft Edge: Configuraci\u00f3n &gt; Cookies y permisos del sitio &gt; Administrar cookies.<\/li><li>Mozilla Firefox: Herramientas &gt; Opciones &gt; Privacidad &gt; Configuraci\u00f3n personalizada del historial.<\/li><li>Google Chrome: Men\u00fa &gt; Configuraci\u00f3n &gt; Mostrar opciones avanzadas &gt; Privacidad &gt; Configuraci\u00f3n de contenido &gt; Cookies.<\/li><li>Safari: Ajustes &gt; Preferencias &gt; Privacidad &gt; Bloqueador de cookies.<\/li><\/ul><p>Tenga en cuenta que algunas funciones del sitio web pueden no estar disponibles si se desactivan las cookies.<\/p><p><strong>5.- ACEPTACI\u00d3N DE COOKIES<\/strong><\/p><p>Este Sitio Web no instala cookies en sus dispositivos hasta que el usuario acepta su instalaci\u00f3n. Si el usuario rechaza las cookies, algunas funciones del Sitio Web pueden verse perjudicadas.<\/p><p><strong>6.- CONTACTOS<\/strong><\/p><p>Si tiene alguna pregunta o sugerencia sobre la Pol\u00edtica de Cookies, p\u00f3ngase en contacto con nosotros por correo electr\u00f3nico: .rgpd.mlg@molgas.es<\/p>\t\t\t\t\t\t\t\t<\/div>\n\t\t\t\t<\/div>\n\t\t\t\t\t<\/div>\n\t\t\t\t<\/div>\n\t\t\t\t<\/div>\n\t\t","protected":false},"excerpt":{"rendered":"<p>Privacidad y protecci\u00f3n de datos MOLGAS ENERGY, S.A.U. (en adelante, \u00abMOLGAS\u00bb), titular de este Sitio Web, en cumplimiento del art\u00edculo [&hellip;]<\/p>\n","protected":false},"author":1,"featured_media":0,"parent":0,"menu_order":0,"comment_status":"closed","ping_status":"closed","template":"","meta":{"_acf_changed":false,"site-sidebar-layout":"no-sidebar","site-content-layout":"","ast-site-content-layout":"full-width-container","site-content-style":"default","site-sidebar-style":"default","ast-global-header-display":"","ast-banner-title-visibility":"","ast-main-header-display":"","ast-hfb-above-header-display":"","ast-hfb-below-header-display":"","ast-hfb-mobile-header-display":"","site-post-title":"disabled","ast-breadcrumbs-content":"","ast-featured-img":"disabled","footer-sml-layout":"","ast-disable-related-posts":"","theme-transparent-header-meta":"","adv-header-id-meta":"","stick-header-meta":"","header-above-stick-meta":"","header-main-stick-meta":"","header-below-stick-meta":"","astra-migrate-meta-layouts":"default","ast-page-background-enabled":"default","ast-page-background-meta":{"desktop":{"background-color":"var(--ast-global-color-4)","background-image":"","background-repeat":"repeat","background-position":"center center","background-size":"auto","background-attachment":"scroll","background-type":"","background-media":"","overlay-type":"","overlay-color":"","overlay-opacity":"","overlay-gradient":""},"tablet":{"background-color":"","background-image":"","background-repeat":"repeat","background-position":"center center","background-size":"auto","background-attachment":"scroll","background-type":"","background-media":"","overlay-type":"","overlay-color":"","overlay-opacity":"","overlay-gradient":""},"mobile":{"background-color":"","background-image":"","background-repeat":"repeat","background-position":"center center","background-size":"auto","background-attachment":"scroll","background-type":"","background-media":"","overlay-type":"","overlay-color":"","overlay-opacity":"","overlay-gradient":""}},"ast-content-background-meta":{"desktop":{"background-color":"var(--ast-global-color-5)","background-image":"","background-repeat":"repeat","background-position":"center center","background-size":"auto","background-attachment":"scroll","background-type":"","background-media":"","overlay-type":"","overlay-color":"","overlay-opacity":"","overlay-gradient":""},"tablet":{"background-color":"var(--ast-global-color-5)","background-image":"","background-repeat":"repeat","background-position":"center center","background-size":"auto","background-attachment":"scroll","background-type":"","background-media":"","overlay-type":"","overlay-color":"","overlay-opacity":"","overlay-gradient":""},"mobile":{"background-color":"var(--ast-global-color-5)","background-image":"","background-repeat":"repeat","background-position":"center center","background-size":"auto","background-attachment":"scroll","background-type":"","background-media":"","overlay-type":"","overlay-color":"","overlay-opacity":"","overlay-gradient":""}},"footnotes":""},"class_list":["post-10034","page","type-page","status-publish","hentry"],"acf":[],"yoast_head":"<!-- This site is optimized with the Yoast SEO plugin v27.5 - https:\/\/yoast.com\/product\/yoast-seo-wordpress\/ -->\n<title>Privacidad y protecci\u00f3n de datos - Molgas<\/title>\n<meta name=\"robots\" content=\"index, follow, max-snippet:-1, max-image-preview:large, max-video-preview:-1\" \/>\n<link rel=\"canonical\" href=\"https:\/\/molgasenergy.com\/es\/privacidad-y-proteccion-de-datos\/\" \/>\n<meta property=\"og:locale\" content=\"es_ES\" \/>\n<meta property=\"og:type\" content=\"article\" \/>\n<meta property=\"og:title\" content=\"Privacidad y protecci\u00f3n de datos - Molgas\" \/>\n<meta property=\"og:description\" content=\"Privacidad y protecci\u00f3n de datos MOLGAS ENERGY, S.A.U. (en adelante, \u00abMOLGAS\u00bb), titular de este Sitio Web, en cumplimiento del art\u00edculo [&hellip;]\" \/>\n<meta property=\"og:url\" content=\"https:\/\/molgasenergy.com\/es\/privacidad-y-proteccion-de-datos\/\" \/>\n<meta property=\"og:site_name\" content=\"Molgas\" \/>\n<meta property=\"article:modified_time\" content=\"2025-04-01T02:59:24+00:00\" \/>\n<meta name=\"twitter:card\" content=\"summary_large_image\" \/>\n<meta name=\"twitter:label1\" content=\"Tiempo de lectura\" \/>\n\t<meta name=\"twitter:data1\" content=\"3 minutos\" \/>\n<script type=\"application\/ld+json\" class=\"yoast-schema-graph\">{\"@context\":\"https:\\\/\\\/schema.org\",\"@graph\":[{\"@type\":\"WebPage\",\"@id\":\"https:\\\/\\\/molgasenergy.com\\\/es\\\/privacidad-y-proteccion-de-datos\\\/\",\"url\":\"https:\\\/\\\/molgasenergy.com\\\/es\\\/privacidad-y-proteccion-de-datos\\\/\",\"name\":\"Privacidad y protecci\u00f3n de datos - Molgas\",\"isPartOf\":{\"@id\":\"https:\\\/\\\/molgasenergy.com\\\/es\\\/#website\"},\"datePublished\":\"2024-11-19T23:45:30+00:00\",\"dateModified\":\"2025-04-01T02:59:24+00:00\",\"breadcrumb\":{\"@id\":\"https:\\\/\\\/molgasenergy.com\\\/es\\\/privacidad-y-proteccion-de-datos\\\/#breadcrumb\"},\"inLanguage\":\"es\",\"potentialAction\":[{\"@type\":\"ReadAction\",\"target\":[\"https:\\\/\\\/molgasenergy.com\\\/es\\\/privacidad-y-proteccion-de-datos\\\/\"]}]},{\"@type\":\"BreadcrumbList\",\"@id\":\"https:\\\/\\\/molgasenergy.com\\\/es\\\/privacidad-y-proteccion-de-datos\\\/#breadcrumb\",\"itemListElement\":[{\"@type\":\"ListItem\",\"position\":1,\"name\":\"Home\",\"item\":\"https:\\\/\\\/molgasenergy.com\\\/es\\\/\"},{\"@type\":\"ListItem\",\"position\":2,\"name\":\"Privacidad y protecci\u00f3n de datos\"}]},{\"@type\":\"WebSite\",\"@id\":\"https:\\\/\\\/molgasenergy.com\\\/es\\\/#website\",\"url\":\"https:\\\/\\\/molgasenergy.com\\\/es\\\/\",\"name\":\"Molgas\",\"description\":\"Molgas\",\"publisher\":{\"@id\":\"https:\\\/\\\/molgasenergy.com\\\/es\\\/#organization\"},\"potentialAction\":[{\"@type\":\"SearchAction\",\"target\":{\"@type\":\"EntryPoint\",\"urlTemplate\":\"https:\\\/\\\/molgasenergy.com\\\/es\\\/?s={search_term_string}\"},\"query-input\":{\"@type\":\"PropertyValueSpecification\",\"valueRequired\":true,\"valueName\":\"search_term_string\"}}],\"inLanguage\":\"es\"},{\"@type\":\"Organization\",\"@id\":\"https:\\\/\\\/molgasenergy.com\\\/es\\\/#organization\",\"name\":\"Molgas\",\"url\":\"https:\\\/\\\/molgasenergy.com\\\/es\\\/\",\"logo\":{\"@type\":\"ImageObject\",\"inLanguage\":\"es\",\"@id\":\"https:\\\/\\\/molgasenergy.com\\\/es\\\/#\\\/schema\\\/logo\\\/image\\\/\",\"url\":\"https:\\\/\\\/molgasenergy.com\\\/wp-content\\\/uploads\\\/2025\\\/09\\\/LOGO-MOLGAS-PRIMARY.webp\",\"contentUrl\":\"https:\\\/\\\/molgasenergy.com\\\/wp-content\\\/uploads\\\/2025\\\/09\\\/LOGO-MOLGAS-PRIMARY.webp\",\"width\":1490,\"height\":627,\"caption\":\"Molgas\"},\"image\":{\"@id\":\"https:\\\/\\\/molgasenergy.com\\\/es\\\/#\\\/schema\\\/logo\\\/image\\\/\"}}]}<\/script>\n<!-- \/ Yoast SEO plugin. -->","yoast_head_json":{"title":"Privacidad y protecci\u00f3n de datos - Molgas","robots":{"index":"index","follow":"follow","max-snippet":"max-snippet:-1","max-image-preview":"max-image-preview:large","max-video-preview":"max-video-preview:-1"},"canonical":"https:\/\/molgasenergy.com\/es\/privacidad-y-proteccion-de-datos\/","og_locale":"es_ES","og_type":"article","og_title":"Privacidad y protecci\u00f3n de datos - Molgas","og_description":"Privacidad y protecci\u00f3n de datos MOLGAS ENERGY, S.A.U. (en adelante, \u00abMOLGAS\u00bb), titular de este Sitio Web, en cumplimiento del art\u00edculo [&hellip;]","og_url":"https:\/\/molgasenergy.com\/es\/privacidad-y-proteccion-de-datos\/","og_site_name":"Molgas","article_modified_time":"2025-04-01T02:59:24+00:00","twitter_card":"summary_large_image","twitter_misc":{"Tiempo de lectura":"3 minutos"},"schema":{"@context":"https:\/\/schema.org","@graph":[{"@type":"WebPage","@id":"https:\/\/molgasenergy.com\/es\/privacidad-y-proteccion-de-datos\/","url":"https:\/\/molgasenergy.com\/es\/privacidad-y-proteccion-de-datos\/","name":"Privacidad y protecci\u00f3n de datos - Molgas","isPartOf":{"@id":"https:\/\/molgasenergy.com\/es\/#website"},"datePublished":"2024-11-19T23:45:30+00:00","dateModified":"2025-04-01T02:59:24+00:00","breadcrumb":{"@id":"https:\/\/molgasenergy.com\/es\/privacidad-y-proteccion-de-datos\/#breadcrumb"},"inLanguage":"es","potentialAction":[{"@type":"ReadAction","target":["https:\/\/molgasenergy.com\/es\/privacidad-y-proteccion-de-datos\/"]}]},{"@type":"BreadcrumbList","@id":"https:\/\/molgasenergy.com\/es\/privacidad-y-proteccion-de-datos\/#breadcrumb","itemListElement":[{"@type":"ListItem","position":1,"name":"Home","item":"https:\/\/molgasenergy.com\/es\/"},{"@type":"ListItem","position":2,"name":"Privacidad y protecci\u00f3n de datos"}]},{"@type":"WebSite","@id":"https:\/\/molgasenergy.com\/es\/#website","url":"https:\/\/molgasenergy.com\/es\/","name":"Molgas","description":"Molgas","publisher":{"@id":"https:\/\/molgasenergy.com\/es\/#organization"},"potentialAction":[{"@type":"SearchAction","target":{"@type":"EntryPoint","urlTemplate":"https:\/\/molgasenergy.com\/es\/?s={search_term_string}"},"query-input":{"@type":"PropertyValueSpecification","valueRequired":true,"valueName":"search_term_string"}}],"inLanguage":"es"},{"@type":"Organization","@id":"https:\/\/molgasenergy.com\/es\/#organization","name":"Molgas","url":"https:\/\/molgasenergy.com\/es\/","logo":{"@type":"ImageObject","inLanguage":"es","@id":"https:\/\/molgasenergy.com\/es\/#\/schema\/logo\/image\/","url":"https:\/\/molgasenergy.com\/wp-content\/uploads\/2025\/09\/LOGO-MOLGAS-PRIMARY.webp","contentUrl":"https:\/\/molgasenergy.com\/wp-content\/uploads\/2025\/09\/LOGO-MOLGAS-PRIMARY.webp","width":1490,"height":627,"caption":"Molgas"},"image":{"@id":"https:\/\/molgasenergy.com\/es\/#\/schema\/logo\/image\/"}}]}},"_links":{"self":[{"href":"https:\/\/molgasenergy.com\/es\/wp-json\/wp\/v2\/pages\/10034","targetHints":{"allow":["GET"]}}],"collection":[{"href":"https:\/\/molgasenergy.com\/es\/wp-json\/wp\/v2\/pages"}],"about":[{"href":"https:\/\/molgasenergy.com\/es\/wp-json\/wp\/v2\/types\/page"}],"author":[{"embeddable":true,"href":"https:\/\/molgasenergy.com\/es\/wp-json\/wp\/v2\/users\/1"}],"replies":[{"embeddable":true,"href":"https:\/\/molgasenergy.com\/es\/wp-json\/wp\/v2\/comments?post=10034"}],"version-history":[{"count":19,"href":"https:\/\/molgasenergy.com\/es\/wp-json\/wp\/v2\/pages\/10034\/revisions"}],"predecessor-version":[{"id":10056,"href":"https:\/\/molgasenergy.com\/es\/wp-json\/wp\/v2\/pages\/10034\/revisions\/10056"}],"wp:attachment":[{"href":"https:\/\/molgasenergy.com\/es\/wp-json\/wp\/v2\/media?parent=10034"}],"curies":[{"name":"wp","href":"https:\/\/api.w.org\/{rel}","templated":true}]}}